{"id":5013,"date":"2025-04-02T08:38:04","date_gmt":"2025-04-02T08:38:04","guid":{"rendered":"https:\/\/auspacekitchenware.com\/?post_type=product&#038;p=5013"},"modified":"2025-04-02T08:38:04","modified_gmt":"2025-04-02T08:38:04","slug":"pull-out-home-storage","status":"publish","type":"product","link":"http:\/\/www.auspacekitchenware.com\/ar\/pull-out-home-storage\/","title":{"rendered":"\u062a\u062e\u0632\u064a\u0646 \u0645\u0646\u0632\u0644\u064a \u0642\u0627\u0628\u0644 \u0644\u0644\u0633\u062d\u0628 \u0644\u0644\u062e\u0627\u0631\u062c \u0644\u0644\u062d\u0645\u0627\u0645 \u0627\u0644\u0645\u0637\u0628\u062e \u0633\u0637\u062d \u0627\u0644\u0645\u0643\u062a\u0628 \u0627\u0644\u0645\u0637\u0628\u062e"},"content":{"rendered":"<p><strong><span class=\"a-list-item\">Premium Iron Material<\/span><\/strong><\/p>\n<p><span class=\"a-list-item\">The Pull Out Home Storage is made of premium metal and has a stable structure that can withstand more weight. Sturdy and wear-resistant with scratch-resistant coating. You can safely store large bottles of toiletries and kitchen supplies.<\/span><\/p>\n<p><strong><span class=\"a-list-item\">\u0633\u0639\u0629 \u0643\u0628\u064a\u0631\u0629<\/span><\/strong><\/p>\n<p><span class=\"a-list-item\">14.6\u00d710.2\u00d715.2 inches (L\u00d7W\u00d7H). Drawer Height: 5.3 in. This larger space can store more daily necessities. The pull-out home organizers can store your hair care and skincare products, toiletries, laundry products; spice jars, cans, sauces in the kitchen.<\/span><\/p>\n<p><strong><span class=\"a-list-item\">2-Tier Removable Drawers<\/span><\/strong><\/p>\n<p><span class=\"a-list-item\">You can place your necessities in 2 layers, and the iron mesh visual structure makes it easy for you to see where you want items at a glance. Reasonable use of your vertical space can keep your countertop or under the sink organized.<\/span><\/p>\n<p><strong><span class=\"a-list-item\">Easy To Assemble<\/span><\/strong><\/p>\n<p><span class=\"a-list-item\">You can use the complete set of installation tools and instructions in the package to easily install it. If you have any questions, we provide 24-hour good technical support services.<\/span><\/p>\n<p><img fetchpriority=\"high\" decoding=\"async\" class=\"alignnone size-full wp-image-5015\" src=\"https:\/\/www.auspacekitchenware.com\/wp-content\/uploads\/2025\/04\/08c37868-0892-40b3-aec4-14419fee89e2.__CR001464600_PT0_SX1464_V1___-2025040208371189.webp\" alt=\"\" width=\"1400\" height=\"400\" \/><\/p>","protected":false},"excerpt":{"rendered":"<table style=\"height: 304px\" width=\"672\">\n<tbody>\n<tr>\n<td>\u0627\u0644\u0637\u0631\u0627\u0632 (\u0631\u0642\u0645 \u0627\u0644\u0645\u0646\u062a\u062c):<\/td>\n<td>AM-1092<\/td>\n<\/tr>\n<tr>\n<td>\u062d\u062c\u0645 \u0627\u0644\u0645\u0646\u062a\u062c:<\/td>\n<td>14.6&#8243;D x 10.2&#8243;W x 15.2&#8243;H<\/td>\n<\/tr>\n<tr>\n<td>\u0645\u0627\u062f\u0629 \u0627\u0644\u0645\u0646\u062a\u062c:<\/td>\n<td>\u0645\u0639\u062f\u0646<\/td>\n<\/tr>\n<tr>\n<td>\u0644\u0648\u0646 \u0627\u0644\u0645\u0646\u062a\u062c:<\/td>\n<td>\u0645\u062e\u0635\u0635<\/td>\n<\/tr>\n<tr>\n<td>\u0645\u0639\u0644\u0648\u0645\u0627\u062a \u0627\u0644\u062a\u063a\u0644\u064a\u0641:<\/td>\n<td>24 \u0642\u0637\u0639\u0629 \u0641\u064a \u0643\u0644 \u0643\u0631\u062a\u0648\u0646\u0629<\/td>\n<\/tr>\n<tr>\n<td>\u0627\u0644\u062d\u062f \u0627\u0644\u0623\u062f\u0646\u0649 \u0644\u0643\u0645\u064a\u0629 \u0627\u0644\u0637\u0644\u0628:<\/td>\n<td>500 \u0648\u062d\u062f\u0629<\/td>\n<\/tr>\n<tr>\n<td>\u0627\u0644\u0623\u0635\u0644:<\/td>\n<td>\u0627\u0644\u0635\u064a\u0646<\/td>\n<\/tr>\n<tr>\n<td>\u0627\u0644\u0633\u0639\u0631:<\/td>\n<td>\u0627\u0644\u062a\u0641\u0627\u0648\u0636<\/td>\n<\/tr>\n<\/tbody>\n<\/table>","protected":false},"featured_media":5019,"comment_status":"open","ping_status":"closed","template":"","meta":{"_acf_changed":false},"product_brand":[],"product_cat":[19,86],"product_tag":[],"class_list":{"0":"post-5013","1":"product","2":"type-product","3":"status-publish","4":"has-post-thumbnail","6":"product_cat-kitchen-organization","7":"product_cat-kitchen-drawer-organizers","8":"pif-has-gallery","10":"first","11":"instock","12":"shipping-taxable","13":"product-type-simple"},"acf":[],"_links":{"self":[{"href":"http:\/\/www.auspacekitchenware.com\/ar\/wp-json\/wp\/v2\/product\/5013","targetHints":{"allow":["GET"]}}],"collection":[{"href":"http:\/\/www.auspacekitchenware.com\/ar\/wp-json\/wp\/v2\/product"}],"about":[{"href":"http:\/\/www.auspacekitchenware.com\/ar\/wp-json\/wp\/v2\/types\/product"}],"replies":[{"embeddable":true,"href":"http:\/\/www.auspacekitchenware.com\/ar\/wp-json\/wp\/v2\/comments?post=5013"}],"wp:featuredmedia":[{"embeddable":true,"href":"http:\/\/www.auspacekitchenware.com\/ar\/wp-json\/wp\/v2\/media\/5019"}],"wp:attachment":[{"href":"http:\/\/www.auspacekitchenware.com\/ar\/wp-json\/wp\/v2\/media?parent=5013"}],"wp:term":[{"taxonomy":"product_brand","embeddable":true,"href":"http:\/\/www.auspacekitchenware.com\/ar\/wp-json\/wp\/v2\/product_brand?post=5013"},{"taxonomy":"product_cat","embeddable":true,"href":"http:\/\/www.auspacekitchenware.com\/ar\/wp-json\/wp\/v2\/product_cat?post=5013"},{"taxonomy":"product_tag","embeddable":true,"href":"http:\/\/www.auspacekitchenware.com\/ar\/wp-json\/wp\/v2\/product_tag?post=5013"}],"curies":[{"name":"wp","href":"https:\/\/api.w.org\/{rel}","templated":true}]}}