{"id":5237,"date":"2025-04-14T03:12:46","date_gmt":"2025-04-14T03:12:46","guid":{"rendered":"https:\/\/auspacekitchenware.com\/?post_type=product&#038;p=5237"},"modified":"2025-12-22T06:09:51","modified_gmt":"2025-12-22T06:09:51","slug":"%d9%85%d9%86%d8%b8%d9%85-%d8%a3%d8%af%d8%b1%d8%a7%d8%ac-%d8%a7%d9%84%d9%85%d8%b7%d8%a8%d8%ae-%d8%a7%d9%84%d8%b4%d9%81%d8%a7%d9%81-%d8%a8%d8%a7%d9%84%d8%ac%d9%85%d9%84%d8%a9","status":"publish","type":"product","link":"http:\/\/www.auspacekitchenware.com\/ar\/clear-kitchen-drawer-organizer-wholesale\/","title":{"rendered":"\u0645\u0646\u0638\u0645 \u0623\u062f\u0631\u0627\u062c \u0627\u0644\u0645\u0637\u0628\u062e \u0627\u0644\u0634\u0641\u0627\u0641 \u0628\u0627\u0644\u062c\u0645\u0644\u0629"},"content":{"rendered":"<div id=\"featurebullets_feature_div\" class=\"celwidget\" data-feature-name=\"featurebullets\" data-csa-c-type=\"widget\" data-csa-c-content-id=\"featurebullets\" data-csa-c-slot-id=\"featurebullets_feature_div\" data-csa-c-asin=\"B0D2XTGXF1\" data-csa-c-is-in-initial-active-row=\"false\" data-csa-c-id=\"jtn4hd-epzsx1-5dschr-8zadx1\" data-cel-widget=\"featurebullets_feature_div\">\n<div id=\"feature-bullets\" class=\"a-section a-spacing-medium a-spacing-top-small\">\n<p><strong><span class=\"a-list-item\">\u062d\u062c\u0645 \u0623\u0643\u0628\u0631<\/span><\/strong><\/p>\n<p><span class=\"a-list-item\">\u0645\u0639 3 \u0623\u062d\u062c\u0627\u0645 \u0645\u062e\u062a\u0644\u0641\u0629\u060c \u0628\u0645\u0627 \u0641\u064a \u0630\u0644\u0643: 6 \u00d7 6 \u00d7 6 \u00d7 2 \u0628\u0648\u0635\u0629 (\u0639\u0628\u0648\u062a\u0627\u0646)\u060c 6 \u00d7 9 \u00d7 2 \u0628\u0648\u0635\u0629 (\u0639\u0628\u0648\u062a\u0627\u0646)\u060c 6 \u00d7 15 \u00d7 2 \u0628\u0648\u0635\u0629 (\u0639\u0628\u0648\u062a\u0627\u0646). \u0628\u0627\u0644\u0645\u0642\u0627\u0631\u0646\u0629 \u0645\u0639 \u0627\u0644\u0645\u0646\u062a\u062c\u0627\u062a \u0627\u0644\u0623\u062e\u0631\u0649\u060c \u064a\u0645\u0643\u0646 \u0644\u0645\u0646\u0638\u0645 \u0623\u062f\u0631\u0627\u062c \u0627\u0644\u0645\u0637\u0628\u062e \u0627\u0644\u0634\u0641\u0627\u0641 \u062a\u062e\u0632\u064a\u0646 \u0623\u062f\u0648\u0627\u062a \u0627\u0644\u0645\u0637\u0628\u062e \u0648\u0627\u0644\u0633\u0643\u0627\u0643\u064a\u0646 \u0648\u0627\u0644\u0623\u062f\u0648\u0627\u062a \u0630\u0627\u062a \u0627\u0644\u0623\u062d\u062c\u0627\u0645 \u0627\u0644\u0623\u0643\u0628\u0631 \u0648\u0627\u0644\u0623\u0643\u0628\u0631 \u062d\u062c\u0645\u064b\u0627\u060c \u0625\u0644\u062e.<\/span><\/p>\n<p><strong><span class=\"a-list-item\">\u0645\u0648\u0627\u062f \u0639\u0627\u0644\u064a\u0629 \u0627\u0644\u062c\u0648\u062f\u0629<\/span><\/strong><\/p>\n<p><span class=\"a-list-item\">\u0645\u0646\u0638\u0645 \u0623\u062f\u0631\u0627\u062c \u0627\u0644\u0645\u0637\u0628\u062e \u0627\u0644\u0634\u0641\u0627\u0641 \u0645\u0635\u0646\u0648\u0639 \u0645\u0646 \u0628\u0644\u0627\u0633\u062a\u064a\u0643 PET \u0639\u0627\u0644\u064a \u0627\u0644\u062c\u0648\u062f\u0629 \u0648\u0635\u062f\u064a\u0642 \u0644\u0644\u0628\u064a\u0626\u0629. \u0645\u062a\u064a\u0646\u0629 \u0644\u0644\u063a\u0627\u064a\u0629 \u0648\u062e\u0641\u064a\u0641\u0629 \u0627\u0644\u0648\u0632\u0646 \u0648\u063a\u064a\u0631 \u0642\u0627\u0628\u0644\u0629 \u0644\u0644\u0643\u0633\u0631 \u0648\u0642\u0627\u0628\u0644\u0629 \u0644\u0625\u0639\u0627\u062f\u0629 \u0627\u0644\u0627\u0633\u062a\u062e\u062f\u0627\u0645. \u0633\u062a\u0633\u0627\u0639\u062f\u0643 \u0635\u0648\u0627\u0646\u064a \u062a\u062e\u0632\u064a\u0646 \u0627\u0644\u0623\u062f\u0631\u0627\u062c \u0627\u0644\u0628\u0644\u0627\u0633\u062a\u064a\u0643\u064a\u0629 \u0627\u0644\u0645\u0643\u0648\u0646\u0629 \u0645\u0646 6 \u0642\u0637\u0639 \u0639\u0644\u0649 \u0625\u0646\u0634\u0627\u0621 \u0646\u0638\u0627\u0645 \u062a\u0646\u0638\u064a\u0645 \u0648\u062a\u062e\u0632\u064a\u0646 \u0645\u062e\u0635\u0635 \u064a\u0646\u0627\u0633\u0628\u0643.<\/span><\/p>\n<p><strong><span class=\"a-list-item\">\u062a\u0635\u0645\u064a\u0645 \u0642\u0627\u0628\u0644 \u0644\u0644\u062a\u0643\u062f\u064a\u0633 \u0648\u0645\u0627\u0646\u0639 \u0644\u0644\u0627\u0646\u0632\u0644\u0627\u0642<\/span><\/strong><\/p>\n<p><span class=\"a-list-item\">\u062a\u0623\u062a\u064a \u0645\u0639 25 \u0645\u0644\u0635\u0642\u064b\u0627 \u0645\u0646 \u0648\u0633\u0627\u062f\u0627\u062a \u0627\u0644\u0633\u064a\u0644\u064a\u0643\u0648\u0646 \u0627\u0644\u0645\u0627\u0646\u0639\u0629 \u0644\u0644\u0627\u0646\u0632\u0644\u0627\u0642\u060c \u0639\u0646\u062f\u0645\u0627 \u064a\u062a\u0645 \u0641\u062a\u062d \u0623\u0648 \u0625\u063a\u0644\u0627\u0642 \u0645\u0646\u0638\u0645 \u0623\u062f\u0631\u0627\u062c \u0627\u0644\u0645\u0637\u0628\u062e \u0627\u0644\u0634\u0641\u0627\u0641 \u0641\u062c\u0623\u0629\u060c \u0633\u062a\u062b\u0628\u062a \u0648\u0633\u0627\u062f\u0627\u062a \u0627\u0644\u0633\u064a\u0644\u064a\u0643\u0648\u0646 \u0647\u0630\u0647 \u0627\u0644\u0645\u0646\u0638\u0645 \u0641\u064a \u0645\u0643\u0627\u0646\u0647\u0627. \u0641\u064a \u062d\u0627\u0644\u0629 \u0639\u062f\u0645 \u0627\u0644\u0627\u0633\u062a\u062e\u062f\u0627\u0645\u060c \u064a\u0645\u0643\u0646 \u062a\u0643\u062f\u064a\u0633 \u0627\u0644\u0635\u0646\u0627\u062f\u064a\u0642 \u0641\u0648\u0642 \u0628\u0639\u0636\u0647\u0627 \u0627\u0644\u0628\u0639\u0636 \u0644\u0632\u064a\u0627\u062f\u0629 \u0645\u0633\u0627\u062d\u0629 \u0627\u0644\u062a\u062e\u0632\u064a\u0646.<\/span><\/p>\n<p><strong><span class=\"a-list-item\">\u0627\u062c\u0639\u0644 \u0643\u0644 \u0634\u064a\u0621 \u0645\u0646\u0638\u0645\u064b\u0627<\/span><\/strong><\/p>\n<p><span class=\"a-list-item\">\u0645\u062b\u0627\u0644\u064a\u0629 \u0644\u062a\u0646\u0638\u064a\u0645 \u0623\u062f\u0648\u0627\u062a \u0627\u0644\u0645\u0643\u064a\u0627\u062c \u0648\u0644\u0648\u0627\u0632\u0645 \u0627\u0644\u062d\u0645\u0627\u0645 \u0648\u0644\u0648\u0627\u0632\u0645 \u0627\u0644\u0645\u0643\u062a\u0628 \u0648\u0627\u0644\u062d\u0631\u0641 \u0627\u0644\u064a\u062f\u0648\u064a\u0629 \u0648\u0623\u062f\u0648\u0627\u062a \u0627\u0644\u0645\u0637\u0628\u062e \u0648\u0623\u062f\u0648\u0627\u062a \u0627\u0644\u0645\u0627\u0626\u062f\u0629 \u0648\u0627\u0644\u0623\u062f\u0648\u0627\u062a \u0648\u063a\u064a\u0631\u0647\u0627. \u064a\u0645\u0643\u0646\u0643 \u062a\u062e\u0635\u064a\u0635 \u0645\u062c\u0645\u0648\u0639\u0627\u062a \u0644\u062a\u062e\u0632\u064a\u0646 \u0627\u0644\u0623\u063a\u0631\u0627\u0636 \u0648\u062a\u0646\u0638\u064a\u0645 \u0627\u0644\u0623\u062f\u0631\u0627\u062c \u062d\u0633\u0628 \u0627\u062d\u062a\u064a\u0627\u062c\u0627\u062a\u0643 \u0627\u0644\u062e\u0627\u0635\u0629.<\/span><\/p>\n<p><strong><span class=\"a-list-item\">\u0646\u0638\u0627\u0645 \u0636\u0645\u0627\u0646 \u0643\u0648\u0631\u064a\u0633\u064a\u0627<\/span><\/strong><\/p>\n<p><span class=\"a-list-item\">\u062e\u0636\u0639 \u0643\u0644 \u0645\u0646\u0638\u0645 \u0623\u062f\u0631\u0627\u062c \u0627\u0644\u0645\u0637\u0628\u062e \u0627\u0644\u0634\u0641\u0627\u0641 \u0644\u0641\u062d\u0635 \u062c\u0648\u062f\u0629 \u0635\u0627\u0631\u0645 \u0644\u0644\u062a\u0623\u0643\u062f \u0645\u0646 \u062c\u0648\u062f\u062a\u0647 \u0627\u0644\u0641\u0627\u0626\u0642\u0629 \u0648\u0647\u0648 \u0639\u0646\u0635\u0631 \u0644\u0627 \u063a\u0646\u0649 \u0639\u0646\u0647 \u0644\u0645\u0646\u0632\u0644\u0643. \u0625\u0630\u0627 \u0644\u0645 \u062a\u0643\u0646 \u0631\u0627\u0636\u064a\u064b\u0627 \u0639\u0646 \u0627\u0644\u0645\u0646\u062a\u062c\u060c \u0641\u0625\u0646\u0646\u0627 \u0646\u0642\u062f\u0645 \u0636\u0645\u0627\u0646\u064b\u0627 \u0644\u0645\u062f\u0629 3 \u0633\u0646\u0648\u0627\u062a \u0639\u0644\u0649 \u0627\u0644\u0627\u0633\u062a\u0628\u062f\u0627\u0644 \u0623\u0648 \u0627\u0633\u062a\u0631\u062f\u0627\u062f \u0627\u0644\u0623\u0645\u0648\u0627\u0644.<\/span><\/p>\n<\/div>\n<\/div>\n<p><img fetchpriority=\"high\" decoding=\"async\" class=\"alignnone size-full wp-image-5204\" src=\"https:\/\/www.auspacekitchenware.com\/wp-content\/uploads\/2025\/04\/L1-2025041401292590.webp\" alt=\"\" width=\"1400\" height=\"400\" \/><\/p>","protected":false},"excerpt":{"rendered":"<table style=\"height: 304px\" width=\"672\">\n<tbody>\n<tr>\n<td>\u0627\u0644\u0637\u0631\u0627\u0632 (\u0631\u0642\u0645 \u0627\u0644\u0645\u0646\u062a\u062c):<\/td>\n<td>TT25KO06<\/td>\n<\/tr>\n<tr>\n<td>\u062d\u062c\u0645 \u0627\u0644\u0645\u0646\u062a\u062c:<\/td>\n<td>15\u2033\u062f 15 \u00d7 2\u2033 \u0639\u0631\u0636 \u00d7 6\u2033 \u0627\u0631\u062a\u0641\u0627\u0639<\/td>\n<\/tr>\n<tr>\n<td>\u0645\u0627\u062f\u0629 \u0627\u0644\u0645\u0646\u062a\u062c:<\/td>\n<td>\u0628\u0648\u0644\u064a \u0625\u064a\u062b\u064a\u0644\u064a\u0646 \u062a\u064a\u0631\u064a\u0641\u062b\u0627\u0644\u064a\u062a\u060c \u0633\u064a\u0644\u064a\u0643\u0648\u0646<\/td>\n<\/tr>\n<tr>\n<td>\u0644\u0648\u0646 \u0627\u0644\u0645\u0646\u062a\u062c:<\/td>\n<td>\u0645\u062e\u0635\u0635<\/td>\n<\/tr>\n<tr>\n<td>\u0645\u0639\u0644\u0648\u0645\u0627\u062a \u0627\u0644\u062a\u063a\u0644\u064a\u0641:<\/td>\n<td>24 \u0642\u0637\u0639\u0629 \u0641\u064a \u0643\u0644 \u0643\u0631\u062a\u0648\u0646\u0629<\/td>\n<\/tr>\n<tr>\n<td>\u0627\u0644\u062d\u062f \u0627\u0644\u0623\u062f\u0646\u0649 \u0644\u0643\u0645\u064a\u0629 \u0627\u0644\u0637\u0644\u0628:<\/td>\n<td>500 \u0648\u062d\u062f\u0629<\/td>\n<\/tr>\n<tr>\n<td>\u0627\u0644\u0623\u0635\u0644:<\/td>\n<td>\u0627\u0644\u0635\u064a\u0646<\/td>\n<\/tr>\n<tr>\n<td>\u0627\u0644\u0633\u0639\u0631:<\/td>\n<td>\u0627\u0644\u062a\u0641\u0627\u0648\u0636<\/td>\n<\/tr>\n<\/tbody>\n<\/table>","protected":false},"featured_media":5238,"comment_status":"open","ping_status":"closed","template":"","meta":{"_acf_changed":false},"product_brand":[],"product_cat":[86,19],"product_tag":[],"class_list":{"0":"post-5237","1":"product","2":"type-product","3":"status-publish","4":"has-post-thumbnail","6":"product_cat-kitchen-drawer-organizers","7":"product_cat-kitchen-organization","8":"pif-has-gallery","10":"first","11":"instock","12":"shipping-taxable","13":"product-type-simple"},"acf":[],"_links":{"self":[{"href":"http:\/\/www.auspacekitchenware.com\/ar\/wp-json\/wp\/v2\/product\/5237","targetHints":{"allow":["GET"]}}],"collection":[{"href":"http:\/\/www.auspacekitchenware.com\/ar\/wp-json\/wp\/v2\/product"}],"about":[{"href":"http:\/\/www.auspacekitchenware.com\/ar\/wp-json\/wp\/v2\/types\/product"}],"replies":[{"embeddable":true,"href":"http:\/\/www.auspacekitchenware.com\/ar\/wp-json\/wp\/v2\/comments?post=5237"}],"wp:featuredmedia":[{"embeddable":true,"href":"http:\/\/www.auspacekitchenware.com\/ar\/wp-json\/wp\/v2\/media\/5238"}],"wp:attachment":[{"href":"http:\/\/www.auspacekitchenware.com\/ar\/wp-json\/wp\/v2\/media?parent=5237"}],"wp:term":[{"taxonomy":"product_brand","embeddable":true,"href":"http:\/\/www.auspacekitchenware.com\/ar\/wp-json\/wp\/v2\/product_brand?post=5237"},{"taxonomy":"product_cat","embeddable":true,"href":"http:\/\/www.auspacekitchenware.com\/ar\/wp-json\/wp\/v2\/product_cat?post=5237"},{"taxonomy":"product_tag","embeddable":true,"href":"http:\/\/www.auspacekitchenware.com\/ar\/wp-json\/wp\/v2\/product_tag?post=5237"}],"curies":[{"name":"wp","href":"https:\/\/api.w.org\/{rel}","templated":true}]}}