{"id":10112,"date":"2025-08-27T08:44:01","date_gmt":"2025-08-27T08:44:01","guid":{"rendered":"https:\/\/auspacekitchenware.com\/?post_type=product&#038;p=10112"},"modified":"2025-08-27T08:47:46","modified_gmt":"2025-08-27T08:47:46","slug":"clip-on-collapsible-silicone-basketball-water-bottle-wholesale","status":"publish","type":"product","link":"http:\/\/www.auspacekitchenware.com\/es\/clip-on-collapsible-silicone-basketball-water-bottle-wholesale\/","title":{"rendered":"Clip-On Collapsible Silicone Basketball Water Bottle  Wholesale"},"content":{"rendered":"<p><strong><span class=\"a-list-item\">Botella plegable para ni\u00f1os: <\/span><\/strong><\/p>\n<p><span class=\"a-list-item\">\u00a1Nunca ha sido tan f\u00e1cil (ni tan divertido) mantenerse hidratado mientras se est\u00e1 en movimiento! Esta botella compacta tiene una capacidad de 400 ml y se pliega hasta alcanzar solo 8,3 cm. La botella de agua plegable de silicona es ideal para beber en el colegio o para hidratarse durante los entrenamientos de f\u00fatbol. Cuando est\u00e9 vac\u00eda, solo hay que desenroscar el tap\u00f3n, plegarla y volver a enroscarlo para que quede herm\u00e9tica. Creemos que a tu peque\u00f1o le encantar\u00e1 el color amarillo mimosa. Recomendada para mayores de 6 a\u00f1os.<\/span><\/p>\n<p><strong><span class=\"a-list-item\">A prueba de derrames:<\/span><\/strong><\/p>\n<p><span class=\"a-list-item\"> Los ni\u00f1os pueden llevar esta botella resistente en la canasta de su bicicleta o en la mochila con total tranquilidad. El tap\u00f3n f\u00e1cil de usar se enrosca para garantizar un cierre herm\u00e9tico, por lo que nunca tendr\u00e1s que preocuparte por derrames o fugas.<\/span><\/p>\n<p><strong><span class=\"a-list-item\">Apto para lavavajillas:<\/span><\/strong><\/p>\n<p><span class=\"a-list-item\"> S\u00ed, de nada. Para limpiar la botella, col\u00f3cala en la rejilla superior del lavavajillas o l\u00e1vala a mano. Las botellas de agua plegables de silicona est\u00e1n dise\u00f1adas para desmontarse y volver a montarse para una limpieza profunda. Las partes desmontables son la tapa, el cuello, la correa y la botella.<\/span><\/p>\n<p><strong><span class=\"a-list-item\">Sano y salvo:<\/span><\/strong><\/p>\n<p><span class=\"a-list-item\"> Fabricado con silicona platino de grado alimentario y pl\u00e1stico reciclable #5, lo que significa que no contiene BPA, BPS, ftalatos, plomo ni pegamentos.<\/span><\/p>","protected":false},"excerpt":{"rendered":"<table style=\"height: 304px\" width=\"672\">\n<tbody>\n<tr>\n<td>Modelo (n\u00famero de producto):<\/td>\n<td>AU-BT0200<\/td>\n<\/tr>\n<tr>\n<td>Tama\u00f1o del producto:<\/td>\n<td>8.5*18.5*10.5CM,550ML<\/td>\n<\/tr>\n<tr>\n<td>Material del producto:<\/td>\n<td>silicona + PP + PS<\/td>\n<\/tr>\n<tr>\n<td>Color del producto:<\/td>\n<td>Personalizado<\/td>\n<\/tr>\n<tr>\n<td>Informaci\u00f3n sobre el empaque:<\/td>\n<td>100 piezas por caja<\/td>\n<\/tr>\n<tr>\n<td>Cantidad m\u00ednima de pedido:<\/td>\n<td>3000 unidades<\/td>\n<\/tr>\n<tr>\n<td>Origen:<\/td>\n<td>China<\/td>\n<\/tr>\n<tr>\n<td>Precio:<\/td>\n<td>Negociaci\u00f3n<\/td>\n<\/tr>\n<\/tbody>\n<\/table>","protected":false},"featured_media":10113,"comment_status":"open","ping_status":"closed","template":"","meta":{"_acf_changed":false},"product_brand":[],"product_cat":[20,101],"product_tag":[],"class_list":{"0":"post-10112","1":"product","2":"type-product","3":"status-publish","4":"has-post-thumbnail","6":"product_cat-water-bottles","7":"product_cat-silicon-water-bottle","8":"pif-has-gallery","10":"first","11":"instock","12":"shipping-taxable","13":"product-type-simple"},"acf":[],"_links":{"self":[{"href":"http:\/\/www.auspacekitchenware.com\/es\/wp-json\/wp\/v2\/product\/10112","targetHints":{"allow":["GET"]}}],"collection":[{"href":"http:\/\/www.auspacekitchenware.com\/es\/wp-json\/wp\/v2\/product"}],"about":[{"href":"http:\/\/www.auspacekitchenware.com\/es\/wp-json\/wp\/v2\/types\/product"}],"replies":[{"embeddable":true,"href":"http:\/\/www.auspacekitchenware.com\/es\/wp-json\/wp\/v2\/comments?post=10112"}],"wp:featuredmedia":[{"embeddable":true,"href":"http:\/\/www.auspacekitchenware.com\/es\/wp-json\/wp\/v2\/media\/10113"}],"wp:attachment":[{"href":"http:\/\/www.auspacekitchenware.com\/es\/wp-json\/wp\/v2\/media?parent=10112"}],"wp:term":[{"taxonomy":"product_brand","embeddable":true,"href":"http:\/\/www.auspacekitchenware.com\/es\/wp-json\/wp\/v2\/product_brand?post=10112"},{"taxonomy":"product_cat","embeddable":true,"href":"http:\/\/www.auspacekitchenware.com\/es\/wp-json\/wp\/v2\/product_cat?post=10112"},{"taxonomy":"product_tag","embeddable":true,"href":"http:\/\/www.auspacekitchenware.com\/es\/wp-json\/wp\/v2\/product_tag?post=10112"}],"curies":[{"name":"wp","href":"https:\/\/api.w.org\/{rel}","templated":true}]}}