{"id":10243,"date":"2025-09-01T02:42:50","date_gmt":"2025-09-01T02:42:50","guid":{"rendered":"https:\/\/auspacekitchenware.com\/?post_type=product&#038;p=10243"},"modified":"2025-09-01T02:47:29","modified_gmt":"2025-09-01T02:47:29","slug":"vaso-termico-con-tapa-rosa-y-popote-amarillo","status":"publish","type":"product","link":"http:\/\/www.auspacekitchenware.com\/es\/insulated-tumbler-with-pink-lid-and-yellow-straw\/","title":{"rendered":"Vaso t\u00e9rmico con tapa rosa y popote amarillo"},"content":{"rendered":"<h2><strong>Construcci\u00f3n resistente y confiable<\/strong>:<\/h2>\n<p>El vaso t\u00e9rmico con tapa rosa y popote amarillo est\u00e1 fabricado con un n\u00facleo interior de acero inoxidable de alta calidad y una carcasa exterior lisa y duradera. Esta estructura garantiza que el vaso pueda soportar el desgaste diario, lo que proporciona una fiabilidad a largo plazo para un uso regular.<\/p>\n<h2><strong>Excelente rendimiento de aislamiento t\u00e9rmico<\/strong>:<\/h2>\n<p>Cuenta con unas capacidades de aislamiento t\u00e9rmico superiores. En el caso de bebidas calientes como el caf\u00e9 o el t\u00e9, conserva eficazmente el calor durante horas; en el caso de bebidas fr\u00edas como el agua helada o los zumos, las mantiene frescas durante un periodo prolongado. Esto satisface las necesidades de los usuarios de bebidas a temperatura controlada a lo largo del d\u00eda.<\/p>\n<h2><strong>Tapa pr\u00e1ctica y dise\u00f1o de pajita conveniente<\/strong>:<\/h2>\n<p>Equipado con una tapa rosa que se ajusta perfectamente, evita fugas y derrames, lo que hace que el vaso sea muy f\u00e1cil de transportar para situaciones en las que hay que desplazarse. La pajita amarilla integrada no solo es atractiva a la vista, sino que tambi\u00e9n est\u00e1 dise\u00f1ada para beber f\u00e1cilmente: los usuarios pueden disfrutar de sus bebidas sin esfuerzo y sin tener que quitar la tapa por completo, lo que tambi\u00e9n ayuda a mantener la temperatura de la bebida.<\/p>\n<h2><strong>Est\u00e9tica elegante y vibrante<\/strong>:<\/h2>\n<p>Su elegante cuerpo azul, combinado con la tapa rosa y la pajita amarilla a juego, crea un aspecto vibrante y moderno. Este llamativo dise\u00f1o convierte al vaso en un accesorio elegante adecuado para diversas ocasiones, como el trabajo, la escuela, las actividades al aire libre o las salidas informales, a\u00f1adiendo un toque de color a la rutina diaria de los usuarios.<\/p>","protected":false},"excerpt":{"rendered":"<table style=\"height: 304px\" width=\"672\">\n<tbody>\n<tr>\n<td>Modelo (n\u00famero de producto):<\/td>\n<td>AU-BT0212<\/td>\n<\/tr>\n<tr>\n<td>Tama\u00f1o del producto:<\/td>\n<td>8*22 cm, 650 ml<\/td>\n<\/tr>\n<tr>\n<td>Material del producto:<\/td>\n<td>Interior S\/S304 + exterior S\/S201; tapa de polipropileno.<\/td>\n<\/tr>\n<tr>\n<td>Color del producto:<\/td>\n<td>Personalizado<\/td>\n<\/tr>\n<tr>\n<td>Informaci\u00f3n sobre el empaque:<\/td>\n<td>\u00a024 piezas por caja<\/td>\n<\/tr>\n<tr>\n<td>Cantidad m\u00ednima de pedido:<\/td>\n<td>3000 unidades<\/td>\n<\/tr>\n<tr>\n<td>Origen:<\/td>\n<td>China<\/td>\n<\/tr>\n<tr>\n<td>Precio:<\/td>\n<td>Negociaci\u00f3n<\/td>\n<\/tr>\n<\/tbody>\n<\/table>","protected":false},"featured_media":10246,"comment_status":"open","ping_status":"closed","template":"","meta":{"_acf_changed":false},"product_brand":[],"product_cat":[53,20],"product_tag":[],"class_list":{"0":"post-10243","1":"product","2":"type-product","3":"status-publish","4":"has-post-thumbnail","6":"product_cat-stainless-steel-tumbler","7":"product_cat-water-bottles","8":"pif-has-gallery","10":"first","11":"instock","12":"shipping-taxable","13":"product-type-simple"},"acf":[],"_links":{"self":[{"href":"http:\/\/www.auspacekitchenware.com\/es\/wp-json\/wp\/v2\/product\/10243","targetHints":{"allow":["GET"]}}],"collection":[{"href":"http:\/\/www.auspacekitchenware.com\/es\/wp-json\/wp\/v2\/product"}],"about":[{"href":"http:\/\/www.auspacekitchenware.com\/es\/wp-json\/wp\/v2\/types\/product"}],"replies":[{"embeddable":true,"href":"http:\/\/www.auspacekitchenware.com\/es\/wp-json\/wp\/v2\/comments?post=10243"}],"wp:featuredmedia":[{"embeddable":true,"href":"http:\/\/www.auspacekitchenware.com\/es\/wp-json\/wp\/v2\/media\/10246"}],"wp:attachment":[{"href":"http:\/\/www.auspacekitchenware.com\/es\/wp-json\/wp\/v2\/media?parent=10243"}],"wp:term":[{"taxonomy":"product_brand","embeddable":true,"href":"http:\/\/www.auspacekitchenware.com\/es\/wp-json\/wp\/v2\/product_brand?post=10243"},{"taxonomy":"product_cat","embeddable":true,"href":"http:\/\/www.auspacekitchenware.com\/es\/wp-json\/wp\/v2\/product_cat?post=10243"},{"taxonomy":"product_tag","embeddable":true,"href":"http:\/\/www.auspacekitchenware.com\/es\/wp-json\/wp\/v2\/product_tag?post=10243"}],"curies":[{"name":"wp","href":"https:\/\/api.w.org\/{rel}","templated":true}]}}