{"id":10255,"date":"2025-09-01T02:53:32","date_gmt":"2025-09-01T02:53:32","guid":{"rendered":"https:\/\/auspacekitchenware.com\/?post_type=product&#038;p=10255"},"modified":"2025-09-01T03:00:22","modified_gmt":"2025-09-01T03:00:22","slug":"vaso-termico-con-tapa-negra-y-pajita","status":"publish","type":"product","link":"http:\/\/www.auspacekitchenware.com\/es\/insulated-tumbler-with-black-lid-and-straw\/","title":{"rendered":"Vaso t\u00e9rmico con tapa negra y popote"},"content":{"rendered":"<h2><strong>Construcci\u00f3n robusta y duradera<\/strong>:<\/h2>\n<p>El vaso t\u00e9rmico con tapa negra y popote est\u00e1 fabricado con un n\u00facleo interior de acero inoxidable de alta calidad y una carcasa exterior lisa y duradera. Este dise\u00f1o permite que el vaso resista el uso diario, incluyendo el transporte en bolsas, golpes ocasionales y limpiezas repetidas, lo que garantiza que siga siendo confiable y mantenga su integridad durante un periodo prolongado.<\/p>\n<h2><strong>Excelente rendimiento de aislamiento t\u00e9rmico<\/strong>:<\/h2>\n<p>Destaca por su capacidad para mantener la temperatura. En el caso de bebidas calientes como el caf\u00e9, el t\u00e9 o el chocolate caliente, retiene eficazmente el calor, manteniendo las bebidas calientes y agradables durante horas. Cuando contiene bebidas fr\u00edas como agua helada, batidos o t\u00e9 helado, conserva una temperatura fresca y agradable, lo que permite a los usuarios saborear bebidas refrescantes mucho tiempo despu\u00e9s de servirlas.<\/p>\n<h2><strong>Tapa funcional y pr\u00e1ctico dise\u00f1o con pajita<\/strong>:<\/h2>\n<p>Equipado con una tapa negra herm\u00e9ticamente sellada, evita fugas y derrames, lo que hace que el vaso sea muy adecuado para su uso sobre la marcha, ya sea para ir al trabajo, viajar o hacer recados. La pajita negra integrada est\u00e1 dise\u00f1ada para beber de forma f\u00e1cil e higi\u00e9nica; los usuarios pueden disfrutar de sus bebidas sin levantar todo el vaso, lo que tambi\u00e9n ayuda a mantener la temperatura de la bebida. El ajuste seguro de la tapa y el dise\u00f1o suave de la pajita mejoran la usabilidad general.<\/p>\n<h2><strong>Est\u00e9tica elegante y minimalista<\/strong>:<\/h2>\n<p>Su dise\u00f1o totalmente negro, desde el cuerpo hasta la tapa y la pajita, crea un aspecto elegante, minimalista y sofisticado. Esta apariencia discreta pero con estilo hace que el vaso sea vers\u00e1til para diversos entornos, incluyendo ambientes profesionales, salidas informales o sesiones de gimnasio, complementando sin esfuerzo diferentes estilos personales y ocasiones.<\/p>","protected":false},"excerpt":{"rendered":"<table style=\"height: 304px\" width=\"672\">\n<tbody>\n<tr>\n<td>Modelo (n\u00famero de producto):<\/td>\n<td>AU-BT0214<\/td>\n<\/tr>\n<tr>\n<td>Tama\u00f1o del producto:<\/td>\n<td>9 x 22 cm, 650 ml<\/td>\n<\/tr>\n<tr>\n<td>Material del producto:<\/td>\n<td>Interior S\/S304 + exterior S\/S201; tapa de polipropileno.<\/td>\n<\/tr>\n<tr>\n<td>Color del producto:<\/td>\n<td>Personalizado<\/td>\n<\/tr>\n<tr>\n<td>Informaci\u00f3n sobre el empaque:<\/td>\n<td>\u00a024 piezas por caja<\/td>\n<\/tr>\n<tr>\n<td>Cantidad m\u00ednima de pedido:<\/td>\n<td>3000 unidades<\/td>\n<\/tr>\n<tr>\n<td>Origen:<\/td>\n<td>China<\/td>\n<\/tr>\n<tr>\n<td>Precio:<\/td>\n<td>Negociaci\u00f3n<\/td>\n<\/tr>\n<\/tbody>\n<\/table>","protected":false},"featured_media":10260,"comment_status":"open","ping_status":"closed","template":"","meta":{"_acf_changed":false},"product_brand":[],"product_cat":[53,20],"product_tag":[],"class_list":{"0":"post-10255","1":"product","2":"type-product","3":"status-publish","4":"has-post-thumbnail","6":"product_cat-stainless-steel-tumbler","7":"product_cat-water-bottles","8":"pif-has-gallery","10":"first","11":"instock","12":"shipping-taxable","13":"product-type-simple"},"acf":[],"_links":{"self":[{"href":"http:\/\/www.auspacekitchenware.com\/es\/wp-json\/wp\/v2\/product\/10255","targetHints":{"allow":["GET"]}}],"collection":[{"href":"http:\/\/www.auspacekitchenware.com\/es\/wp-json\/wp\/v2\/product"}],"about":[{"href":"http:\/\/www.auspacekitchenware.com\/es\/wp-json\/wp\/v2\/types\/product"}],"replies":[{"embeddable":true,"href":"http:\/\/www.auspacekitchenware.com\/es\/wp-json\/wp\/v2\/comments?post=10255"}],"wp:featuredmedia":[{"embeddable":true,"href":"http:\/\/www.auspacekitchenware.com\/es\/wp-json\/wp\/v2\/media\/10260"}],"wp:attachment":[{"href":"http:\/\/www.auspacekitchenware.com\/es\/wp-json\/wp\/v2\/media?parent=10255"}],"wp:term":[{"taxonomy":"product_brand","embeddable":true,"href":"http:\/\/www.auspacekitchenware.com\/es\/wp-json\/wp\/v2\/product_brand?post=10255"},{"taxonomy":"product_cat","embeddable":true,"href":"http:\/\/www.auspacekitchenware.com\/es\/wp-json\/wp\/v2\/product_cat?post=10255"},{"taxonomy":"product_tag","embeddable":true,"href":"http:\/\/www.auspacekitchenware.com\/es\/wp-json\/wp\/v2\/product_tag?post=10255"}],"curies":[{"name":"wp","href":"https:\/\/api.w.org\/{rel}","templated":true}]}}