{"id":10471,"date":"2025-09-02T09:37:04","date_gmt":"2025-09-02T09:37:04","guid":{"rendered":"https:\/\/auspacekitchenware.com\/?post_type=product&#038;p=10471"},"modified":"2025-09-02T09:50:19","modified_gmt":"2025-09-02T09:50:19","slug":"venta-al-por-mayor-de-vasos-de-acero-inoxidable-con-disenos-bonitos","status":"publish","type":"product","link":"http:\/\/www.auspacekitchenware.com\/es\/cute-designed-stainless-steel-tumbler-wholesale\/","title":{"rendered":"Bonito: vaso de acero inoxidable de dise\u00f1o al por mayor"},"content":{"rendered":"<h4 class=\"header-vfC6AV auto-hide-last-sibling-br\">Encantadora est\u00e9tica adorable: vaso de acero inoxidable de dise\u00f1o<\/h4>\n<div class=\"auto-hide-last-sibling-br paragraph-JOTKXA paragraph-element br-paragraph-space\">Este bonito vaso de acero inoxidable tiene un dise\u00f1o muy atractivo, con una suave paleta de colores en tonos verdes apagados y crema, complementada con un detalle en forma de coraz\u00f3n en la tapa. Su encantador dise\u00f1o lo convierte en algo m\u00e1s que un simple recipiente para bebidas, transform\u00e1ndolo en un elegante accesorio. Ya sea en la escuela, en la oficina o durante las salidas al aire libre, su adorable aspecto llama la atenci\u00f3n y satisface a quienes buscan funcionalidad y belleza en sus art\u00edculos de uso diario.<\/div>\n<h4 class=\"header-vfC6AV auto-hide-last-sibling-br\">Construcci\u00f3n aislante de acero inoxidable de Cute: vaso de acero inoxidable de dise\u00f1o<\/h4>\n<div class=\"auto-hide-last-sibling-br paragraph-JOTKXA paragraph-element br-paragraph-space\">Fabricado con una estructura aislante de acero inoxidable, este vaso de dise\u00f1o atractivo destaca por su capacidad para mantener la temperatura. El interior de acero inoxidable ayuda a mantener las bebidas fr\u00edas durante horas y las bebidas calientes a una temperatura agradable, lo que lo hace muy vers\u00e1til para disfrutar de agua helada en un d\u00eda caluroso o de una taza de caf\u00e9 humeante durante el trayecto al trabajo. Este material tambi\u00e9n a\u00f1ade durabilidad, lo que garantiza que el vaso resista el uso diario sin abollarse f\u00e1cilmente ni perder sus propiedades aislantes.<\/div>\n<h4 class=\"header-vfC6AV auto-hide-last-sibling-br\">Asa port\u00e1til ergon\u00f3mica y bonita: vaso de acero inoxidable de dise\u00f1o<\/h4>\n<div class=\"auto-hide-last-sibling-br paragraph-JOTKXA paragraph-element br-paragraph-space\">El bonito vaso de acero inoxidable cuenta con un asa port\u00e1til ergon\u00f3mica que permite transportarlo sin esfuerzo. La forma del asa se adapta c\u00f3modamente a la mano o se desliza suavemente en la correa de una bolsa, lo que elimina la necesidad de llevar otros accesorios. Este dise\u00f1o hace que sea muy pr\u00e1ctico llevar el vaso a cualquier parte, ya sea para acudir a una reuni\u00f3n, ir al gimnasio o salir de escapada el fin de semana.<\/div>\n<h4 class=\"header-vfC6AV auto-hide-last-sibling-br\">Mecanismo Flip-Top a prueba de fugas de un vaso de acero inoxidable con un bonito dise\u00f1o.<\/h4>\n<div class=\"auto-hide-last-sibling-br paragraph-JOTKXA paragraph-element br-paragraph-space\">Equipado con un mecanismo herm\u00e9tico con tapa abatible, este vaso de bonito dise\u00f1o evita los derrames. La tapa se cierra de forma segura, lo que garantiza que los l\u00edquidos permanezcan en su interior incluso cuando el vaso se sacude dentro de una bolsa o se sostiene boca abajo accidentalmente. Esta fiabilidad permite transportar de forma segura diversas bebidas, desde t\u00e9s helados hasta batidos de prote\u00ednas, sin temor a que las fugas da\u00f1en las bolsas o las pertenencias.<\/div>","protected":false},"excerpt":{"rendered":"<table style=\"height: 304px\" width=\"672\">\n<tbody>\n<tr>\n<td>Modelo (n\u00famero de producto):<\/td>\n<td>AU-BT0218<\/td>\n<\/tr>\n<tr>\n<td>Tama\u00f1o del producto:<\/td>\n<td>12,5 x 8,5 x 25 cm, 630 ml<\/td>\n<\/tr>\n<tr>\n<td>Material del producto:<\/td>\n<td>interior S\/S304 + exterior S\/S201<\/td>\n<\/tr>\n<tr>\n<td>Color del producto:<\/td>\n<td>Personalizado<\/td>\n<\/tr>\n<tr>\n<td>Informaci\u00f3n sobre el empaque:<\/td>\n<td>24 piezas por caja<\/td>\n<\/tr>\n<tr>\n<td>Cantidad m\u00ednima de pedido:<\/td>\n<td>3000 unidades<\/td>\n<\/tr>\n<tr>\n<td>Origen:<\/td>\n<td>China<\/td>\n<\/tr>\n<tr>\n<td>Precio:<\/td>\n<td>Negociaci\u00f3n<\/td>\n<\/tr>\n<\/tbody>\n<\/table>","protected":false},"featured_media":10477,"comment_status":"open","ping_status":"closed","template":"","meta":{"_acf_changed":false},"product_brand":[],"product_cat":[20,53],"product_tag":[],"class_list":{"0":"post-10471","1":"product","2":"type-product","3":"status-publish","4":"has-post-thumbnail","6":"product_cat-water-bottles","7":"product_cat-stainless-steel-tumbler","8":"pif-has-gallery","10":"first","11":"instock","12":"shipping-taxable","13":"product-type-simple"},"acf":[],"_links":{"self":[{"href":"http:\/\/www.auspacekitchenware.com\/es\/wp-json\/wp\/v2\/product\/10471","targetHints":{"allow":["GET"]}}],"collection":[{"href":"http:\/\/www.auspacekitchenware.com\/es\/wp-json\/wp\/v2\/product"}],"about":[{"href":"http:\/\/www.auspacekitchenware.com\/es\/wp-json\/wp\/v2\/types\/product"}],"replies":[{"embeddable":true,"href":"http:\/\/www.auspacekitchenware.com\/es\/wp-json\/wp\/v2\/comments?post=10471"}],"wp:featuredmedia":[{"embeddable":true,"href":"http:\/\/www.auspacekitchenware.com\/es\/wp-json\/wp\/v2\/media\/10477"}],"wp:attachment":[{"href":"http:\/\/www.auspacekitchenware.com\/es\/wp-json\/wp\/v2\/media?parent=10471"}],"wp:term":[{"taxonomy":"product_brand","embeddable":true,"href":"http:\/\/www.auspacekitchenware.com\/es\/wp-json\/wp\/v2\/product_brand?post=10471"},{"taxonomy":"product_cat","embeddable":true,"href":"http:\/\/www.auspacekitchenware.com\/es\/wp-json\/wp\/v2\/product_cat?post=10471"},{"taxonomy":"product_tag","embeddable":true,"href":"http:\/\/www.auspacekitchenware.com\/es\/wp-json\/wp\/v2\/product_tag?post=10471"}],"curies":[{"name":"wp","href":"https:\/\/api.w.org\/{rel}","templated":true}]}}