{"id":10963,"date":"2025-09-17T03:42:19","date_gmt":"2025-09-17T03:42:19","guid":{"rendered":"https:\/\/auspacekitchenware.com\/?post_type=product&#038;p=10963"},"modified":"2025-09-17T07:35:42","modified_gmt":"2025-09-17T07:35:42","slug":"proveedor-de-vasos-de-silicona-ecologicos-con-tapa-y-popote","status":"publish","type":"product","link":"http:\/\/www.auspacekitchenware.com\/es\/eco-friendly-silicone-tumbler-with-lid-and-straw-supplier\/","title":{"rendered":"Proveedor de vasos de silicona ecol\u00f3gicos con tapa y popote"},"content":{"rendered":"<h3><span class=\"a-list-item\">Apto para viajar: <\/span><\/h3>\n<p><span class=\"a-list-item\">Capacidad de 285 ml con tapa segura y popote reutilizable: ideal para tu caf\u00e9 fr\u00edo favorito, t\u00e9 helado, batidos o agua.<\/span><\/p>\n<h3><span class=\"a-list-item\">SILICONA DE GRADO ALIMENTICIO 100% SEGURA: <\/span><\/h3>\n<p><span class=\"a-list-item\">\u00a1El proveedor de vasos de silicona con tapa y popote es seguro y est\u00e1 fabricado para durar! Est\u00e1n hechos de silicona 100% de grado alimenticio, curada con platino, libre de BPS, olores y ftalatos. Ligeros y ultrarresistentes. Silicona de grado alimenticio sin BPA. Reutilizables y ecol\u00f3gicos: desp\u00eddase de los pl\u00e1sticos de un solo uso.<\/span><\/p>\n<h3><span class=\"a-list-item\">C\u00f3modo de sujetar: <\/span><\/h3>\n<p><span class=\"a-list-item\">La silicona suave al tacto se adapta perfectamente a la mano. Se adapta a la mayor\u00eda de los portavasos de los autom\u00f3viles, ideal para las ma\u00f1anas ajetreadas y los desplazamientos diarios.<\/span><\/p>\n<h3><strong>Una elecci\u00f3n de regalo bien pensada<\/strong><\/h3>\n<p>\u00bfBuscas el regalo perfecto? El vaso de silicona de 285 ml con tapa y popote no solo es pr\u00e1ctico, sino tambi\u00e9n lo suficientemente elegante como para impresionar a tus amigos, familiares o compa\u00f1eros de trabajo en cualquier ocasi\u00f3n especial. \u00a1Su dise\u00f1o y funcionalidad \u00fanicos lo convierten en un regalo encantador que todos apreciar\u00e1n!<\/p>","protected":false},"excerpt":{"rendered":"<table style=\"height: 304px\" width=\"672\">\n<tbody>\n<tr>\n<td>Modelo (n\u00famero de producto):<\/td>\n<td>AU-BT0162<\/td>\n<\/tr>\n<tr>\n<td>Tama\u00f1o del producto:<\/td>\n<td>9 x 10,5 cm, 285 ml<\/td>\n<\/tr>\n<tr>\n<td>Material del producto:<\/td>\n<td>Silicona<\/td>\n<\/tr>\n<tr>\n<td>Color del producto:<\/td>\n<td>Personalizado<\/td>\n<\/tr>\n<tr>\n<td>Informaci\u00f3n sobre el empaque:<\/td>\n<td>24 piezas por caja<\/td>\n<\/tr>\n<tr>\n<td>Cantidad m\u00ednima de pedido:<\/td>\n<td>3000 unidades<\/td>\n<\/tr>\n<tr>\n<td>Origen:<\/td>\n<td>China<\/td>\n<\/tr>\n<tr>\n<td>Precio:<\/td>\n<td>Negociaci\u00f3n<\/td>\n<\/tr>\n<\/tbody>\n<\/table>","protected":false},"featured_media":10965,"comment_status":"open","ping_status":"closed","template":"","meta":{"_acf_changed":false},"product_brand":[135],"product_cat":[101,20],"product_tag":[],"class_list":{"0":"post-10963","1":"product","2":"type-product","3":"status-publish","4":"has-post-thumbnail","6":"product_brand-auspace","7":"product_cat-silicon-water-bottle","8":"product_cat-water-bottles","9":"pif-has-gallery","11":"first","12":"instock","13":"shipping-taxable","14":"purchasable","15":"product-type-simple"},"acf":[],"_links":{"self":[{"href":"http:\/\/www.auspacekitchenware.com\/es\/wp-json\/wp\/v2\/product\/10963","targetHints":{"allow":["GET"]}}],"collection":[{"href":"http:\/\/www.auspacekitchenware.com\/es\/wp-json\/wp\/v2\/product"}],"about":[{"href":"http:\/\/www.auspacekitchenware.com\/es\/wp-json\/wp\/v2\/types\/product"}],"replies":[{"embeddable":true,"href":"http:\/\/www.auspacekitchenware.com\/es\/wp-json\/wp\/v2\/comments?post=10963"}],"wp:featuredmedia":[{"embeddable":true,"href":"http:\/\/www.auspacekitchenware.com\/es\/wp-json\/wp\/v2\/media\/10965"}],"wp:attachment":[{"href":"http:\/\/www.auspacekitchenware.com\/es\/wp-json\/wp\/v2\/media?parent=10963"}],"wp:term":[{"taxonomy":"product_brand","embeddable":true,"href":"http:\/\/www.auspacekitchenware.com\/es\/wp-json\/wp\/v2\/product_brand?post=10963"},{"taxonomy":"product_cat","embeddable":true,"href":"http:\/\/www.auspacekitchenware.com\/es\/wp-json\/wp\/v2\/product_cat?post=10963"},{"taxonomy":"product_tag","embeddable":true,"href":"http:\/\/www.auspacekitchenware.com\/es\/wp-json\/wp\/v2\/product_tag?post=10963"}],"curies":[{"name":"wp","href":"https:\/\/api.w.org\/{rel}","templated":true}]}}