{"id":10971,"date":"2025-09-17T06:20:41","date_gmt":"2025-09-17T06:20:41","guid":{"rendered":"https:\/\/auspacekitchenware.com\/?post_type=product&#038;p=10971"},"modified":"2025-09-17T07:35:35","modified_gmt":"2025-09-17T07:35:35","slug":"botella-de-agua-plegable-para-viajar-al-por-mayor","status":"publish","type":"product","link":"http:\/\/www.auspacekitchenware.com\/es\/travel-foldable-water-bottle-wholesale\/","title":{"rendered":"Botella de agua plegable para viajes al por mayor"},"content":{"rendered":"<h3><span class=\"a-list-item\">DISE\u00d1O QUE AHORRA ESPACIO\u00a0<\/span><\/h3>\n<p><span class=\"a-list-item\"> Esta botella de agua plegable para viajes al por mayor es totalmente extensible hasta 25 cm y se pliega hasta 12 cm para facilitar su almacenamiento y transporte, lo que la convierte en la compa\u00f1era perfecta para llevar a cualquier parte. Cuando est\u00e1 completamente extendida, esta botella de agua plegable tiene una capacidad de hasta 470 ml.<\/span><\/p>\n<h3><span class=\"a-list-item\">LO QUE OBTENDR\u00c1S<\/span><\/h3>\n<p><span class=\"a-list-item\"> Este paquete incluye una botella de agua port\u00e1til azul y un mosquet\u00f3n, lo que lo convierte en una opci\u00f3n perfecta y pr\u00e1ctica para quienes est\u00e1n siempre en movimiento.<\/span><\/p>\n<h3><span class=\"a-list-item\">TAPA ABATIBLE Y MOSQUET\u00d3N<\/span><\/h3>\n<p><span class=\"a-list-item\"> Disfruta de un acceso r\u00e1pido a tu bebida gracias a la tapa abatible de esta botella de agua plegable para llevar. La botella de agua plegable para llevar al por mayor se puede enganchar a mochilas, bolsas de gimnasio y mucho m\u00e1s, \u00a1ideal para llevar contigo a cualquier parte!<\/span><\/p>\n<h3><span class=\"a-list-item\">CARACTER\u00cdSTICAS PRINCIPALES <\/span><\/h3>\n<p><span class=\"a-list-item\">Fabricada con silicona duradera y apta para uso alimentario, esta botella de agua plegable tiene un dise\u00f1o a prueba de fugas, una base antideslizante y resistente, y es resistente a los golpes y a los impactos. La botella de agua plegable perfecta para viajar.<\/span><\/p>\n<h3><span class=\"a-list-item\">F\u00c1CIL DE LIMPIAR\u00a0<\/span><\/h3>\n<p><span class=\"a-list-item\"> Apto para lavavajillas, para una limpieza sin esfuerzo, o se puede lavar a mano.<\/span><\/p>\n<h3><strong>Una elecci\u00f3n de regalo bien pensada<\/strong><\/h3>\n<p>\u00bfBuscas el regalo perfecto? La botella de agua plegable para viajes al por mayor no solo es pr\u00e1ctica, sino tambi\u00e9n lo suficientemente elegante como para impresionar a tus amigos, familiares o compa\u00f1eros de trabajo en cualquier ocasi\u00f3n especial. \u00a1Su dise\u00f1o y funcionalidad \u00fanicos la convierten en un regalo encantador que todos apreciar\u00e1n!<\/p>","protected":false},"excerpt":{"rendered":"<table style=\"height: 304px\" width=\"672\">\n<tbody>\n<tr>\n<td>Modelo (n\u00famero de producto):<\/td>\n<td>AU-BT0163<\/td>\n<\/tr>\n<tr>\n<td>Tama\u00f1o del producto:<\/td>\n<td>9*17,5*7,5 cm, 500 ml<\/td>\n<\/tr>\n<tr>\n<td>Material del producto:<\/td>\n<td>Silicona<\/td>\n<\/tr>\n<tr>\n<td>Color del producto:<\/td>\n<td>Personalizado<\/td>\n<\/tr>\n<tr>\n<td>Informaci\u00f3n sobre el empaque:<\/td>\n<td>24 piezas por caja<\/td>\n<\/tr>\n<tr>\n<td>Cantidad m\u00ednima de pedido:<\/td>\n<td>3000 unidades<\/td>\n<\/tr>\n<tr>\n<td>Origen:<\/td>\n<td>China<\/td>\n<\/tr>\n<tr>\n<td>Precio:<\/td>\n<td>Negociaci\u00f3n<\/td>\n<\/tr>\n<\/tbody>\n<\/table>","protected":false},"featured_media":10972,"comment_status":"open","ping_status":"closed","template":"","meta":{"_acf_changed":false},"product_brand":[135],"product_cat":[101,20],"product_tag":[],"class_list":{"0":"post-10971","1":"product","2":"type-product","3":"status-publish","4":"has-post-thumbnail","6":"product_brand-auspace","7":"product_cat-silicon-water-bottle","8":"product_cat-water-bottles","9":"pif-has-gallery","11":"first","12":"instock","13":"shipping-taxable","14":"purchasable","15":"product-type-simple"},"acf":[],"_links":{"self":[{"href":"http:\/\/www.auspacekitchenware.com\/es\/wp-json\/wp\/v2\/product\/10971","targetHints":{"allow":["GET"]}}],"collection":[{"href":"http:\/\/www.auspacekitchenware.com\/es\/wp-json\/wp\/v2\/product"}],"about":[{"href":"http:\/\/www.auspacekitchenware.com\/es\/wp-json\/wp\/v2\/types\/product"}],"replies":[{"embeddable":true,"href":"http:\/\/www.auspacekitchenware.com\/es\/wp-json\/wp\/v2\/comments?post=10971"}],"wp:featuredmedia":[{"embeddable":true,"href":"http:\/\/www.auspacekitchenware.com\/es\/wp-json\/wp\/v2\/media\/10972"}],"wp:attachment":[{"href":"http:\/\/www.auspacekitchenware.com\/es\/wp-json\/wp\/v2\/media?parent=10971"}],"wp:term":[{"taxonomy":"product_brand","embeddable":true,"href":"http:\/\/www.auspacekitchenware.com\/es\/wp-json\/wp\/v2\/product_brand?post=10971"},{"taxonomy":"product_cat","embeddable":true,"href":"http:\/\/www.auspacekitchenware.com\/es\/wp-json\/wp\/v2\/product_cat?post=10971"},{"taxonomy":"product_tag","embeddable":true,"href":"http:\/\/www.auspacekitchenware.com\/es\/wp-json\/wp\/v2\/product_tag?post=10971"}],"curies":[{"name":"wp","href":"https:\/\/api.w.org\/{rel}","templated":true}]}}