{"id":11016,"date":"2025-09-17T08:30:20","date_gmt":"2025-09-17T08:30:20","guid":{"rendered":"https:\/\/auspacekitchenware.com\/?post_type=product&#038;p=11016"},"modified":"2025-09-23T01:35:47","modified_gmt":"2025-09-23T01:35:47","slug":"proveedor-de-cacerolas-de-aluminio-prensado-de-22-cm","status":"publish","type":"product","link":"http:\/\/www.auspacekitchenware.com\/es\/pressed-aluminum-22cm-saucepan-supplier\/","title":{"rendered":"Proveedor de cacerolas de aluminio prensado de 22 cm"},"content":{"rendered":"<h3><strong>Superficie antiadherente avanzada<\/strong><\/h3>\n<p>El proveedor de cacerolas de aluminio prensado de 22 cm ofrece una superficie antiadherente avanzada. Esta superficie garantiza que se pueda cocinar una amplia variedad de alimentos, desde guisos espesos y sustanciosos hasta salsas delicadas y cremosas, sin que se peguen. No solo facilita el proceso de cocci\u00f3n, sino que tambi\u00e9n reduce dr\u00e1sticamente el tiempo y el esfuerzo necesarios para limpiar despu\u00e9s de su uso, lo que supone una gran ventaja en el entorno acelerado de las cocinas profesionales. Adem\u00e1s, el revestimiento antiadherente es muy duradero, capaz de soportar el uso frecuente de diversos utensilios, incluidos los de metal, sin rayarse ni da\u00f1arse f\u00e1cilmente, lo que garantiza su fiabilidad a largo plazo.<\/p>\n<p>&nbsp;<\/p>\n<h3><strong>Dise\u00f1o estructural robusto<\/strong><\/h3>\n<p>Cacerolas de aluminio prensado de 22 cm. Fabricadas con un dise\u00f1o estructural resistente, estas piezas de menaje de cocina est\u00e1n hechas con materiales de alta calidad, como acero inoxidable de alta resistencia o aleaciones de aluminio reforzado. Esto les permite soportar con facilidad el alto calor y el uso intensivo t\u00edpicos de las cocinas profesionales. Pueden contener grandes cantidades de comida sin deformarse ni perder su forma, y su robusta construcci\u00f3n tambi\u00e9n garantiza que el calor se distribuya de manera uniforme por toda la superficie de cocci\u00f3n. Esto elimina los puntos calientes, lo que permite cocinar de forma uniforme y precisa grandes cantidades de alimentos, algo fundamental para mantener la calidad y la consistencia de los platos en un entorno comercial.<\/p>\n<p>&nbsp;<\/p>\n<h3><strong>Asas ergon\u00f3micas resistentes al calor<\/strong><\/h3>\n<p>Equipadas con asas ergon\u00f3micas resistentes al calor, estas cazuelas y ollas ofrecen un agarre c\u00f3modo y seguro. Incluso cuando los utensilios de cocina est\u00e1n llenos hasta el borde con comida caliente, las asas proporcionan un excelente soporte y control, lo que reduce el riesgo de accidentes. La caracter\u00edstica de resistencia al calor significa que las asas se mantienen fr\u00edas al tacto incluso cuando los utensilios est\u00e1n a alta temperatura, lo que permite al personal de cocina manejarlos de forma segura y c\u00f3moda durante los periodos de mayor actividad, sin necesidad de utilizar equipo de protecci\u00f3n adicional.<\/p>\n<p>&nbsp;<\/p>\n<h3><strong>Tapa ventilada con ajuste seguro<\/strong><\/h3>\n<p>La tapa de la cacerola de aluminio prensado de 22 cm es una caracter\u00edstica clave. Se ajusta perfectamente al recipiente, lo que permite retener eficazmente el calor y la humedad en su interior. Esto crea las condiciones perfectas para cocinar a fuego lento, estofar o guisar, lo que permite que los sabores se desarrollen de forma completa y uniforme. La v\u00e1lvula de ventilaci\u00f3n incorporada ayuda a regular la presi\u00f3n interna, evitando desbordamientos, lo que es especialmente importante cuando se trata de grandes vol\u00famenes de l\u00edquido. Adem\u00e1s, si la tapa es transparente, permite al personal de cocina supervisar el progreso de la cocci\u00f3n sin tener que levantar la tapa y perder un valioso calor, lo que garantiza que cada plato se cocine a la perfecci\u00f3n.<\/p>","protected":false},"excerpt":{"rendered":"<table style=\"height: 304px\" width=\"672\">\n<tbody>\n<tr>\n<td>Modelo (n\u00famero de producto):<\/td>\n<td>AU-CW0138<\/td>\n<\/tr>\n<tr>\n<td>Tama\u00f1o del producto:<\/td>\n<td>22 x 8,5 cm<\/td>\n<\/tr>\n<tr>\n<td>Material del producto:<\/td>\n<td>Aluminio prensado<\/td>\n<\/tr>\n<tr>\n<td>Color del producto:<\/td>\n<td>Personalizado<\/td>\n<\/tr>\n<tr>\n<td>Informaci\u00f3n sobre el empaque:<\/td>\n<td>8 piezas por caja<\/td>\n<\/tr>\n<tr>\n<td>Cantidad m\u00ednima de pedido:<\/td>\n<td>1000 unidades<\/td>\n<\/tr>\n<tr>\n<td>Origen:<\/td>\n<td>China<\/td>\n<\/tr>\n<tr>\n<td>Precio:<\/td>\n<td>Negociaci\u00f3n<\/td>\n<\/tr>\n<\/tbody>\n<\/table>\n<p>&nbsp;<\/p>","protected":false},"featured_media":11021,"comment_status":"open","ping_status":"closed","template":"","meta":{"_acf_changed":false},"product_brand":[],"product_cat":[115,112],"product_tag":[],"class_list":{"0":"post-11016","1":"product","2":"type-product","3":"status-publish","4":"has-post-thumbnail","6":"product_cat-saucepan","7":"product_cat-cookware","8":"pif-has-gallery","10":"first","11":"instock","12":"shipping-taxable","13":"purchasable","14":"product-type-simple"},"acf":[],"_links":{"self":[{"href":"http:\/\/www.auspacekitchenware.com\/es\/wp-json\/wp\/v2\/product\/11016","targetHints":{"allow":["GET"]}}],"collection":[{"href":"http:\/\/www.auspacekitchenware.com\/es\/wp-json\/wp\/v2\/product"}],"about":[{"href":"http:\/\/www.auspacekitchenware.com\/es\/wp-json\/wp\/v2\/types\/product"}],"replies":[{"embeddable":true,"href":"http:\/\/www.auspacekitchenware.com\/es\/wp-json\/wp\/v2\/comments?post=11016"}],"wp:featuredmedia":[{"embeddable":true,"href":"http:\/\/www.auspacekitchenware.com\/es\/wp-json\/wp\/v2\/media\/11021"}],"wp:attachment":[{"href":"http:\/\/www.auspacekitchenware.com\/es\/wp-json\/wp\/v2\/media?parent=11016"}],"wp:term":[{"taxonomy":"product_brand","embeddable":true,"href":"http:\/\/www.auspacekitchenware.com\/es\/wp-json\/wp\/v2\/product_brand?post=11016"},{"taxonomy":"product_cat","embeddable":true,"href":"http:\/\/www.auspacekitchenware.com\/es\/wp-json\/wp\/v2\/product_cat?post=11016"},{"taxonomy":"product_tag","embeddable":true,"href":"http:\/\/www.auspacekitchenware.com\/es\/wp-json\/wp\/v2\/product_tag?post=11016"}],"curies":[{"name":"wp","href":"https:\/\/api.w.org\/{rel}","templated":true}]}}