{"id":12168,"date":"2025-10-23T03:29:49","date_gmt":"2025-10-23T03:29:49","guid":{"rendered":"https:\/\/auspacekitchenware.com\/?post_type=product&#038;p=12168"},"modified":"2025-10-23T03:35:26","modified_gmt":"2025-10-23T03:35:26","slug":"proveedor-de-tazas-termicas-de-acero-inoxidable-para-almuerzo-con-aislamiento","status":"publish","type":"product","link":"http:\/\/www.auspacekitchenware.com\/es\/stainless-steel-insulated-lunch-tumbler-supplier-insulation\/","title":{"rendered":"Proveedor de tazas t\u00e9rmicas de acero inoxidable para almuerzo \u2013 Soluciones de aislamiento al por mayor"},"content":{"rendered":"<p>Proveedor de tazas t\u00e9rmicas de acero inoxidable para almuerzo \u2013 Venta al por mayor de productos t\u00e9rmicos<\/p>\n<h3 class=\"paragraph\"><strong>Dise\u00f1o aislado<\/strong>:<\/h3>\n<div class=\"paragraph\">Nuestro vaso t\u00e9rmico de acero inoxidable est\u00e1 dise\u00f1ado para mantener tus alimentos calientes o fr\u00edos durante largos periodos de tiempo, asegurando que tus comidas est\u00e9n listas cuando t\u00fa lo est\u00e9s.<\/div>\n<h3><\/h3>\n<h3 class=\"paragraph\"><strong>Construcci\u00f3n de acero inoxidable<\/strong>:<\/h3>\n<div class=\"paragraph\">Fabricado en acero inoxidable resistente, este vaso est\u00e1 dise\u00f1ado para durar, lo que lo convierte en una soluci\u00f3n fiable y duradera para almacenar alimentos.<\/div>\n<h3><\/h3>\n<h3 class=\"paragraph\"><strong>Mango y tapa ergon\u00f3micos<\/strong>:<\/h3>\n<div class=\"paragraph\">El vaso cuenta con un asa ergon\u00f3mica para facilitar su transporte y una tapa segura para evitar derrames, lo que lo convierte en una opci\u00f3n pr\u00e1ctica para las comidas sobre la marcha.<\/div>\n<h3><\/h3>\n<h3 class=\"paragraph\"><strong>Capacidades de personalizaci\u00f3n<\/strong>:<\/h3>\n<div class=\"paragraph\">Como proveedor de tazas t\u00e9rmicas de acero inoxidable para el almuerzo, ofrecemos opciones de personalizaci\u00f3n que incluyen la impresi\u00f3n del logotipo y la elecci\u00f3n de colores para que coincidan con la identidad de su marca.<\/div>\n<div><\/div>","protected":false},"excerpt":{"rendered":"<table style=\"height: 304px\" width=\"672\">\n<tbody>\n<tr>\n<td>Modelo (n\u00famero de producto):<\/td>\n<td>AU-LB0117<\/td>\n<\/tr>\n<tr>\n<td>Tama\u00f1o del producto:<\/td>\n<td>9,3 x 9,3 x 14,5 cm 580 ml<\/td>\n<\/tr>\n<tr>\n<td>Material del producto:<\/td>\n<td>PP + ACERO INOXIDABLE + SILICONA<\/td>\n<\/tr>\n<tr>\n<td>Color del producto:<\/td>\n<td>Personalizado<\/td>\n<\/tr>\n<tr>\n<td>Informaci\u00f3n sobre el empaque:<\/td>\n<td>60 piezas por caja<\/td>\n<\/tr>\n<tr>\n<td>Cantidad m\u00ednima de pedido:<\/td>\n<td>3000 unidades<\/td>\n<\/tr>\n<tr>\n<td>Origen:<\/td>\n<td>China<\/td>\n<\/tr>\n<tr>\n<td>Precio:<\/td>\n<td>Negociaci\u00f3n<\/td>\n<\/tr>\n<\/tbody>\n<\/table>","protected":false},"featured_media":12170,"comment_status":"open","ping_status":"closed","template":"","meta":{"_acf_changed":false},"product_brand":[135],"product_cat":[90,102],"product_tag":[],"class_list":{"0":"post-12168","1":"product","2":"type-product","3":"status-publish","4":"has-post-thumbnail","6":"product_brand-auspace","7":"product_cat-stainless-steel-lunch-box","8":"product_cat-lunch-box","9":"pif-has-gallery","11":"first","12":"instock","13":"shipping-taxable","14":"purchasable","15":"product-type-simple"},"acf":[],"_links":{"self":[{"href":"http:\/\/www.auspacekitchenware.com\/es\/wp-json\/wp\/v2\/product\/12168","targetHints":{"allow":["GET"]}}],"collection":[{"href":"http:\/\/www.auspacekitchenware.com\/es\/wp-json\/wp\/v2\/product"}],"about":[{"href":"http:\/\/www.auspacekitchenware.com\/es\/wp-json\/wp\/v2\/types\/product"}],"replies":[{"embeddable":true,"href":"http:\/\/www.auspacekitchenware.com\/es\/wp-json\/wp\/v2\/comments?post=12168"}],"wp:featuredmedia":[{"embeddable":true,"href":"http:\/\/www.auspacekitchenware.com\/es\/wp-json\/wp\/v2\/media\/12170"}],"wp:attachment":[{"href":"http:\/\/www.auspacekitchenware.com\/es\/wp-json\/wp\/v2\/media?parent=12168"}],"wp:term":[{"taxonomy":"product_brand","embeddable":true,"href":"http:\/\/www.auspacekitchenware.com\/es\/wp-json\/wp\/v2\/product_brand?post=12168"},{"taxonomy":"product_cat","embeddable":true,"href":"http:\/\/www.auspacekitchenware.com\/es\/wp-json\/wp\/v2\/product_cat?post=12168"},{"taxonomy":"product_tag","embeddable":true,"href":"http:\/\/www.auspacekitchenware.com\/es\/wp-json\/wp\/v2\/product_tag?post=12168"}],"curies":[{"name":"wp","href":"https:\/\/api.w.org\/{rel}","templated":true}]}}