{"id":12436,"date":"2025-11-07T06:42:48","date_gmt":"2025-11-07T06:42:48","guid":{"rendered":"https:\/\/auspacekitchenware.com\/?post_type=product&#038;p=12436"},"modified":"2025-11-07T07:00:48","modified_gmt":"2025-11-07T07:00:48","slug":"juego-de-utensilios-de-cocina-antiadherentes-de-marmol-al-por-mayor","status":"publish","type":"product","link":"http:\/\/www.auspacekitchenware.com\/es\/marble-non-stick-cookware-set-wholesale\/","title":{"rendered":"Juego de utensilios de cocina antiadherentes de m\u00e1rmol de primera calidad al por mayor"},"content":{"rendered":"<h3 data-start=\"210\" data-end=\"664\"><strong data-start=\"210\" data-end=\"247\">Artesan\u00eda elegante y duradera<\/strong><\/h3>\n<p data-start=\"210\" data-end=\"664\">El juego de utensilios de cocina antiadherentes de m\u00e1rmol de primera calidad al por mayor redefine el estilo moderno de la cocina con su elegante acabado en m\u00e1rmol negro y su calidad de fabricaci\u00f3n superior. Fabricadas en aluminio resistente, todas las ollas y sartenes garantizan una distribuci\u00f3n r\u00e1pida y uniforme del calor para obtener resultados de cocci\u00f3n uniformes. El elegante dise\u00f1o de m\u00e1rmol moteado a\u00f1ade un toque de lujo, lo que convierte a este juego de utensilios de cocina en una herramienta funcional y en un complemento impresionante para cualquier cocina.<\/p>\n<h3 data-start=\"666\" data-end=\"1074\"><strong data-start=\"666\" data-end=\"700\">Rendimiento antiadherente superior<\/strong><\/h3>\n<p data-start=\"666\" data-end=\"1074\">Cocinar y limpiar se vuelve muy f\u00e1cil con el juego de utensilios de cocina antiadherentes de m\u00e1rmol Premium al por mayor. El recubrimiento de m\u00e1rmol de triple capa proporciona una liberaci\u00f3n excepcional de los alimentos, lo que reduce la necesidad de usar aceite en exceso y evita que los alimentos se peguen o se quemen. Esta superficie antiadherente tambi\u00e9n resiste los rayones y el desgaste, lo que garantiza un uso duradero incluso en cocinas dom\u00e9sticas o profesionales muy concurridas.<\/p>\n<h3 data-start=\"1076\" data-end=\"1566\"><strong data-start=\"1076\" data-end=\"1108\">Experiencia culinaria vers\u00e1til<\/strong><\/h3>\n<p data-start=\"1076\" data-end=\"1566\">Ad\u00e1ptese a todas las recetas con el juego de ollas antiadherentes de m\u00e1rmol Premium al por mayor. El juego incluye sartenes, cacerolas y ollas con tapas, perfectas para fre\u00edr, cocer a fuego lento, saltear y hervir. Las tapas de vidrio transparente le permiten controlar f\u00e1cilmente sus platos, mientras que las asas ergon\u00f3micas proporcionan un agarre c\u00f3modo y resistente al calor para cocinar con mayor seguridad. Apto para cocinas de gas, el\u00e9ctricas y vitrocer\u00e1micas, ofrece una verdadera versatilidad para todas las necesidades culinarias.<\/p>\n<h3 data-start=\"1568\" data-end=\"1974\"><strong data-start=\"1568\" data-end=\"1600\">Dise\u00f1o seguro y ecol\u00f3gico<\/strong><\/h3>\n<p data-start=\"1568\" data-end=\"1974\">Dando prioridad a la salud y la sostenibilidad, el juego de utensilios de cocina antiadherentes Premium Marble sin PFOA, plomo ni cadmio. Sus materiales ecol\u00f3gicos ofrecen un rendimiento fiable sin liberar sustancias qu\u00edmicas nocivas. Ya sea para cocinas familiares o para la preparaci\u00f3n de alimentos a gran escala, este juego de utensilios de cocina garantiza seguridad, eficiencia y tranquilidad cada vez que cocines.<\/p>","protected":false},"excerpt":{"rendered":"<table style=\"height: 304px\" width=\"672\">\n<tbody>\n<tr>\n<td>Modelo (n\u00famero de producto):<\/td>\n<td>AU-CW0168<\/td>\n<\/tr>\n<tr>\n<td>Tama\u00f1o del producto:<\/td>\n<td>Cacerola de 20 cm con tapa: 20 x 9 cm<br \/>\nCacerola de 24 cm con tapa: 24 x 10 cm<br \/>\nSart\u00e9n de 24 cm sin tapa: 24 x 4,5 cm<\/td>\n<\/tr>\n<tr>\n<td>Material del producto:<\/td>\n<td>Acero al carbono<\/td>\n<\/tr>\n<tr>\n<td>Color del producto:<\/td>\n<td>Personalizado<\/td>\n<\/tr>\n<tr>\n<td>Informaci\u00f3n sobre el empaque:<\/td>\n<td>4 piezas por caja<\/td>\n<\/tr>\n<tr>\n<td>Cantidad m\u00ednima de pedido:<\/td>\n<td>1000 unidades<\/td>\n<\/tr>\n<tr>\n<td>Origen:<\/td>\n<td>China<\/td>\n<\/tr>\n<tr>\n<td>Precio:<\/td>\n<td>Negociaci\u00f3n<\/td>\n<\/tr>\n<\/tbody>\n<\/table>\n<p>&nbsp;<\/p>","protected":false},"featured_media":12442,"comment_status":"open","ping_status":"closed","template":"","meta":{"_acf_changed":false},"product_brand":[135],"product_cat":[112,113],"product_tag":[],"class_list":{"0":"post-12436","1":"product","2":"type-product","3":"status-publish","4":"has-post-thumbnail","6":"product_brand-auspace","7":"product_cat-cookware","8":"product_cat-cookware-set","9":"pif-has-gallery","11":"first","12":"instock","13":"shipping-taxable","14":"purchasable","15":"product-type-simple"},"acf":[],"_links":{"self":[{"href":"http:\/\/www.auspacekitchenware.com\/es\/wp-json\/wp\/v2\/product\/12436","targetHints":{"allow":["GET"]}}],"collection":[{"href":"http:\/\/www.auspacekitchenware.com\/es\/wp-json\/wp\/v2\/product"}],"about":[{"href":"http:\/\/www.auspacekitchenware.com\/es\/wp-json\/wp\/v2\/types\/product"}],"replies":[{"embeddable":true,"href":"http:\/\/www.auspacekitchenware.com\/es\/wp-json\/wp\/v2\/comments?post=12436"}],"wp:featuredmedia":[{"embeddable":true,"href":"http:\/\/www.auspacekitchenware.com\/es\/wp-json\/wp\/v2\/media\/12442"}],"wp:attachment":[{"href":"http:\/\/www.auspacekitchenware.com\/es\/wp-json\/wp\/v2\/media?parent=12436"}],"wp:term":[{"taxonomy":"product_brand","embeddable":true,"href":"http:\/\/www.auspacekitchenware.com\/es\/wp-json\/wp\/v2\/product_brand?post=12436"},{"taxonomy":"product_cat","embeddable":true,"href":"http:\/\/www.auspacekitchenware.com\/es\/wp-json\/wp\/v2\/product_cat?post=12436"},{"taxonomy":"product_tag","embeddable":true,"href":"http:\/\/www.auspacekitchenware.com\/es\/wp-json\/wp\/v2\/product_tag?post=12436"}],"curies":[{"name":"wp","href":"https:\/\/api.w.org\/{rel}","templated":true}]}}