{"id":12928,"date":"2025-11-24T08:27:56","date_gmt":"2025-11-24T08:27:56","guid":{"rendered":"https:\/\/auspacekitchenware.com\/?post_type=product&#038;p=12928"},"modified":"2025-11-24T08:36:26","modified_gmt":"2025-11-24T08:36:26","slug":"venta-al-por-mayor-de-elegantes-vasos-de-acero-inoxidable-en-color-verde-azulado","status":"publish","type":"product","link":"http:\/\/www.auspacekitchenware.com\/es\/stylish-teal-stainless-steel-tumbler-wholesale\/","title":{"rendered":"Elegante vaso de acero inoxidable color verde azulado con tapa abatible para venta al por mayor"},"content":{"rendered":"<h3 class=\"header-iWP5WJ auto-hide-last-sibling-br\">Est\u00e9tica vibrante en color verde azulado<\/h3>\n<div class=\"auto-hide-last-sibling-br paragraph-pP9ZLC paragraph-element br-paragraph-space\">Este elegante vaso de acero inoxidable de color verde azulado presenta una est\u00e9tica vibrante, con un acabado elegante y un anillo decorativo de acero inoxidable que le a\u00f1ade un toque de elegancia moderna. Su llamativo color y su dise\u00f1o contempor\u00e1neo lo convierten en una opci\u00f3n elegante para mantenerse hidratado, ya sea en el trabajo, durante un viaje o mientras disfruta de actividades al aire libre.<\/div>\n<h3 class=\"header-iWP5WJ auto-hide-last-sibling-br\">Construcci\u00f3n de acero inoxidable de primera calidad<\/h3>\n<div class=\"auto-hide-last-sibling-br paragraph-pP9ZLC paragraph-element br-paragraph-space\">Fabricado en acero inoxidable de alta calidad, este elegante vaso de acero inoxidable de color verde azulado ofrece un excelente rendimiento de aislamiento. Puede mantener las bebidas calientes o fr\u00edas durante horas, lo que garantiza que puedas disfrutar de tu bebida a la temperatura perfecta durante todo el d\u00eda. El acero inoxidable es un material duradero, resistente al \u00f3xido y dise\u00f1ado para soportar el uso diario.<\/div>\n<h3 class=\"header-iWP5WJ auto-hide-last-sibling-br\">Pr\u00e1ctico dise\u00f1o de tapa abatible<\/h3>\n<div class=\"auto-hide-last-sibling-br paragraph-pP9ZLC paragraph-element br-paragraph-space\">Equipado con una pr\u00e1ctica tapa abatible, este elegante vaso de acero inoxidable de color verde azulado permite beber f\u00e1cilmente sin necesidad de quitar toda la tapa. El dise\u00f1o seguro de la tapa evita las fugas, lo que permite llevarlo de forma segura en bolsas, y el elemento transparente a\u00f1ade un toque moderno a la vez que permite comprobar el nivel de la bebida.<\/div>\n<h3 class=\"header-iWP5WJ auto-hide-last-sibling-br\">F\u00e1cil de limpiar y vers\u00e1til<\/h3>\n<div class=\"auto-hide-last-sibling-br paragraph-pP9ZLC paragraph-element br-paragraph-space\">La amplia boca del elegante vaso de acero inoxidable de color verde azulado facilita la limpieza y permite a\u00f1adir f\u00e1cilmente cubitos de hielo o aditivos para bebidas. Su dise\u00f1o vers\u00e1til lo hace adecuado para una gran variedad de bebidas, desde caf\u00e9 y t\u00e9 hasta batidos y agua, satisfaciendo as\u00ed diferentes preferencias gustativas.<\/div>","protected":false},"excerpt":{"rendered":"<table style=\"height: 304px\" width=\"672\">\n<tbody>\n<tr>\n<td>Modelo (n\u00famero de producto):<\/td>\n<td>AU-BT0255<\/td>\n<\/tr>\n<tr>\n<td>Tama\u00f1o del producto:<\/td>\n<td>18,7 x 8,7 cm, 510 ml<\/td>\n<\/tr>\n<tr>\n<td>Material del producto<\/td>\n<td>INTERIOR Y EXTERIOR SS304 + TRITAN<\/td>\n<\/tr>\n<tr>\n<td>Color del producto:<\/td>\n<td>Personalizado<\/td>\n<\/tr>\n<tr>\n<td>Informaci\u00f3n sobre el empaque:<\/td>\n<td>24 piezas por caja<\/td>\n<\/tr>\n<tr>\n<td>Cantidad m\u00ednima de pedido:<\/td>\n<td>3000 unidades<\/td>\n<\/tr>\n<tr>\n<td>Origen:<\/td>\n<td>China<\/td>\n<\/tr>\n<tr>\n<td>Precio:<\/td>\n<td>Negociaci\u00f3n<\/td>\n<\/tr>\n<\/tbody>\n<\/table>","protected":false},"featured_media":12929,"comment_status":"open","ping_status":"closed","template":"","meta":{"_acf_changed":false},"product_brand":[135],"product_cat":[52,20],"product_tag":[138],"class_list":{"0":"post-12928","1":"product","2":"type-product","3":"status-publish","4":"has-post-thumbnail","6":"product_brand-auspace","7":"product_cat-stainless-steel-water-bottle","8":"product_cat-water-bottles","9":"product_tag-popular","10":"pif-has-gallery","12":"first","13":"instock","14":"shipping-taxable","15":"purchasable","16":"product-type-simple"},"acf":[],"_links":{"self":[{"href":"http:\/\/www.auspacekitchenware.com\/es\/wp-json\/wp\/v2\/product\/12928","targetHints":{"allow":["GET"]}}],"collection":[{"href":"http:\/\/www.auspacekitchenware.com\/es\/wp-json\/wp\/v2\/product"}],"about":[{"href":"http:\/\/www.auspacekitchenware.com\/es\/wp-json\/wp\/v2\/types\/product"}],"replies":[{"embeddable":true,"href":"http:\/\/www.auspacekitchenware.com\/es\/wp-json\/wp\/v2\/comments?post=12928"}],"wp:featuredmedia":[{"embeddable":true,"href":"http:\/\/www.auspacekitchenware.com\/es\/wp-json\/wp\/v2\/media\/12929"}],"wp:attachment":[{"href":"http:\/\/www.auspacekitchenware.com\/es\/wp-json\/wp\/v2\/media?parent=12928"}],"wp:term":[{"taxonomy":"product_brand","embeddable":true,"href":"http:\/\/www.auspacekitchenware.com\/es\/wp-json\/wp\/v2\/product_brand?post=12928"},{"taxonomy":"product_cat","embeddable":true,"href":"http:\/\/www.auspacekitchenware.com\/es\/wp-json\/wp\/v2\/product_cat?post=12928"},{"taxonomy":"product_tag","embeddable":true,"href":"http:\/\/www.auspacekitchenware.com\/es\/wp-json\/wp\/v2\/product_tag?post=12928"}],"curies":[{"name":"wp","href":"https:\/\/api.w.org\/{rel}","templated":true}]}}