{"id":12947,"date":"2025-11-25T05:42:39","date_gmt":"2025-11-25T05:42:39","guid":{"rendered":"https:\/\/auspacekitchenware.com\/?post_type=product&#038;p=12947"},"modified":"2025-11-25T07:47:16","modified_gmt":"2025-11-25T07:47:16","slug":"botella-de-agua-con-diseno-infantil-al-por-mayor","status":"publish","type":"product","link":"http:\/\/www.auspacekitchenware.com\/es\/kids-pattern-water-bottle-wholesale\/","title":{"rendered":"Venta al por mayor de botellas de agua con dise\u00f1os infantiles"},"content":{"rendered":"<h3 data-start=\"567\" data-end=\"598\">Ligero y f\u00e1cil de transportar<\/h3>\n<p data-start=\"600\" data-end=\"932\">La botella de agua con dise\u00f1os infantiles al por mayor cuenta con un cuerpo ligero que los ni\u00f1os pueden sostener c\u00f3modamente o guardar en sus mochilas escolares sin a\u00f1adir peso adicional. Su asa integrada permite a los ni\u00f1os agarrar la botella con seguridad, lo que la hace ideal para la escuela, los parques infantiles, los viajes familiares y las actividades diarias en las que es importante que sea f\u00e1cil de transportar.<\/p>\n<h3 data-start=\"934\" data-end=\"971\">Patr\u00f3n alegre y atractivo<\/h3>\n<p data-start=\"973\" data-end=\"1327\">La botella de agua con estampado infantil al por mayor presenta ilustraciones alegres y coloridas que atraen al instante a los ni\u00f1os. El estampado festivo y de estilo caricaturesco a\u00f1ade diversi\u00f3n a la hidrataci\u00f3n diaria y hace que la botella resulte muy atractiva para los usuarios j\u00f3venes. Este dise\u00f1o tambi\u00e9n hace que la botella sea ideal para regalos, programas escolares o promociones de marca dirigidas a los ni\u00f1os.<\/p>\n<h3 data-start=\"1329\" data-end=\"1371\">Pajita abatible para beber c\u00f3modamente<\/h3>\n<p data-start=\"1373\" data-end=\"1722\">La botella de agua con dise\u00f1o infantil al por mayor incluye una pajita abatible f\u00e1cil de usar que permite a los ni\u00f1os beber f\u00e1cilmente sin inclinar la botella. El dise\u00f1o de la pajita ayuda a reducir los derrames y hace que la botella sea segura para usar en aulas, autom\u00f3viles y parques infantiles. Su tapa segura mantiene las bebidas en su interior, lo que ofrece tranquilidad a los padres durante los viajes o los d\u00edas escolares.<\/p>\n<h3 data-start=\"1724\" data-end=\"1766\">Estructura resistente y apta para ni\u00f1os<\/h3>\n<p data-start=\"1768\" data-end=\"2098\">La botella de agua con dise\u00f1os infantiles al por mayor est\u00e1 fabricada con materiales resistentes dise\u00f1ados para soportar los golpes, ca\u00eddas y juegos activos del d\u00eda a d\u00eda. Su estructura reutilizable favorece los h\u00e1bitos de hidrataci\u00f3n diarios y fomenta un uso respetuoso con el medio ambiente. Su dise\u00f1o fiable la convierte en una opci\u00f3n pr\u00e1ctica para el uso infantil a largo plazo en diversos entornos.<\/p>","protected":false},"excerpt":{"rendered":"<table style=\"height: 304px\" width=\"672\">\n<tbody>\n<tr>\n<td>Modelo (n\u00famero de producto):<\/td>\n<td>AU-BT0258<\/td>\n<\/tr>\n<tr>\n<td>Tama\u00f1o del producto:<\/td>\n<td>7,2 x 19,2 cm, 420 ml<\/td>\n<\/tr>\n<tr>\n<td>Material del producto<\/td>\n<td>SS304+SS201<\/td>\n<\/tr>\n<tr>\n<td>Color del producto:<\/td>\n<td>Personalizado<\/td>\n<\/tr>\n<tr>\n<td>Informaci\u00f3n sobre el empaque:<\/td>\n<td>24 piezas por caja<\/td>\n<\/tr>\n<tr>\n<td>Cantidad m\u00ednima de pedido:<\/td>\n<td>3000 unidades<\/td>\n<\/tr>\n<tr>\n<td>Origen:<\/td>\n<td>China<\/td>\n<\/tr>\n<tr>\n<td>Precio:<\/td>\n<td>Negociaci\u00f3n<\/td>\n<\/tr>\n<\/tbody>\n<\/table>","protected":false},"featured_media":12950,"comment_status":"open","ping_status":"closed","template":"","meta":{"_acf_changed":false},"product_brand":[135],"product_cat":[52,20],"product_tag":[],"class_list":{"0":"post-12947","1":"product","2":"type-product","3":"status-publish","4":"has-post-thumbnail","6":"product_brand-auspace","7":"product_cat-stainless-steel-water-bottle","8":"product_cat-water-bottles","9":"pif-has-gallery","11":"first","12":"instock","13":"shipping-taxable","14":"purchasable","15":"product-type-simple"},"acf":[],"_links":{"self":[{"href":"http:\/\/www.auspacekitchenware.com\/es\/wp-json\/wp\/v2\/product\/12947","targetHints":{"allow":["GET"]}}],"collection":[{"href":"http:\/\/www.auspacekitchenware.com\/es\/wp-json\/wp\/v2\/product"}],"about":[{"href":"http:\/\/www.auspacekitchenware.com\/es\/wp-json\/wp\/v2\/types\/product"}],"replies":[{"embeddable":true,"href":"http:\/\/www.auspacekitchenware.com\/es\/wp-json\/wp\/v2\/comments?post=12947"}],"wp:featuredmedia":[{"embeddable":true,"href":"http:\/\/www.auspacekitchenware.com\/es\/wp-json\/wp\/v2\/media\/12950"}],"wp:attachment":[{"href":"http:\/\/www.auspacekitchenware.com\/es\/wp-json\/wp\/v2\/media?parent=12947"}],"wp:term":[{"taxonomy":"product_brand","embeddable":true,"href":"http:\/\/www.auspacekitchenware.com\/es\/wp-json\/wp\/v2\/product_brand?post=12947"},{"taxonomy":"product_cat","embeddable":true,"href":"http:\/\/www.auspacekitchenware.com\/es\/wp-json\/wp\/v2\/product_cat?post=12947"},{"taxonomy":"product_tag","embeddable":true,"href":"http:\/\/www.auspacekitchenware.com\/es\/wp-json\/wp\/v2\/product_tag?post=12947"}],"curies":[{"name":"wp","href":"https:\/\/api.w.org\/{rel}","templated":true}]}}