{"id":13182,"date":"2025-12-03T07:28:11","date_gmt":"2025-12-03T07:28:11","guid":{"rendered":"https:\/\/auspacekitchenware.com\/?post_type=product&#038;p=13182"},"modified":"2025-12-03T07:42:32","modified_gmt":"2025-12-03T07:42:32","slug":"720ml-insulated-coffee-mug-wholesale","status":"publish","type":"product","link":"http:\/\/www.auspacekitchenware.com\/es\/720ml-insulated-coffee-mug-wholesale\/","title":{"rendered":"720ml Insulated Coffee Mug Wholesale"},"content":{"rendered":"<div class=\"auto-hide-last-sibling-br paragraph-pP9ZLC paragraph-element br-paragraph-space\">\n<div class=\"auto-hide-last-sibling-br paragraph-pP9ZLC paragraph-element br-paragraph-space\">\n<div class=\"auto-hide-last-sibling-br paragraph-pP9ZLC paragraph-element br-paragraph-space\">\n<h3><span class=\"a-list-item\">Material:<\/span><\/h3>\n<p><span class=\"a-list-item\">720ml Insulated Coffee Mug Wholesale is made of double-layered 304 stainless steel\u00a0 and 201 stainless steel with vacuum insulation. It effectively keeps beverages cold for 6-8 hours and hot for 5-6 hours. Due to the special coating, NOT dishwasher safe<\/span><\/p>\n<h3><span class=\"a-list-item\">Capacidad perfecta: <\/span><\/h3>\n<p><span class=\"a-list-item\">The slim design provides a better grip and makes it a convenient travel coffee cup that you can easily carry with you<\/span><\/p>\n<h3><span class=\"a-list-item\">Leak-Proof Flip Lid:<\/span><\/h3>\n<p><span class=\"a-list-item\"> El dise\u00f1o de tapa abatible ajustada ofrece una funcionalidad a prueba de fugas superior en comparaci\u00f3n con otros dise\u00f1os abiertos. La tapa, equipada con un anillo de silicona, se fija de forma segura a la taza mediante un giro, lo que elimina los derrames de l\u00edquido de forma m\u00e1s eficaz que las tapas a presi\u00f3n tradicionales.<\/span><\/p>\n<h3><span class=\"a-list-item\">Anti-Slip Matte Finish: <\/span><\/h3>\n<p><span class=\"a-list-item\">720ml Insulated Coffee Mug Wholesale features a high-quality matte finish that not only enhances its aesthetic appeal but also provides sweat-proof and anti-slip properties. Fingerprints are less likely to be left on the surface, ensuring its visual appeal is maintained<\/span><\/p>\n<h3><span class=\"a-list-item\">Versatile for Various Occasions: <\/span><\/h3>\n<p><span class=\"a-list-item\">Whether at home, the office, or in your car, 720ml Insulated Coffee Mug Wholesale serves as a stylish addition. The capacity options allow you to customize your beverage intake, making it the perfect choice for everyday use and travel<\/span><\/p>\n<\/div>\n<\/div>\n<\/div>","protected":false},"excerpt":{"rendered":"<table style=\"height: 304px\" width=\"672\">\n<tbody>\n<tr>\n<td>Modelo (n\u00famero de producto):<\/td>\n<td>AU-BT0279<\/td>\n<\/tr>\n<tr>\n<td>Tama\u00f1o del producto:<\/td>\n<td>19*6.5CM,500ml<\/td>\n<\/tr>\n<tr>\n<td>Material del producto:<\/td>\n<td>SS304+SS201<\/td>\n<\/tr>\n<tr>\n<td>Color del producto:<\/td>\n<td>Personalizado<\/td>\n<\/tr>\n<tr>\n<td>Informaci\u00f3n sobre el empaque:<\/td>\n<td>24 piezas por caja<\/td>\n<\/tr>\n<tr>\n<td>Cantidad m\u00ednima de pedido:<\/td>\n<td>3000 unidades<\/td>\n<\/tr>\n<tr>\n<td>Origen:<\/td>\n<td>China<\/td>\n<\/tr>\n<tr>\n<td>Precio:<\/td>\n<td>Negociaci\u00f3n<\/td>\n<\/tr>\n<\/tbody>\n<\/table>","protected":false},"featured_media":13185,"comment_status":"open","ping_status":"closed","template":"","meta":{"_acf_changed":false},"product_brand":[135],"product_cat":[20,97],"product_tag":[171],"class_list":{"0":"post-13182","1":"product","2":"type-product","3":"status-publish","4":"has-post-thumbnail","6":"product_brand-auspace","7":"product_cat-water-bottles","8":"product_cat-stainless-steel-coffee-mug","9":"product_tag-portable","10":"pif-has-gallery","12":"first","13":"instock","14":"shipping-taxable","15":"purchasable","16":"product-type-simple"},"acf":[],"_links":{"self":[{"href":"http:\/\/www.auspacekitchenware.com\/es\/wp-json\/wp\/v2\/product\/13182","targetHints":{"allow":["GET"]}}],"collection":[{"href":"http:\/\/www.auspacekitchenware.com\/es\/wp-json\/wp\/v2\/product"}],"about":[{"href":"http:\/\/www.auspacekitchenware.com\/es\/wp-json\/wp\/v2\/types\/product"}],"replies":[{"embeddable":true,"href":"http:\/\/www.auspacekitchenware.com\/es\/wp-json\/wp\/v2\/comments?post=13182"}],"wp:featuredmedia":[{"embeddable":true,"href":"http:\/\/www.auspacekitchenware.com\/es\/wp-json\/wp\/v2\/media\/13185"}],"wp:attachment":[{"href":"http:\/\/www.auspacekitchenware.com\/es\/wp-json\/wp\/v2\/media?parent=13182"}],"wp:term":[{"taxonomy":"product_brand","embeddable":true,"href":"http:\/\/www.auspacekitchenware.com\/es\/wp-json\/wp\/v2\/product_brand?post=13182"},{"taxonomy":"product_cat","embeddable":true,"href":"http:\/\/www.auspacekitchenware.com\/es\/wp-json\/wp\/v2\/product_cat?post=13182"},{"taxonomy":"product_tag","embeddable":true,"href":"http:\/\/www.auspacekitchenware.com\/es\/wp-json\/wp\/v2\/product_tag?post=13182"}],"curies":[{"name":"wp","href":"https:\/\/api.w.org\/{rel}","templated":true}]}}