{"id":2100,"date":"2025-02-17T12:52:57","date_gmt":"2025-02-17T12:52:57","guid":{"rendered":"https:\/\/auspacekitchenware.com\/?post_type=product&#038;p=2100"},"modified":"2025-02-27T09:10:35","modified_gmt":"2025-02-27T09:10:35","slug":"cajon-apilable-para-huevos","status":"publish","type":"product","link":"http:\/\/www.auspacekitchenware.com\/es\/stackable-egg-drawer\/","title":{"rendered":"Caj\u00f3n apilable para huevos con bandeja extra\u00edble"},"content":{"rendered":"<p><strong>\ud835\udc03\ud835\udc28\ud835\udc2e\ud835\udc1b\ud835\udc25\ud835\udc1e \ud835\udc05\ud835\udc2e\ud835\udc27\ud835\udc1c\ud835\udc2d\ud835\udc22\ud835\udc28\ud835\udc27 <a href=\"https:\/\/www.auspacekitchenware.com\/es\/kitchen-organization\/\">\ud835\udc0e\ud835\udc2b\ud835\udc20\ud835\udc1a\ud835\udc27\ud835\udc22\ud835\udc33\ud835\udc1er<\/a><\/strong><\/p>\n<p>Los cajones organizadores multifuncionales para alimentos pueden almacenar no solo alimentos, sino tambi\u00e9n huevos. Si se retira el compartimento para huevos del interior, se convierte en un recipiente para frutas y verduras. Sin BPA, seguro para almacenar alimentos.<\/p>\n<p><strong>\ud835\udfd1\ud835\udfd0 \ud835\udc04\ud835\udc20\ud835\udc20 \ud835\udc02\ud835\udc28\ud835\udc27\ud835\udc2d\ud835\udc1a\ud835\udc22\ud835\udc27\ud835\udc1e\ud835\udc2b\ud835\udc2c<\/strong><\/p>\n<p>El caj\u00f3n apilable para huevos con bandeja extra\u00edble est\u00e1 equipado con 32 compartimentos para proteger cada huevo, y es de material transparente para facilitar la visibilidad del contenido de la bandeja. Fijaci\u00f3n de la bandeja para huevos que ahorra espacio, dise\u00f1o con ranuras, cada huevo se coloca por separado, evita que se muevan, previene eficazmente que los huevos choquen y se rompan.<\/p>\n<p><strong>\ud835\udc05\ud835\udc28\ud835\udc28\ud835\udc1d \ud835\udc06\ud835\udc2b\ud835\udc1a\ud835\udc1d\ud835\udc1e \ud835\udc0c\ud835\udc1a\ud835\udc2d\ud835\udc1e\ud835\udc2b\ud835\udc22\ud835\udc1a\ud835\udc25<\/strong><\/p>\n<p>El caj\u00f3n apilable para huevos con bandeja extra\u00edble, fabricado con material apto para uso alimentario, mantiene los huevos alejados del polvo y limpios, y le permite acceder f\u00e1cilmente a todos ellos. A prueba de polvo y humedad, f\u00e1cil de transportar. Mantenga su refrigerador organizado y limpio, c\u00f3modo y pr\u00e1ctico.<\/p>\n<p><strong>Resistente a las manchas y los olores<\/strong><\/p>\n<p>Garantiza que el recipiente pl\u00e1stico para alimentos se mantenga como nuevo.<\/p>\n<p><img fetchpriority=\"high\" decoding=\"async\" class=\"alignnone size-full wp-image-2107\" src=\"https:\/\/www.auspacekitchenware.com\/wp-content\/uploads\/2025\/02\/pexels-kseniachernaya-4740585_\u526f\u672c-2025021712473153.webp\" alt=\"\" width=\"1400\" height=\"400\" \/><\/p>","protected":false},"excerpt":{"rendered":"<table style=\"height: 304px\" width=\"672\">\n<tbody>\n<tr>\n<td>Modelo (n\u00famero de producto):<\/td>\n<td>TY-9090<\/td>\n<\/tr>\n<tr>\n<td>Tama\u00f1o del producto:<\/td>\n<td>21,5 x 24,5 x 14,2 cm<\/td>\n<\/tr>\n<tr>\n<td>Material del producto:<\/td>\n<td>PET<\/td>\n<\/tr>\n<tr>\n<td>Color del producto:<\/td>\n<td>Transparente<\/td>\n<\/tr>\n<tr>\n<td>Informaci\u00f3n sobre el empaque:<\/td>\n<td>20 piezas por caja<\/td>\n<\/tr>\n<tr>\n<td>Cantidad m\u00ednima de pedido:<\/td>\n<td>1000 unidades<\/td>\n<\/tr>\n<tr>\n<td>Origen:<\/td>\n<td>China<\/td>\n<\/tr>\n<tr>\n<td>Precio:<\/td>\n<td>Negociaci\u00f3n<\/td>\n<\/tr>\n<\/tbody>\n<\/table>","protected":false},"featured_media":2108,"comment_status":"open","ping_status":"closed","template":"","meta":{"_acf_changed":false},"product_brand":[],"product_cat":[51,19],"product_tag":[58],"class_list":{"0":"post-2100","1":"product","2":"type-product","3":"status-publish","4":"has-post-thumbnail","6":"product_cat-fridge-organisers","7":"product_cat-kitchen-organization","8":"product_tag-featured","9":"pif-has-gallery","11":"first","12":"instock","13":"shipping-taxable","14":"product-type-simple"},"acf":[],"_links":{"self":[{"href":"http:\/\/www.auspacekitchenware.com\/es\/wp-json\/wp\/v2\/product\/2100","targetHints":{"allow":["GET"]}}],"collection":[{"href":"http:\/\/www.auspacekitchenware.com\/es\/wp-json\/wp\/v2\/product"}],"about":[{"href":"http:\/\/www.auspacekitchenware.com\/es\/wp-json\/wp\/v2\/types\/product"}],"replies":[{"embeddable":true,"href":"http:\/\/www.auspacekitchenware.com\/es\/wp-json\/wp\/v2\/comments?post=2100"}],"wp:featuredmedia":[{"embeddable":true,"href":"http:\/\/www.auspacekitchenware.com\/es\/wp-json\/wp\/v2\/media\/2108"}],"wp:attachment":[{"href":"http:\/\/www.auspacekitchenware.com\/es\/wp-json\/wp\/v2\/media?parent=2100"}],"wp:term":[{"taxonomy":"product_brand","embeddable":true,"href":"http:\/\/www.auspacekitchenware.com\/es\/wp-json\/wp\/v2\/product_brand?post=2100"},{"taxonomy":"product_cat","embeddable":true,"href":"http:\/\/www.auspacekitchenware.com\/es\/wp-json\/wp\/v2\/product_cat?post=2100"},{"taxonomy":"product_tag","embeddable":true,"href":"http:\/\/www.auspacekitchenware.com\/es\/wp-json\/wp\/v2\/product_tag?post=2100"}],"curies":[{"name":"wp","href":"https:\/\/api.w.org\/{rel}","templated":true}]}}