{"id":2352,"date":"2025-02-18T10:48:55","date_gmt":"2025-02-18T10:48:55","guid":{"rendered":"https:\/\/auspacekitchenware.com\/?post_type=product&#038;p=2352"},"modified":"2025-02-19T08:18:09","modified_gmt":"2025-02-19T08:18:09","slug":"recipientes-hermeticos-para-almacenar-alimentos-con-especias","status":"publish","type":"product","link":"http:\/\/www.auspacekitchenware.com\/es\/spice-airtight-food-storage-containers\/","title":{"rendered":"Recipientes herm\u00e9ticos para guardar especias y condimentos"},"content":{"rendered":"<p><strong><span class=\"a-list-item\">2 RECIPIENTES PARA GUARDAR CONDIMENTOS<\/span><\/strong><\/p>\n<p><span class=\"a-list-item\">2 recipientes peque\u00f1os de pl\u00e1stico para almacenar alimentos, dise\u00f1ados para guardar especias, hierbas, dulces, bocadillos y m\u00e1s.<\/span><\/p>\n<p><strong><span class=\"a-list-item\">CAPACIDAD DE 5 ONZAS<\/span><\/strong><\/p>\n<p><span class=\"a-list-item\">Cada uno tiene una capacidad de 5 onzas, el tama\u00f1o adecuado para especias y condimentos.<\/span><\/p>\n<p><strong><span class=\"a-list-item\">F\u00c1CIL DE VERTER, RECOGER Y ESPOLVOREAR<\/span><\/strong><\/p>\n<p><span class=\"a-list-item\">Incluye nivelador extra\u00edble para nivelar las cucharadas de ingredientes y tamiz deslizante extra\u00edble para espolvorear especias.<\/span><\/p>\n<p><strong>APTO PARA LAVAPLATOS<\/strong><\/p>\n<p><span class=\"a-list-item\">Apto para lavavajillas con una tapa con bisagra que se abre para caber en tu lavavajillas.<\/span><\/p>\n<p><strong>Opciones personalizables<\/strong><\/p>\n<p>Nuestro almac\u00e9n acepta <a href=\"https:\/\/www.auspacekitchenware.com\/es\/nuestro-servicio\/\">logotipos personalizados<\/a> de los clientes para dar brillo a su marca<\/p>\n<p><img fetchpriority=\"high\" decoding=\"async\" class=\"alignnone size-full wp-image-2380\" src=\"https:\/\/www.auspacekitchenware.com\/wp-content\/uploads\/2025\/02\/pexels-pixabay-2025021810463635.webp\" alt=\"\" width=\"1400\" height=\"400\" \/><\/p>","protected":false},"excerpt":{"rendered":"<table style=\"height: 304px\" width=\"672\">\n<tbody>\n<tr>\n<td>Modelo (n\u00famero de producto):<\/td>\n<td>AM-1006<\/td>\n<\/tr>\n<tr>\n<td>Tama\u00f1o del producto:<\/td>\n<td>7 cm de largo x 7 cm de ancho x 14 cm de alto<\/td>\n<\/tr>\n<tr>\n<td>Material del producto:<\/td>\n<td>Pl\u00e1stico<\/td>\n<\/tr>\n<tr>\n<td>Color del producto:<\/td>\n<td>Transparente<\/td>\n<\/tr>\n<tr>\n<td>Informaci\u00f3n sobre el empaque:<\/td>\n<td>20 piezas por caja<\/td>\n<\/tr>\n<tr>\n<td>Cantidad m\u00ednima de pedido:<\/td>\n<td>1000 unidades<\/td>\n<\/tr>\n<tr>\n<td>Origen:<\/td>\n<td>China<\/td>\n<\/tr>\n<tr>\n<td>Precio:<\/td>\n<td>Negociaci\u00f3n<\/td>\n<\/tr>\n<\/tbody>\n<\/table>","protected":false},"featured_media":2381,"comment_status":"open","ping_status":"closed","template":"","meta":{"_acf_changed":false},"product_brand":[],"product_cat":[19,50],"product_tag":[],"class_list":{"0":"post-2352","1":"product","2":"type-product","3":"status-publish","4":"has-post-thumbnail","6":"product_cat-kitchen-organization","7":"product_cat-spice-jars","8":"pif-has-gallery","10":"first","11":"instock","12":"shipping-taxable","13":"product-type-simple"},"acf":[],"_links":{"self":[{"href":"http:\/\/www.auspacekitchenware.com\/es\/wp-json\/wp\/v2\/product\/2352","targetHints":{"allow":["GET"]}}],"collection":[{"href":"http:\/\/www.auspacekitchenware.com\/es\/wp-json\/wp\/v2\/product"}],"about":[{"href":"http:\/\/www.auspacekitchenware.com\/es\/wp-json\/wp\/v2\/types\/product"}],"replies":[{"embeddable":true,"href":"http:\/\/www.auspacekitchenware.com\/es\/wp-json\/wp\/v2\/comments?post=2352"}],"wp:featuredmedia":[{"embeddable":true,"href":"http:\/\/www.auspacekitchenware.com\/es\/wp-json\/wp\/v2\/media\/2381"}],"wp:attachment":[{"href":"http:\/\/www.auspacekitchenware.com\/es\/wp-json\/wp\/v2\/media?parent=2352"}],"wp:term":[{"taxonomy":"product_brand","embeddable":true,"href":"http:\/\/www.auspacekitchenware.com\/es\/wp-json\/wp\/v2\/product_brand?post=2352"},{"taxonomy":"product_cat","embeddable":true,"href":"http:\/\/www.auspacekitchenware.com\/es\/wp-json\/wp\/v2\/product_cat?post=2352"},{"taxonomy":"product_tag","embeddable":true,"href":"http:\/\/www.auspacekitchenware.com\/es\/wp-json\/wp\/v2\/product_tag?post=2352"}],"curies":[{"name":"wp","href":"https:\/\/api.w.org\/{rel}","templated":true}]}}