{"id":2429,"date":"2025-02-18T11:41:08","date_gmt":"2025-02-18T11:41:08","guid":{"rendered":"https:\/\/auspacekitchenware.com\/?post_type=product&#038;p=2429"},"modified":"2025-02-19T07:27:38","modified_gmt":"2025-02-19T07:27:38","slug":"frutero-de-vidrio-con-tapa","status":"publish","type":"product","link":"http:\/\/www.auspacekitchenware.com\/es\/glass-jar-with-lid\/","title":{"rendered":"Tarro de vidrio con tapa"},"content":{"rendered":"<p><strong>INCLUYE<\/strong><\/p>\n<p>El frasco de vidrio con tapa contiene (2) frascos Heritage Hill de 1 gal\u00f3n con (2) tapas de vidrio. El vidrio transparente tiene pomos de gran tama\u00f1o para facilitar el agarre y un peso considerable para que se mantenga estable sobre la encimera.<\/p>\n<p><strong>USO<\/strong><\/p>\n<p>Los frascos de vidrio con tapa son perfectos para almacenar todo tipo de productos secos, como harina, galletas, arroz, caf\u00e9, especias, dulces y mucho m\u00e1s. Aunque no tienen cierre herm\u00e9tico, el vidrio supergrueso y de gran tama\u00f1o de los recipientes cubre y protege los alimentos de forma fiable. <a href=\"https:\/\/www.auspacekitchenware.com\/es\/drinkware\/\">bebidas<\/a><\/p>\n<p><strong>DURADERO<\/strong><\/p>\n<p>Estos frascos de vidrio con tapas a juego tienen boca ancha y paredes gruesas para facilitar el vaciado y maximizar la protecci\u00f3n. Las tapas, lo suficientemente resistentes como para soportar la presi\u00f3n del dise\u00f1o de vidrio sobre vidrio, se ajustan perfectamente a la base y sirven como cubiertas transparentes fiables.<\/p>\n<p><strong>SIN PLOMO. SIN BPA. DISE\u00d1O SEGURO.<\/strong><\/p>\n<p>El frasco de vidrio con tapa es m\u00e1s saludable que el pl\u00e1stico y el metal. No se deforma, no se mancha, no retiene olores ni libera sustancias qu\u00edmicas peligrosas o micropl\u00e1sticos en los alimentos o bebidas.<\/p>\n<p><img fetchpriority=\"high\" decoding=\"async\" class=\"aligncenter wp-image-2457\" src=\"https:\/\/www.auspacekitchenware.com\/wp-content\/uploads\/2025\/02\/9369a95f-923c-41ba-b63d-c2e00f1f4bbe.__CR00970300_PT0_SX970_V1___-2025021811400238.webp\" alt=\"\" width=\"1000\" height=\"286\" \/><\/p>","protected":false},"excerpt":{"rendered":"<table style=\"height: 304px\" width=\"672\">\n<tbody>\n<tr>\n<td>Modelo (n\u00famero de producto):<\/td>\n<td>AM-1008<\/td>\n<\/tr>\n<tr>\n<td>Tama\u00f1o del producto:<\/td>\n<td>17,8 cm (largo) x 17,8 cm (ancho) x 24,2 cm (alto)<\/td>\n<\/tr>\n<tr>\n<td>Material del producto:<\/td>\n<td>Vidrio<\/td>\n<\/tr>\n<tr>\n<td>Color del producto:<\/td>\n<td>Transparente<\/td>\n<\/tr>\n<tr>\n<td>Informaci\u00f3n sobre el empaque:<\/td>\n<td>20 piezas por caja<\/td>\n<\/tr>\n<tr>\n<td>Cantidad m\u00ednima de pedido:<\/td>\n<td>1000 unidades<\/td>\n<\/tr>\n<tr>\n<td>Origen:<\/td>\n<td>China<\/td>\n<\/tr>\n<tr>\n<td>Precio:<\/td>\n<td>Negociaci\u00f3n<\/td>\n<\/tr>\n<\/tbody>\n<\/table>","protected":false},"featured_media":2476,"comment_status":"open","ping_status":"closed","template":"","meta":{"_acf_changed":false},"product_brand":[],"product_cat":[19,50],"product_tag":[],"class_list":{"0":"post-2429","1":"product","2":"type-product","3":"status-publish","4":"has-post-thumbnail","6":"product_cat-kitchen-organization","7":"product_cat-spice-jars","8":"pif-has-gallery","10":"first","11":"instock","12":"shipping-taxable","13":"product-type-simple"},"acf":[],"_links":{"self":[{"href":"http:\/\/www.auspacekitchenware.com\/es\/wp-json\/wp\/v2\/product\/2429","targetHints":{"allow":["GET"]}}],"collection":[{"href":"http:\/\/www.auspacekitchenware.com\/es\/wp-json\/wp\/v2\/product"}],"about":[{"href":"http:\/\/www.auspacekitchenware.com\/es\/wp-json\/wp\/v2\/types\/product"}],"replies":[{"embeddable":true,"href":"http:\/\/www.auspacekitchenware.com\/es\/wp-json\/wp\/v2\/comments?post=2429"}],"wp:featuredmedia":[{"embeddable":true,"href":"http:\/\/www.auspacekitchenware.com\/es\/wp-json\/wp\/v2\/media\/2476"}],"wp:attachment":[{"href":"http:\/\/www.auspacekitchenware.com\/es\/wp-json\/wp\/v2\/media?parent=2429"}],"wp:term":[{"taxonomy":"product_brand","embeddable":true,"href":"http:\/\/www.auspacekitchenware.com\/es\/wp-json\/wp\/v2\/product_brand?post=2429"},{"taxonomy":"product_cat","embeddable":true,"href":"http:\/\/www.auspacekitchenware.com\/es\/wp-json\/wp\/v2\/product_cat?post=2429"},{"taxonomy":"product_tag","embeddable":true,"href":"http:\/\/www.auspacekitchenware.com\/es\/wp-json\/wp\/v2\/product_tag?post=2429"}],"curies":[{"name":"wp","href":"https:\/\/api.w.org\/{rel}","templated":true}]}}