{"id":2535,"date":"2025-02-18T12:38:41","date_gmt":"2025-02-18T12:38:41","guid":{"rendered":"https:\/\/auspacekitchenware.com\/?post_type=product&#038;p=2535"},"modified":"2025-02-27T09:06:28","modified_gmt":"2025-02-27T09:06:28","slug":"tarros-de-vidrio-con-boca-normal","status":"publish","type":"product","link":"http:\/\/www.auspacekitchenware.com\/es\/glass-regular-mouth-mason-jars\/","title":{"rendered":"Frascos Mason de vidrio con boca regular"},"content":{"rendered":"<p><strong><span class=\"a-list-item\">Tama\u00f1o mini port\u00e1til<\/span><\/strong><\/p>\n<p><span class=\"a-list-item\">Estos frascos Mason de boca normal son muy pr\u00e1cticos para subenvasar. Puedes dividir un frasco grande de mermelada en latas peque\u00f1as de 113 g para llevarlas f\u00e1cilmente contigo. Son perfectos para meter en una lonchera, mochila o bolsa y llevarlos a un picnic o cuando sales de paseo.<\/span><\/p>\n<p><strong><span class=\"a-list-item\">Dise\u00f1o exclusivo<\/span><\/strong><\/p>\n<p><span class=\"a-list-item\">Estos frascos Mason de boca regular con estilo vintage y estr\u00edas verticales en el exterior. Fabricados con vidrio de primera calidad apto para uso alimentario y tapas de pl\u00e1stico de colores, los frascos para conservas son duraderos y lo suficientemente resistentes para el uso diario. <a href=\"https:\/\/www.auspacekitchenware.com\/es\/\">uso dom\u00e9stico<\/a>.<\/span><\/p>\n<p><strong><span class=\"a-list-item\">F\u00e1cil de llenar y limpiar<\/span><\/strong><\/p>\n<p><span class=\"a-list-item\">El frasco de vidrio con boca normal tiene una boca lo suficientemente ancha y una pared interior recta y lisa que facilita su llenado y limpieza.<\/span><\/p>\n<p><strong><span class=\"a-list-item\">Adecuado para decoraci\u00f3n y manualidades.<\/span><\/strong><\/p>\n<p><span class=\"a-list-item\">Utilice estos frascos Mason de boca normal para crear productos y regalos \u00fanicos, perfectos para bodas, baby showers, aniversarios y cualquier otra ocasi\u00f3n que desee. Tambi\u00e9n puede utilizar estos frascos de vidrio resistentes para hacer velas.<\/span><\/p>\n<p><img fetchpriority=\"high\" decoding=\"async\" class=\"size-full wp-image-2536 aligncenter\" src=\"https:\/\/www.auspacekitchenware.com\/wp-content\/uploads\/2025\/02\/2cb1e0cd-0d06-4405-8a4d-61628c6bac4f.__CR00970600_PT0_SX970_V1___-2025021812371441.webp\" alt=\"\" width=\"1400\" height=\"400\" \/><\/p>","protected":false},"excerpt":{"rendered":"<table style=\"height: 304px\" width=\"672\">\n<tbody>\n<tr>\n<td>Modelo (n\u00famero de producto):<\/td>\n<td>AM-1013<\/td>\n<\/tr>\n<tr>\n<td>Tama\u00f1o del producto:<\/td>\n<td>5 cm de largo x 5 cm de ancho x 5 cm de alto<\/td>\n<\/tr>\n<tr>\n<td>Material del producto:<\/td>\n<td>Vidrio<\/td>\n<\/tr>\n<tr>\n<td>Color del producto:<\/td>\n<td>Transparente<\/td>\n<\/tr>\n<tr>\n<td>Informaci\u00f3n sobre el empaque:<\/td>\n<td>20 piezas por caja<\/td>\n<\/tr>\n<tr>\n<td>Cantidad m\u00ednima de pedido:<\/td>\n<td>1000 unidades<\/td>\n<\/tr>\n<tr>\n<td>Origen:<\/td>\n<td>China<\/td>\n<\/tr>\n<tr>\n<td>Precio:<\/td>\n<td>Negociaci\u00f3n<\/td>\n<\/tr>\n<\/tbody>\n<\/table>","protected":false},"featured_media":2542,"comment_status":"open","ping_status":"closed","template":"","meta":{"_acf_changed":false},"product_brand":[],"product_cat":[19,50],"product_tag":[58],"class_list":{"0":"post-2535","1":"product","2":"type-product","3":"status-publish","4":"has-post-thumbnail","6":"product_cat-kitchen-organization","7":"product_cat-spice-jars","8":"product_tag-featured","9":"pif-has-gallery","11":"first","12":"instock","13":"shipping-taxable","14":"product-type-simple"},"acf":[],"_links":{"self":[{"href":"http:\/\/www.auspacekitchenware.com\/es\/wp-json\/wp\/v2\/product\/2535","targetHints":{"allow":["GET"]}}],"collection":[{"href":"http:\/\/www.auspacekitchenware.com\/es\/wp-json\/wp\/v2\/product"}],"about":[{"href":"http:\/\/www.auspacekitchenware.com\/es\/wp-json\/wp\/v2\/types\/product"}],"replies":[{"embeddable":true,"href":"http:\/\/www.auspacekitchenware.com\/es\/wp-json\/wp\/v2\/comments?post=2535"}],"wp:featuredmedia":[{"embeddable":true,"href":"http:\/\/www.auspacekitchenware.com\/es\/wp-json\/wp\/v2\/media\/2542"}],"wp:attachment":[{"href":"http:\/\/www.auspacekitchenware.com\/es\/wp-json\/wp\/v2\/media?parent=2535"}],"wp:term":[{"taxonomy":"product_brand","embeddable":true,"href":"http:\/\/www.auspacekitchenware.com\/es\/wp-json\/wp\/v2\/product_brand?post=2535"},{"taxonomy":"product_cat","embeddable":true,"href":"http:\/\/www.auspacekitchenware.com\/es\/wp-json\/wp\/v2\/product_cat?post=2535"},{"taxonomy":"product_tag","embeddable":true,"href":"http:\/\/www.auspacekitchenware.com\/es\/wp-json\/wp\/v2\/product_tag?post=2535"}],"curies":[{"name":"wp","href":"https:\/\/api.w.org\/{rel}","templated":true}]}}