{"id":2952,"date":"2025-02-20T11:07:16","date_gmt":"2025-02-20T11:07:16","guid":{"rendered":"https:\/\/auspacekitchenware.com\/?post_type=product&#038;p=2952"},"modified":"2025-02-25T08:52:20","modified_gmt":"2025-02-25T08:52:20","slug":"botella-de-doble-pared-con-tapa-con-pajita","status":"publish","type":"product","link":"http:\/\/www.auspacekitchenware.com\/es\/double-wall-bottle-with-straw-lid\/","title":{"rendered":"Botella de acero inoxidable de doble pared con tapa con pajita"},"content":{"rendered":"<p><strong><span class=\"a-list-item\">ALTA CALIDAD Y BARATO<\/span><\/strong><\/p>\n<p><span class=\"a-list-item\">Fabricado en acero inoxidable 18\/8 de primera calidad apto para uso alimentario. Tapa fabricada en material seguro que no contiene BPA ni ftalatos.<\/span><\/p>\n<p><strong><span class=\"a-list-item\">DISE\u00d1O CUIDADOSO DE LA TAPA DE LA TAZA<\/span><\/strong><\/p>\n<p><span class=\"a-list-item\">La versi\u00f3n engrosada del anillo de goma impermeable se utiliza para que el sellado sea m\u00e1s seguro. La pajita est\u00e1 fabricada con material PP suave para garantizar que no se rompa tras un uso prolongado.<\/span><\/p>\n<p><strong><span class=\"a-list-item\">OPCIONES DE PAQUETES M\u00daLTIPLES Y M\u00daLTIPLES COLORES<\/span><\/strong><\/p>\n<p><span class=\"a-list-item\">Te ofrecemos m\u00e1s de 10 colores. Con una sola compra podr\u00e1s satisfacer las necesidades de toda la familia. Perfecto para ese gran evento que se avecina, como una inauguraci\u00f3n o una fiesta de cumplea\u00f1os.<\/span><\/p>\n<p><strong><span class=\"a-list-item\">TAMA\u00d1O PERFECTO Y MANTENGA EL CALOR DURANTE MUCHO TIEMPO<\/span><\/strong><\/p>\n<p><span class=\"a-list-item\">\u00a1La botella de doble pared con tapa con pajita es perfecta para el uso diario en tus excursiones, salidas en bicicleta, la playa, el campamento y el gimnasio!<\/span><\/p>\n<p><img fetchpriority=\"high\" decoding=\"async\" class=\"alignnone size-full wp-image-3604\" src=\"https:\/\/www.auspacekitchenware.com\/wp-content\/uploads\/2025\/02\/pexels-tirachard-kumtanom-112571-544112_\u526f\u672c-2025022508382747.webp\" alt=\"\" width=\"1400\" height=\"400\" \/><\/p>","protected":false},"excerpt":{"rendered":"<table style=\"height: 304px\" width=\"672\">\n<tbody>\n<tr>\n<td>Modelo (n\u00famero de producto):<\/td>\n<td>AM-1028<\/td>\n<\/tr>\n<tr>\n<td>Tama\u00f1o del producto:<\/td>\n<td>2,8 pulgadas de ancho x 9,7 pulgadas de alto<\/td>\n<\/tr>\n<tr>\n<td>Material del producto:<\/td>\n<td>Acero inoxidable<\/td>\n<\/tr>\n<tr>\n<td>Color del producto:<\/td>\n<td>Siliver<\/td>\n<\/tr>\n<tr>\n<td>Informaci\u00f3n sobre el empaque:<\/td>\n<td>20 piezas por caja<\/td>\n<\/tr>\n<tr>\n<td>Cantidad m\u00ednima de pedido:<\/td>\n<td>1000 unidades<\/td>\n<\/tr>\n<tr>\n<td>Origen:<\/td>\n<td>China<\/td>\n<\/tr>\n<tr>\n<td>Precio:<\/td>\n<td>Negociaci\u00f3n<\/td>\n<\/tr>\n<\/tbody>\n<\/table>","protected":false},"featured_media":2964,"comment_status":"open","ping_status":"closed","template":"","meta":{"_acf_changed":false},"product_brand":[],"product_cat":[20,52],"product_tag":[],"class_list":{"0":"post-2952","1":"product","2":"type-product","3":"status-publish","4":"has-post-thumbnail","6":"product_cat-water-bottles","7":"product_cat-stainless-steel-water-bottle","8":"pif-has-gallery","10":"first","11":"instock","12":"shipping-taxable","13":"product-type-simple"},"acf":[],"_links":{"self":[{"href":"http:\/\/www.auspacekitchenware.com\/es\/wp-json\/wp\/v2\/product\/2952","targetHints":{"allow":["GET"]}}],"collection":[{"href":"http:\/\/www.auspacekitchenware.com\/es\/wp-json\/wp\/v2\/product"}],"about":[{"href":"http:\/\/www.auspacekitchenware.com\/es\/wp-json\/wp\/v2\/types\/product"}],"replies":[{"embeddable":true,"href":"http:\/\/www.auspacekitchenware.com\/es\/wp-json\/wp\/v2\/comments?post=2952"}],"wp:featuredmedia":[{"embeddable":true,"href":"http:\/\/www.auspacekitchenware.com\/es\/wp-json\/wp\/v2\/media\/2964"}],"wp:attachment":[{"href":"http:\/\/www.auspacekitchenware.com\/es\/wp-json\/wp\/v2\/media?parent=2952"}],"wp:term":[{"taxonomy":"product_brand","embeddable":true,"href":"http:\/\/www.auspacekitchenware.com\/es\/wp-json\/wp\/v2\/product_brand?post=2952"},{"taxonomy":"product_cat","embeddable":true,"href":"http:\/\/www.auspacekitchenware.com\/es\/wp-json\/wp\/v2\/product_cat?post=2952"},{"taxonomy":"product_tag","embeddable":true,"href":"http:\/\/www.auspacekitchenware.com\/es\/wp-json\/wp\/v2\/product_tag?post=2952"}],"curies":[{"name":"wp","href":"https:\/\/api.w.org\/{rel}","templated":true}]}}