{"id":3019,"date":"2025-02-20T12:25:56","date_gmt":"2025-02-20T12:25:56","guid":{"rendered":"https:\/\/auspacekitchenware.com\/?post_type=product&#038;p=3019"},"modified":"2025-02-20T13:46:51","modified_gmt":"2025-02-20T13:46:51","slug":"botella-de-agua-para-ninos-de-350-ml","status":"publish","type":"product","link":"http:\/\/www.auspacekitchenware.com\/es\/12oz-kids-water-bottle\/","title":{"rendered":"Botella de agua de 350 ml para ni\u00f1os y ni\u00f1as en edad escolar"},"content":{"rendered":"<p><strong>Material seguro y duradero<\/strong><\/p>\n<p>Fabricada en acero inoxidable 304 de primera calidad, nuestra botella de agua para ni\u00f1os no contiene BPA, lo que garantiza una experiencia de consumo segura para los m\u00e1s peque\u00f1os, adem\u00e1s de ser muy resistente al \u00f3xido y la oxidaci\u00f3n.<\/p>\n<p><strong>Botella t\u00e9rmica para ni\u00f1os<\/strong><\/p>\n<p>Nuestra botella de agua aislada de acero inoxidable mantiene las bebidas calientes hasta 12 horas y fr\u00edas hasta 24 horas, lo que garantiza que su hijo disfrute de sus bebidas a la temperatura perfecta durante todo el d\u00eda.<\/p>\n<p><strong>Dise\u00f1o a prueba de fugas<\/strong><\/p>\n<p>La botella de agua para ni\u00f1os de 350 ml para la escuela cuenta con una tapa herm\u00e9tica y fiable, lo que permite a tu hijo llevarla en la mochila sin preocuparse por derrames o manchas, por lo que es ideal para la escuela, los deportes y las aventuras al aire libre.<\/p>\n<p><strong>Dise\u00f1o adaptado a los ni\u00f1os<\/strong><\/p>\n<p>El vaso para ni\u00f1os peque\u00f1os con pajita est\u00e1 dise\u00f1ado con el tama\u00f1o perfecto para sus manitas, lo que facilita que los ni\u00f1os lo puedan llevar y utilizar. Esto garantiza una experiencia c\u00f3moda a la hora de beber, al tiempo que satisface sus necesidades de hidrataci\u00f3n.<\/p>\n<p><img fetchpriority=\"high\" decoding=\"async\" class=\"alignnone size-full wp-image-3086\" src=\"https:\/\/www.auspacekitchenware.com\/wp-content\/uploads\/2025\/02\/18-2025022013424435.webp\" alt=\"\" width=\"1400\" height=\"400\" \/><\/p>","protected":false},"excerpt":{"rendered":"<table style=\"height: 304px\" width=\"672\">\n<tbody>\n<tr>\n<td>Modelo (n\u00famero de producto):<\/td>\n<td>AM-1033<\/td>\n<\/tr>\n<tr>\n<td>Tama\u00f1o del producto:<\/td>\n<td>21,6 x 8,3 x 7,9 cm<\/td>\n<\/tr>\n<tr>\n<td>Material del producto:<\/td>\n<td>Acero inoxidable<\/td>\n<\/tr>\n<tr>\n<td>Color del producto:<\/td>\n<td>Azul<\/td>\n<\/tr>\n<tr>\n<td>Informaci\u00f3n sobre el empaque:<\/td>\n<td>20 piezas por caja<\/td>\n<\/tr>\n<tr>\n<td>Cantidad m\u00ednima de pedido:<\/td>\n<td>1000 unidades<\/td>\n<\/tr>\n<tr>\n<td>Origen:<\/td>\n<td>China<\/td>\n<\/tr>\n<tr>\n<td>Precio:<\/td>\n<td>Negociaci\u00f3n<\/td>\n<\/tr>\n<\/tbody>\n<\/table>","protected":false},"featured_media":3021,"comment_status":"open","ping_status":"closed","template":"","meta":{"_acf_changed":false},"product_brand":[],"product_cat":[20,52],"product_tag":[],"class_list":{"0":"post-3019","1":"product","2":"type-product","3":"status-publish","4":"has-post-thumbnail","6":"product_cat-water-bottles","7":"product_cat-stainless-steel-water-bottle","8":"pif-has-gallery","10":"first","11":"instock","12":"shipping-taxable","13":"product-type-simple"},"acf":[],"_links":{"self":[{"href":"http:\/\/www.auspacekitchenware.com\/es\/wp-json\/wp\/v2\/product\/3019","targetHints":{"allow":["GET"]}}],"collection":[{"href":"http:\/\/www.auspacekitchenware.com\/es\/wp-json\/wp\/v2\/product"}],"about":[{"href":"http:\/\/www.auspacekitchenware.com\/es\/wp-json\/wp\/v2\/types\/product"}],"replies":[{"embeddable":true,"href":"http:\/\/www.auspacekitchenware.com\/es\/wp-json\/wp\/v2\/comments?post=3019"}],"wp:featuredmedia":[{"embeddable":true,"href":"http:\/\/www.auspacekitchenware.com\/es\/wp-json\/wp\/v2\/media\/3021"}],"wp:attachment":[{"href":"http:\/\/www.auspacekitchenware.com\/es\/wp-json\/wp\/v2\/media?parent=3019"}],"wp:term":[{"taxonomy":"product_brand","embeddable":true,"href":"http:\/\/www.auspacekitchenware.com\/es\/wp-json\/wp\/v2\/product_brand?post=3019"},{"taxonomy":"product_cat","embeddable":true,"href":"http:\/\/www.auspacekitchenware.com\/es\/wp-json\/wp\/v2\/product_cat?post=3019"},{"taxonomy":"product_tag","embeddable":true,"href":"http:\/\/www.auspacekitchenware.com\/es\/wp-json\/wp\/v2\/product_tag?post=3019"}],"curies":[{"name":"wp","href":"https:\/\/api.w.org\/{rel}","templated":true}]}}