{"id":3067,"date":"2025-02-20T13:46:33","date_gmt":"2025-02-20T13:46:33","guid":{"rendered":"https:\/\/auspacekitchenware.com\/?post_type=product&#038;p=3067"},"modified":"2025-02-27T09:02:11","modified_gmt":"2025-02-27T09:02:11","slug":"fabricante-de-juegos-de-10-utensilios-de-cocina-de-acero-inoxidable-con-cucharas-y-tazas-medidoras","status":"publish","type":"product","link":"http:\/\/www.auspacekitchenware.com\/es\/10pcs-kitchen-gadgets-stainless-steel-measuring-spoons-and-cups-set-manufacturer\/","title":{"rendered":"10 piezas de utensilios de cocina: juego de cucharas y tazas medidoras de acero inoxidable Fabricante"},"content":{"rendered":"<p>10 piezas de utensilios de cocina: juego de cucharas y tazas medidoras de acero inoxidable Fabricante<\/p>\n<ul class=\"\">\n<li><span>RESISTENTE Y DURADERO: Este juego de 10 utensilios de cocina de acero inoxidable con tazas y cucharas medidoras digitales est\u00e1 cuidadosamente elaborado con acero inoxidable de primera calidad, lo que garantiza su durabilidad y rendimiento a largo plazo en la cocina de su hogar.<\/span><\/li>\n<li><span>Ecol\u00f3gico y sostenible: este producto se ha dise\u00f1ado teniendo en cuenta la sostenibilidad, lo que lo convierte en una excelente opci\u00f3n para los consumidores preocupados por el medio ambiente que dan prioridad a la reducci\u00f3n de su huella de carbono.<\/span><\/li>\n<li><span>DISE\u00d1O F\u00c1CIL DE USAR: El juego cuenta con mangos de silicona de colores para un agarre f\u00e1cil y un manejo c\u00f3modo, lo que permite a los usuarios medir los ingredientes con facilidad y precisi\u00f3n, especialmente a aquellos que padecen artritis o tienen una destreza limitada.<\/span><\/li>\n<li><span>Opciones de personalizaci\u00f3n disponibles: este producto admite logotipos, dise\u00f1os y empaques personalizados, lo que lo hace ideal para empresas que buscan renovar su marca o crear productos personalizados para sus clientes.<\/span><\/li>\n<li><span>R\u00e1pida entrega: con un tiempo de producci\u00f3n de muestras de entre 5 y 7 d\u00edas h\u00e1biles, este producto ofrece una soluci\u00f3n r\u00e1pida y eficaz para satisfacer las necesidades de su negocio, tanto si es propietario de una peque\u00f1a empresa como si se trata de una empresa consolidada.<\/span><\/li>\n<\/ul>\n<p><img fetchpriority=\"high\" decoding=\"async\" class=\"size-full wp-image-2939 aligncenter\" src=\"https:\/\/www.auspacekitchenware.com\/wp-content\/uploads\/2025\/02\/\u8be6\u60c5\u9875-2025022010475086.webp\" alt=\"Taza y cuchara medidoras\" width=\"1400\" height=\"400\" \/><\/p>","protected":false},"excerpt":{"rendered":"<table style=\"height: 304px\" width=\"672\">\n<tbody>\n<tr>\n<td>Modelo (n\u00famero de producto):<\/td>\n<td>AS-25B42<\/td>\n<\/tr>\n<tr>\n<td>Tama\u00f1o del producto:<\/td>\n<td>19 x 9 x 8 cm<\/td>\n<\/tr>\n<tr>\n<td>Material del producto:<\/td>\n<td>Acero inoxidable<\/td>\n<\/tr>\n<tr>\n<td>Color del producto:<\/td>\n<td>Personalizado<\/td>\n<\/tr>\n<tr>\n<td>Informaci\u00f3n sobre el empaque:<\/td>\n<td>24 piezas por caja<\/td>\n<\/tr>\n<tr>\n<td>Cantidad m\u00ednima de pedido:<\/td>\n<td>500 unidades<\/td>\n<\/tr>\n<tr>\n<td>Origen:<\/td>\n<td>China<\/td>\n<\/tr>\n<tr>\n<td>Precio:<\/td>\n<td>Negociaci\u00f3n<\/td>\n<\/tr>\n<\/tbody>\n<\/table>","protected":false},"featured_media":3091,"comment_status":"open","ping_status":"closed","template":"","meta":{"_acf_changed":false},"product_brand":[],"product_cat":[18,48],"product_tag":[58],"class_list":{"0":"post-3067","1":"product","2":"type-product","3":"status-publish","4":"has-post-thumbnail","6":"product_cat-bakeware","7":"product_cat-measuring-cups-spoons-bakeware","8":"product_tag-featured","9":"pif-has-gallery","11":"first","12":"instock","13":"shipping-taxable","14":"product-type-simple"},"acf":[],"_links":{"self":[{"href":"http:\/\/www.auspacekitchenware.com\/es\/wp-json\/wp\/v2\/product\/3067","targetHints":{"allow":["GET"]}}],"collection":[{"href":"http:\/\/www.auspacekitchenware.com\/es\/wp-json\/wp\/v2\/product"}],"about":[{"href":"http:\/\/www.auspacekitchenware.com\/es\/wp-json\/wp\/v2\/types\/product"}],"replies":[{"embeddable":true,"href":"http:\/\/www.auspacekitchenware.com\/es\/wp-json\/wp\/v2\/comments?post=3067"}],"wp:featuredmedia":[{"embeddable":true,"href":"http:\/\/www.auspacekitchenware.com\/es\/wp-json\/wp\/v2\/media\/3091"}],"wp:attachment":[{"href":"http:\/\/www.auspacekitchenware.com\/es\/wp-json\/wp\/v2\/media?parent=3067"}],"wp:term":[{"taxonomy":"product_brand","embeddable":true,"href":"http:\/\/www.auspacekitchenware.com\/es\/wp-json\/wp\/v2\/product_brand?post=3067"},{"taxonomy":"product_cat","embeddable":true,"href":"http:\/\/www.auspacekitchenware.com\/es\/wp-json\/wp\/v2\/product_cat?post=3067"},{"taxonomy":"product_tag","embeddable":true,"href":"http:\/\/www.auspacekitchenware.com\/es\/wp-json\/wp\/v2\/product_tag?post=3067"}],"curies":[{"name":"wp","href":"https:\/\/api.w.org\/{rel}","templated":true}]}}