{"id":3210,"date":"2025-02-21T07:36:53","date_gmt":"2025-02-21T07:36:53","guid":{"rendered":"https:\/\/auspacekitchenware.com\/?post_type=product&#038;p=3210"},"modified":"2025-02-21T07:36:53","modified_gmt":"2025-02-21T07:36:53","slug":"vaso-de-cafe-de-doble-pared","status":"publish","type":"product","link":"http:\/\/www.auspacekitchenware.com\/es\/double-walled-coffee-tumbler\/","title":{"rendered":"Taza de caf\u00e9 reutilizable con doble pared a prueba de fugas"},"content":{"rendered":"<p><strong><span class=\"a-list-item\">Material<\/span><\/strong><\/p>\n<p><span class=\"a-list-item\">El vaso t\u00e9rmico de doble pared est\u00e1 fabricado en acero inoxidable 304 de doble capa con aislamiento al vac\u00edo. Mantiene eficazmente las bebidas fr\u00edas durante 6-8 horas y calientes durante 5-6 horas. Debido a su recubrimiento especial, NO es apto para lavavajillas.<\/span><\/p>\n<p><strong><span class=\"a-list-item\">Capacidad perfecta<\/span><\/strong><\/p>\n<p><span class=\"a-list-item\">Ofrecemos dos tama\u00f1os para elegir, 14 oz y 10 oz, ambos compactos y exquisitos. El dise\u00f1o delgado proporciona un mejor agarre y lo convierte en una taza de caf\u00e9 de viaje pr\u00e1ctica que puedes llevar contigo f\u00e1cilmente.<\/span><\/p>\n<p><strong><span class=\"a-list-item\">Tapa abatible a prueba de fugas<\/span><\/strong><\/p>\n<p><span class=\"a-list-item\">El dise\u00f1o de tapa abatible ajustada ofrece una funcionalidad a prueba de fugas superior en comparaci\u00f3n con otros dise\u00f1os abiertos. La tapa, equipada con un anillo de silicona, se fija de forma segura a la taza mediante un giro, lo que elimina los derrames de l\u00edquido de forma m\u00e1s eficaz que las tapas a presi\u00f3n tradicionales.<\/span><\/p>\n<p><strong><span class=\"a-list-item\">Acabado mate antideslizante<\/span><\/strong><\/p>\n<p><span class=\"a-list-item\">La taza de caf\u00e9 Puraville presenta un acabado mate de alta calidad que no solo realza su atractivo est\u00e9tico, sino que tambi\u00e9n le confiere propiedades antideslizantes y a prueba de sudor. Es menos probable que queden huellas dactilares en la superficie, lo que garantiza que se mantenga su atractivo visual.<img fetchpriority=\"high\" decoding=\"async\" class=\"alignnone size-full wp-image-3234\" src=\"https:\/\/www.auspacekitchenware.com\/wp-content\/uploads\/2025\/02\/ed53ed77-9c91-4de0-be24-16792da1a4e0.__CR001464600_PT0_SX1464_V1___-2025022107350140.webp\" alt=\"\" width=\"1400\" height=\"400\" \/><\/span><\/p>","protected":false},"excerpt":{"rendered":"<table style=\"height: 304px\" width=\"672\">\n<tbody>\n<tr>\n<td>Modelo (n\u00famero de producto):<\/td>\n<td>AM-1041<\/td>\n<\/tr>\n<tr>\n<td>Tama\u00f1o del producto:<\/td>\n<td>8,9 cm (ancho) x 15,2 cm (alto)<\/td>\n<\/tr>\n<tr>\n<td>Material del producto:<\/td>\n<td>Acero inoxidable<\/td>\n<\/tr>\n<tr>\n<td>Color del producto:<\/td>\n<td>Blanco<\/td>\n<\/tr>\n<tr>\n<td>Informaci\u00f3n sobre el empaque:<\/td>\n<td>20 piezas por caja<\/td>\n<\/tr>\n<tr>\n<td>Cantidad m\u00ednima de pedido:<\/td>\n<td>1000 unidades<\/td>\n<\/tr>\n<tr>\n<td>Origen:<\/td>\n<td>China<\/td>\n<\/tr>\n<tr>\n<td>Precio:<\/td>\n<td>Negociaci\u00f3n<\/td>\n<\/tr>\n<\/tbody>\n<\/table>","protected":false},"featured_media":3232,"comment_status":"open","ping_status":"closed","template":"","meta":{"_acf_changed":false},"product_brand":[],"product_cat":[20,53],"product_tag":[],"class_list":{"0":"post-3210","1":"product","2":"type-product","3":"status-publish","4":"has-post-thumbnail","6":"product_cat-water-bottles","7":"product_cat-stainless-steel-tumbler","8":"pif-has-gallery","10":"first","11":"instock","12":"shipping-taxable","13":"product-type-simple"},"acf":[],"_links":{"self":[{"href":"http:\/\/www.auspacekitchenware.com\/es\/wp-json\/wp\/v2\/product\/3210","targetHints":{"allow":["GET"]}}],"collection":[{"href":"http:\/\/www.auspacekitchenware.com\/es\/wp-json\/wp\/v2\/product"}],"about":[{"href":"http:\/\/www.auspacekitchenware.com\/es\/wp-json\/wp\/v2\/types\/product"}],"replies":[{"embeddable":true,"href":"http:\/\/www.auspacekitchenware.com\/es\/wp-json\/wp\/v2\/comments?post=3210"}],"wp:featuredmedia":[{"embeddable":true,"href":"http:\/\/www.auspacekitchenware.com\/es\/wp-json\/wp\/v2\/media\/3232"}],"wp:attachment":[{"href":"http:\/\/www.auspacekitchenware.com\/es\/wp-json\/wp\/v2\/media?parent=3210"}],"wp:term":[{"taxonomy":"product_brand","embeddable":true,"href":"http:\/\/www.auspacekitchenware.com\/es\/wp-json\/wp\/v2\/product_brand?post=3210"},{"taxonomy":"product_cat","embeddable":true,"href":"http:\/\/www.auspacekitchenware.com\/es\/wp-json\/wp\/v2\/product_cat?post=3210"},{"taxonomy":"product_tag","embeddable":true,"href":"http:\/\/www.auspacekitchenware.com\/es\/wp-json\/wp\/v2\/product_tag?post=3210"}],"curies":[{"name":"wp","href":"https:\/\/api.w.org\/{rel}","templated":true}]}}