{"id":3236,"date":"2025-02-21T08:07:40","date_gmt":"2025-02-21T08:07:40","guid":{"rendered":"https:\/\/auspacekitchenware.com\/?post_type=product&#038;p=3236"},"modified":"2025-02-21T08:08:05","modified_gmt":"2025-02-21T08:08:05","slug":"taza-de-cafe-con-aislamiento-al-vacio-de-doble-pared","status":"publish","type":"product","link":"http:\/\/www.auspacekitchenware.com\/es\/double-wall-vacuum-insulated-coffee-mug\/","title":{"rendered":"Taza de caf\u00e9 con aislamiento al vac\u00edo de doble pared"},"content":{"rendered":"<p><strong><span class=\"a-list-item\">Materia Premium<\/span><\/strong><\/p>\n<p><span class=\"a-list-item\">El vaso Metalya de 20 oz est\u00e1 fabricado en acero inoxidable apto para uso alimentario, resistente al desgaste y duradero, dif\u00edcil de romper y que no se oxida. La tapa de pl\u00e1stico del vaso est\u00e1 fabricada en AS y no contiene BPA, es transparente y ligera, resistente a altas temperaturas y dif\u00edcil de romper. Estos vasos seguros te permiten beber de forma saludable.<\/span><\/p>\n<p><strong><span class=\"a-list-item\">Vaso t\u00e9rmico con doble pared y aislamiento al vac\u00edo<\/span><\/strong><\/p>\n<p><span class=\"a-list-item\">Nuestra taza de caf\u00e9 con aislamiento al vac\u00edo de doble pared utiliza tecnolog\u00eda de aislamiento al vac\u00edo de doble capa para garantizar que las bebidas en la taza se mantengan fr\u00edas o calientes durante mucho tiempo, lo que prolonga el tiempo de consumo. Puede mantener el agua caliente durante 12 horas y fr\u00eda durante 12 horas, y es adecuada para agua, caf\u00e9, leche, cacao, jugo y m\u00e1s.<\/span><\/p>\n<p><strong><span class=\"a-list-item\">Vaso con recubrimiento de polvo de color<\/span><\/strong><\/p>\n<p><span class=\"a-list-item\">Gracias al recubrimiento en polvo, nuestros vasos de viaje aislantes son perfectos para grabados l\u00e1ser, calcoman\u00edas de vinilo o pinturas de colores. Puede crear su propio vaso personalizado con su propio dise\u00f1o art\u00edstico.<\/span><\/p>\n<p><strong><span class=\"a-list-item\">Tama\u00f1o perfecto y vers\u00e1til<\/span><\/strong><\/p>\n<p><span class=\"a-list-item\">La capacidad del vaso es de 590 ml y tiene una forma suave que se adapta f\u00e1cilmente a la mayor\u00eda de los portavasos de los autom\u00f3viles, para que puedas seguir bebiendo lo suficiente, incluso en tus d\u00edas m\u00e1s ajetreados.<\/span><\/p>\n<p><img fetchpriority=\"high\" decoding=\"async\" class=\"alignnone size-full wp-image-3246\" src=\"https:\/\/www.auspacekitchenware.com\/wp-content\/uploads\/2025\/02\/89be2951-fda0-4664-9aed-c906752de87a.__CR00970600_PT0_SX970_V1___-2025022108060883.webp\" alt=\"\" width=\"1400\" height=\"400\" \/><\/p>","protected":false},"excerpt":{"rendered":"<table style=\"height: 304px\" width=\"672\">\n<tbody>\n<tr>\n<td>Modelo (n\u00famero de producto):<\/td>\n<td>AM-1042<\/td>\n<\/tr>\n<tr>\n<td>Tama\u00f1o del producto:<\/td>\n<td>3,4 pulgadas de ancho x 7,5 pulgadas de alto<\/td>\n<\/tr>\n<tr>\n<td>Material del producto:<\/td>\n<td>Acero inoxidable<\/td>\n<\/tr>\n<tr>\n<td>Color del producto:<\/td>\n<td>De color<\/td>\n<\/tr>\n<tr>\n<td>Informaci\u00f3n sobre el empaque:<\/td>\n<td>20 piezas por caja<\/td>\n<\/tr>\n<tr>\n<td>Cantidad m\u00ednima de pedido:<\/td>\n<td>1000 unidades<\/td>\n<\/tr>\n<tr>\n<td>Origen:<\/td>\n<td>China<\/td>\n<\/tr>\n<tr>\n<td>Precio:<\/td>\n<td>Negociaci\u00f3n<\/td>\n<\/tr>\n<\/tbody>\n<\/table>","protected":false},"featured_media":3249,"comment_status":"open","ping_status":"closed","template":"","meta":{"_acf_changed":false},"product_brand":[],"product_cat":[20,53],"product_tag":[],"class_list":{"0":"post-3236","1":"product","2":"type-product","3":"status-publish","4":"has-post-thumbnail","6":"product_cat-water-bottles","7":"product_cat-stainless-steel-tumbler","8":"pif-has-gallery","10":"first","11":"instock","12":"shipping-taxable","13":"product-type-simple"},"acf":[],"_links":{"self":[{"href":"http:\/\/www.auspacekitchenware.com\/es\/wp-json\/wp\/v2\/product\/3236","targetHints":{"allow":["GET"]}}],"collection":[{"href":"http:\/\/www.auspacekitchenware.com\/es\/wp-json\/wp\/v2\/product"}],"about":[{"href":"http:\/\/www.auspacekitchenware.com\/es\/wp-json\/wp\/v2\/types\/product"}],"replies":[{"embeddable":true,"href":"http:\/\/www.auspacekitchenware.com\/es\/wp-json\/wp\/v2\/comments?post=3236"}],"wp:featuredmedia":[{"embeddable":true,"href":"http:\/\/www.auspacekitchenware.com\/es\/wp-json\/wp\/v2\/media\/3249"}],"wp:attachment":[{"href":"http:\/\/www.auspacekitchenware.com\/es\/wp-json\/wp\/v2\/media?parent=3236"}],"wp:term":[{"taxonomy":"product_brand","embeddable":true,"href":"http:\/\/www.auspacekitchenware.com\/es\/wp-json\/wp\/v2\/product_brand?post=3236"},{"taxonomy":"product_cat","embeddable":true,"href":"http:\/\/www.auspacekitchenware.com\/es\/wp-json\/wp\/v2\/product_cat?post=3236"},{"taxonomy":"product_tag","embeddable":true,"href":"http:\/\/www.auspacekitchenware.com\/es\/wp-json\/wp\/v2\/product_tag?post=3236"}],"curies":[{"name":"wp","href":"https:\/\/api.w.org\/{rel}","templated":true}]}}