{"id":4602,"date":"2025-03-25T01:54:05","date_gmt":"2025-03-25T01:54:05","guid":{"rendered":"https:\/\/auspacekitchenware.com\/?post_type=product&#038;p=4602"},"modified":"2025-03-31T02:15:25","modified_gmt":"2025-03-31T02:15:25","slug":"moldes-para-cupcakes-dorados-con-forma-de-tulipan-al-por-mayor","status":"publish","type":"product","link":"http:\/\/www.auspacekitchenware.com\/es\/gold-tulip-cupcake-liners-wholesale\/","title":{"rendered":"Moldes para cupcakes Tulip\u00e1n dorado al por mayor"},"content":{"rendered":"<div id=\"featurebullets_feature_div\" class=\"celwidget\" data-feature-name=\"featurebullets\" data-csa-c-type=\"widget\" data-csa-c-content-id=\"featurebullets\" data-csa-c-slot-id=\"featurebullets_feature_div\" data-csa-c-asin=\"B08M189CPJ\" data-csa-c-is-in-initial-active-row=\"false\" data-csa-c-id=\"e07bx0-gd5ufp-ftm36-nvws2u\" data-cel-widget=\"featurebullets_feature_div\">\n<div id=\"feature-bullets\" class=\"a-section a-spacing-medium a-spacing-top-small\">\n<h4 class=\"a-spacing-mini\">Magdalenas Gold Tulip<\/h4>\n<p>Golden Lining ofrece seis colores para elegir, est\u00e1 fabricado con materiales de alta calidad aptos para hornear a 215 \u00b0C, tiene una forma robusta que no requiere molde y est\u00e1 dise\u00f1ado para abrirse f\u00e1cilmente a la hora de disfrutar del pastel.<\/p>\n<h4 class=\"a-spacing-mini\">Moldes est\u00e1ndar para cupcakes Tulip<\/h4>\n<p>El molde para hornear con forma de tulip\u00e1n de papel antigrasa viene en tres dise\u00f1os diferentes: rayas, peri\u00f3dicos y colores lisos. Es apto para hornear a 215 \u00b0C y est\u00e1 dise\u00f1ado para que sea f\u00e1cil de abrir cuando disfrutes del pastel.<\/p>\n<h4 class=\"a-spacing-mini\">Moldes de aluminio para hornear con tapas<\/h4>\n<p><span class=\"a-list-item\">Estas c\u00e1psulas para cupcakes Gold Tulip protegen tus postres de cualquier da\u00f1o. Son f\u00e1ciles de transportar y apilar, por lo que puedes llevar los pasteles f\u00e1cilmente sin necesidad de cajas para cupcakes, y tambi\u00e9n puedes guardarlos c\u00f3modamente en el refrigerador para mantenerlos frescos.<\/span><\/p>\n<p><strong>Material ecol\u00f3gico<\/strong><\/p>\n<p>Antiadherente y resistente al aceite, sin sabor, limpio y ecol\u00f3gico, desechable y moderno.<span class=\"a-list-item\">Almacena alimentos como cupcakes, cr\u00e8me br\u00fbl\u00e9e, crujientes, pasteles, rollos de canela, tartas de queso, natillas, pudines, etc.<\/span><\/p>\n<p><span class=\"a-list-item\"><img fetchpriority=\"high\" decoding=\"async\" class=\"alignnone size-full wp-image-4595\" src=\"https:\/\/www.auspacekitchenware.com\/wp-content\/uploads\/2025\/03\/l1-2025032501352930.webp\" alt=\"\" width=\"1400\" height=\"400\" \/><\/span><\/p>\n<\/div>\n<\/div>","protected":false},"excerpt":{"rendered":"<table style=\"height: 304px\" width=\"672\">\n<tbody>\n<tr>\n<td>Modelo (n\u00famero de producto):<\/td>\n<td>TT25BC03<\/td>\n<\/tr>\n<tr>\n<td>Tama\u00f1o del producto:<\/td>\n<td>2,7\u2033 x 1,6\u2033<\/td>\n<\/tr>\n<tr>\n<td>Material del producto:<\/td>\n<td>Aluminio<\/td>\n<\/tr>\n<tr>\n<td>Color del producto:<\/td>\n<td>Personalizado<\/td>\n<\/tr>\n<tr>\n<td>Informaci\u00f3n sobre el empaque:<\/td>\n<td>24 piezas por caja<\/td>\n<\/tr>\n<tr>\n<td>Cantidad m\u00ednima de pedido:<\/td>\n<td>500 unidades<\/td>\n<\/tr>\n<tr>\n<td>Origen:<\/td>\n<td>China<\/td>\n<\/tr>\n<tr>\n<td>Precio:<\/td>\n<td>Negociaci\u00f3n<\/td>\n<\/tr>\n<\/tbody>\n<\/table>","protected":false},"featured_media":4603,"comment_status":"open","ping_status":"closed","template":"","meta":{"_acf_changed":false},"product_brand":[],"product_cat":[80,18],"product_tag":[],"class_list":{"0":"post-4602","1":"product","2":"type-product","3":"status-publish","4":"has-post-thumbnail","6":"product_cat-baking-cups-bakeware","7":"product_cat-bakeware","8":"pif-has-gallery","10":"first","11":"instock","12":"shipping-taxable","13":"product-type-simple"},"acf":[],"_links":{"self":[{"href":"http:\/\/www.auspacekitchenware.com\/es\/wp-json\/wp\/v2\/product\/4602","targetHints":{"allow":["GET"]}}],"collection":[{"href":"http:\/\/www.auspacekitchenware.com\/es\/wp-json\/wp\/v2\/product"}],"about":[{"href":"http:\/\/www.auspacekitchenware.com\/es\/wp-json\/wp\/v2\/types\/product"}],"replies":[{"embeddable":true,"href":"http:\/\/www.auspacekitchenware.com\/es\/wp-json\/wp\/v2\/comments?post=4602"}],"wp:featuredmedia":[{"embeddable":true,"href":"http:\/\/www.auspacekitchenware.com\/es\/wp-json\/wp\/v2\/media\/4603"}],"wp:attachment":[{"href":"http:\/\/www.auspacekitchenware.com\/es\/wp-json\/wp\/v2\/media?parent=4602"}],"wp:term":[{"taxonomy":"product_brand","embeddable":true,"href":"http:\/\/www.auspacekitchenware.com\/es\/wp-json\/wp\/v2\/product_brand?post=4602"},{"taxonomy":"product_cat","embeddable":true,"href":"http:\/\/www.auspacekitchenware.com\/es\/wp-json\/wp\/v2\/product_cat?post=4602"},{"taxonomy":"product_tag","embeddable":true,"href":"http:\/\/www.auspacekitchenware.com\/es\/wp-json\/wp\/v2\/product_tag?post=4602"}],"curies":[{"name":"wp","href":"https:\/\/api.w.org\/{rel}","templated":true}]}}