{"id":4608,"date":"2025-03-25T02:09:43","date_gmt":"2025-03-25T02:09:43","guid":{"rendered":"https:\/\/auspacekitchenware.com\/?post_type=product&#038;p=4608"},"modified":"2025-03-31T02:11:21","modified_gmt":"2025-03-31T02:11:21","slug":"moldes-desechables-de-aluminio-para-magdalenas-al-por-mayor","status":"publish","type":"product","link":"http:\/\/www.auspacekitchenware.com\/es\/disposable-foil-muffin-liners-wholesale\/","title":{"rendered":"Moldes desechables de aluminio para magdalenas al por mayor"},"content":{"rendered":"<div id=\"featurebullets_feature_div\" class=\"celwidget\" data-feature-name=\"featurebullets\" data-csa-c-type=\"widget\" data-csa-c-content-id=\"featurebullets\" data-csa-c-slot-id=\"featurebullets_feature_div\" data-csa-c-asin=\"B08M189CPJ\" data-csa-c-is-in-initial-active-row=\"false\" data-csa-c-id=\"e07bx0-gd5ufp-ftm36-nvws2u\" data-cel-widget=\"featurebullets_feature_div\">\n<div id=\"feature-bullets\" class=\"a-section a-spacing-medium a-spacing-top-small\">\n<p><strong><span class=\"a-list-item\">Apto para horno<\/span><\/strong><\/p>\n<p><span class=\"a-list-item\">Estos moldes desechables para magdalenas de aluminio pueden soportar altas temperaturas de hasta 220 \u2103\/428 \u2109 en el horno; normalmente, para hornear solo es necesario alcanzar los 180 \u2103\/356 \u2109. Col\u00f3quelos en el horno y hornee directamente, sin necesidad de bandejas, sartenes ni utensilios de reposter\u00eda.<\/span><\/p>\n<p><strong><span class=\"a-list-item\">Papel de aluminio<\/span><\/strong><\/p>\n<p><span class=\"a-list-item\">Fabricados con papel de aluminio resistente apto para uso alimentario, nuestros moldes desechables para magdalenas se calientan m\u00e1s r\u00e1pido, tienen una superficie lisa y son ligeramente impermeables y resistentes al aceite.<\/span><\/p>\n<p><strong><span class=\"a-list-item\">Bonito y funcional<\/span><\/strong><\/p>\n<p><span class=\"a-list-item\">Pueden ser vasos desechables y reutilizables, perfectos como vasos individuales y moldes para postres peque\u00f1os, como para contener cr\u00e8me br\u00fbl\u00e9e, pasteles peque\u00f1os, mini tartas de queso, pud\u00edn, natillas, tartas de degustaci\u00f3n, bark o brownies, etc.<\/span><\/p>\n<p><strong><span class=\"a-list-item\">Diversas aplicaciones<\/span><\/strong><\/p>\n<p><span class=\"a-list-item\">\u00a1Moldes para hornear del tama\u00f1o perfecto para cualquier tipo de dulce o postre! Ideales para fiestas, d\u00edas festivos, regalos para compa\u00f1eros de trabajo, presentaciones bonitas en pasteler\u00edas, etc.<\/span><\/p>\n<p><strong><span class=\"a-list-item\">Sellar a la perfecci\u00f3n<\/span><\/strong><\/p>\n<p><span class=\"a-list-item\">Las tapas transparentes gratuitas se cierran herm\u00e9ticamente al molde, mantienen los alimentos frescos y limpios, y tambi\u00e9n facilitan el transporte de los pastelitos sin necesidad de cajas especiales.<\/span><\/p>\n<p><span class=\"a-list-item\"><img fetchpriority=\"high\" decoding=\"async\" class=\"alignnone size-full wp-image-4595\" src=\"https:\/\/www.auspacekitchenware.com\/wp-content\/uploads\/2025\/03\/l1-2025032501352930.webp\" alt=\"\" width=\"1400\" height=\"400\" \/><\/span><\/p>\n<\/div>\n<\/div>","protected":false},"excerpt":{"rendered":"<table style=\"height: 304px\" width=\"672\">\n<tbody>\n<tr>\n<td>Modelo (n\u00famero de producto):<\/td>\n<td>TT25BC01<\/td>\n<\/tr>\n<tr>\n<td>Tama\u00f1o del producto:<\/td>\n<td>8,5 x 8,5 x 5,5 cm<\/td>\n<\/tr>\n<tr>\n<td>Material del producto:<\/td>\n<td>Aluminio<\/td>\n<\/tr>\n<tr>\n<td>Color del producto:<\/td>\n<td>Personalizado<\/td>\n<\/tr>\n<tr>\n<td>Informaci\u00f3n sobre el empaque:<\/td>\n<td>24 piezas por caja<\/td>\n<\/tr>\n<tr>\n<td>Cantidad m\u00ednima de pedido:<\/td>\n<td>500 unidades<\/td>\n<\/tr>\n<tr>\n<td>Origen:<\/td>\n<td>China<\/td>\n<\/tr>\n<tr>\n<td>Precio:<\/td>\n<td>Negociaci\u00f3n<\/td>\n<\/tr>\n<\/tbody>\n<\/table>","protected":false},"featured_media":4609,"comment_status":"open","ping_status":"closed","template":"","meta":{"_acf_changed":false},"product_brand":[],"product_cat":[80,18],"product_tag":[],"class_list":{"0":"post-4608","1":"product","2":"type-product","3":"status-publish","4":"has-post-thumbnail","6":"product_cat-baking-cups-bakeware","7":"product_cat-bakeware","8":"pif-has-gallery","10":"first","11":"instock","12":"shipping-taxable","13":"product-type-simple"},"acf":[],"_links":{"self":[{"href":"http:\/\/www.auspacekitchenware.com\/es\/wp-json\/wp\/v2\/product\/4608","targetHints":{"allow":["GET"]}}],"collection":[{"href":"http:\/\/www.auspacekitchenware.com\/es\/wp-json\/wp\/v2\/product"}],"about":[{"href":"http:\/\/www.auspacekitchenware.com\/es\/wp-json\/wp\/v2\/types\/product"}],"replies":[{"embeddable":true,"href":"http:\/\/www.auspacekitchenware.com\/es\/wp-json\/wp\/v2\/comments?post=4608"}],"wp:featuredmedia":[{"embeddable":true,"href":"http:\/\/www.auspacekitchenware.com\/es\/wp-json\/wp\/v2\/media\/4609"}],"wp:attachment":[{"href":"http:\/\/www.auspacekitchenware.com\/es\/wp-json\/wp\/v2\/media?parent=4608"}],"wp:term":[{"taxonomy":"product_brand","embeddable":true,"href":"http:\/\/www.auspacekitchenware.com\/es\/wp-json\/wp\/v2\/product_brand?post=4608"},{"taxonomy":"product_cat","embeddable":true,"href":"http:\/\/www.auspacekitchenware.com\/es\/wp-json\/wp\/v2\/product_cat?post=4608"},{"taxonomy":"product_tag","embeddable":true,"href":"http:\/\/www.auspacekitchenware.com\/es\/wp-json\/wp\/v2\/product_tag?post=4608"}],"curies":[{"name":"wp","href":"https:\/\/api.w.org\/{rel}","templated":true}]}}