{"id":4620,"date":"2025-03-25T02:31:26","date_gmt":"2025-03-25T02:31:26","guid":{"rendered":"https:\/\/auspacekitchenware.com\/?post_type=product&#038;p=4620"},"modified":"2025-03-31T02:12:29","modified_gmt":"2025-03-31T02:12:29","slug":"moldes-desechables-para-cupcakes-resistentes-a-la-grasa-al-por-mayor","status":"publish","type":"product","link":"http:\/\/www.auspacekitchenware.com\/es\/greaseproof-disposable-cupcake-liners-wholesale\/","title":{"rendered":"Moldes desechables para cupcakes resistentes a la grasa al por mayor"},"content":{"rendered":"<div id=\"featurebullets_feature_div\" class=\"celwidget\" data-feature-name=\"featurebullets\" data-csa-c-type=\"widget\" data-csa-c-content-id=\"featurebullets\" data-csa-c-slot-id=\"featurebullets_feature_div\" data-csa-c-asin=\"B08M189CPJ\" data-csa-c-is-in-initial-active-row=\"false\" data-csa-c-id=\"e07bx0-gd5ufp-ftm36-nvws2u\" data-cel-widget=\"featurebullets_feature_div\">\n<div id=\"feature-bullets\" class=\"a-section a-spacing-medium a-spacing-top-small\">\n<p><strong><span class=\"a-list-item\">Moldes para cupcakes premium resistentes a la grasa <\/span><\/strong><\/p>\n<p><span class=\"a-list-item\">Los moldes desechables para cupcakes a prueba de grasa est\u00e1n hechos de papel apto para uso alimentario con un revestimiento interior resistente a la grasa y al agua. No desprenden olores, no son t\u00f3xicos, no desti\u00f1en y el exterior sigue brillante y reluciente mientras horneas tus delicias. Aptos para horno.<\/span><\/p>\n<p><strong><span class=\"a-list-item\">No se necesita molde para muffins para hornear. <\/span><\/strong><\/p>\n<p><span class=\"a-list-item\">Los moldes desechables para cupcakes resistentes a la grasa son lo suficientemente duraderos como para contener la masa y mantenerse en pie por s\u00ed solos, a diferencia de otros moldes de papel fino para cupcakes. Con los moldes para cupcakes Dootafy no es necesario utilizar un molde para muffins. \u00a1Tambi\u00e9n son ideales para contener dulces, palomitas, frutos secos y otros aperitivos para fiestas!<\/span><\/p>\n<p><strong><span class=\"a-list-item\">Molde para muffins de tama\u00f1o est\u00e1ndar <\/span><\/strong><\/p>\n<p><span class=\"a-list-item\">Moldes para cupcakes de tama\u00f1o jumbo, cada molde mide: 7 cm de ancho x 5,5 cm de alto. Resistentes a altas temperaturas de hasta 215 \u00b0C. El paquete incluye 50 moldes de papel azul para magdalenas, m\u00e1s 5 moldes de repuesto por los que se hayan da\u00f1ado durante el env\u00edo.<\/span><\/p>\n<p><strong><span class=\"a-list-item\">Moldes para cupcakes de papel plateado brillante <\/span><\/strong><\/p>\n<p><span class=\"a-list-item\">Con sus bonitos colores vivos, los moldes desechables para cupcakes Greaseproof son una forma r\u00e1pida y festiva de decorar tus postres, galletas y pasteles para que resulten m\u00e1s atractivos e impresionantes. Los moldes para muffins Dootafy est\u00e1n disponibles en tres colores: ROJO, AZUL y PLATEADO. Son ideales para diferentes fiestas tem\u00e1ticas, bodas, cumplea\u00f1os, celebraciones, vacaciones, baby showers, Acci\u00f3n de Gracias o decoraciones navide\u00f1as de Halloween.<\/span><\/p>\n<p>&nbsp;<\/p>\n<p><span class=\"a-list-item\"><img fetchpriority=\"high\" decoding=\"async\" class=\"alignnone size-full wp-image-4595\" src=\"https:\/\/www.auspacekitchenware.com\/wp-content\/uploads\/2025\/03\/l1-2025032501352930.webp\" alt=\"\" width=\"1400\" height=\"400\" \/><\/span><\/p>\n<\/div>\n<\/div>","protected":false},"excerpt":{"rendered":"<table style=\"height: 304px\" width=\"672\">\n<tbody>\n<tr>\n<td>Modelo (n\u00famero de producto):<\/td>\n<td>TT25BC05<\/td>\n<\/tr>\n<tr>\n<td>Tama\u00f1o del producto:<\/td>\n<td>35,5 x 7 x 6,8 cm<\/td>\n<\/tr>\n<tr>\n<td>Material del producto:<\/td>\n<td>Papel<\/td>\n<\/tr>\n<tr>\n<td>Color del producto:<\/td>\n<td>Personalizado<\/td>\n<\/tr>\n<tr>\n<td>Informaci\u00f3n sobre el empaque:<\/td>\n<td>24 piezas por caja<\/td>\n<\/tr>\n<tr>\n<td>Cantidad m\u00ednima de pedido:<\/td>\n<td>500 unidades<\/td>\n<\/tr>\n<tr>\n<td>Origen:<\/td>\n<td>China<\/td>\n<\/tr>\n<tr>\n<td>Precio:<\/td>\n<td>Negociaci\u00f3n<\/td>\n<\/tr>\n<\/tbody>\n<\/table>","protected":false},"featured_media":4621,"comment_status":"open","ping_status":"closed","template":"","meta":{"_acf_changed":false},"product_brand":[],"product_cat":[80,18],"product_tag":[],"class_list":{"0":"post-4620","1":"product","2":"type-product","3":"status-publish","4":"has-post-thumbnail","6":"product_cat-baking-cups-bakeware","7":"product_cat-bakeware","8":"pif-has-gallery","10":"first","11":"instock","12":"shipping-taxable","13":"product-type-simple"},"acf":[],"_links":{"self":[{"href":"http:\/\/www.auspacekitchenware.com\/es\/wp-json\/wp\/v2\/product\/4620","targetHints":{"allow":["GET"]}}],"collection":[{"href":"http:\/\/www.auspacekitchenware.com\/es\/wp-json\/wp\/v2\/product"}],"about":[{"href":"http:\/\/www.auspacekitchenware.com\/es\/wp-json\/wp\/v2\/types\/product"}],"replies":[{"embeddable":true,"href":"http:\/\/www.auspacekitchenware.com\/es\/wp-json\/wp\/v2\/comments?post=4620"}],"wp:featuredmedia":[{"embeddable":true,"href":"http:\/\/www.auspacekitchenware.com\/es\/wp-json\/wp\/v2\/media\/4621"}],"wp:attachment":[{"href":"http:\/\/www.auspacekitchenware.com\/es\/wp-json\/wp\/v2\/media?parent=4620"}],"wp:term":[{"taxonomy":"product_brand","embeddable":true,"href":"http:\/\/www.auspacekitchenware.com\/es\/wp-json\/wp\/v2\/product_brand?post=4620"},{"taxonomy":"product_cat","embeddable":true,"href":"http:\/\/www.auspacekitchenware.com\/es\/wp-json\/wp\/v2\/product_cat?post=4620"},{"taxonomy":"product_tag","embeddable":true,"href":"http:\/\/www.auspacekitchenware.com\/es\/wp-json\/wp\/v2\/product_tag?post=4620"}],"curies":[{"name":"wp","href":"https:\/\/api.w.org\/{rel}","templated":true}]}}