{"id":4779,"date":"2025-03-28T09:34:55","date_gmt":"2025-03-28T09:34:55","guid":{"rendered":"https:\/\/auspacekitchenware.com\/?post_type=product&#038;p=4779"},"modified":"2025-03-28T09:34:55","modified_gmt":"2025-03-28T09:34:55","slug":"sobre-el-fregadero-escurridor-de-platos","status":"publish","type":"product","link":"http:\/\/www.auspacekitchenware.com\/es\/over-the-sink-dish-drying-rack\/","title":{"rendered":"Escurridor de platos para colocar sobre el fregadero"},"content":{"rendered":"<p><strong><span class=\"a-list-item\">Material y durabilidad<\/span><\/strong><\/p>\n<p><span class=\"a-list-item\">Escurridor de platos para colocar sobre el fregadero, fabricado en acero inoxidable de alta calidad para un uso prolongado. El escurridor de platos para colocar sobre el fregadero tiene una capacidad de carga de 80 libras.<\/span><\/p>\n<p><strong><span class=\"a-list-item\">M\u00faltiples colores y cestas ajustables<\/span><\/strong><\/p>\n<p><span class=\"a-list-item\">Los escurridores de platos en negro, blanco, marr\u00f3n y plateado se adaptan al estilo decorativo de su cocina. Adem\u00e1s, las cestas se pueden colocar en cualquier posici\u00f3n de las barras horizontales seg\u00fan sus necesidades.<\/span><\/p>\n<p><strong><span class=\"a-list-item\">Instalaci\u00f3n y uso<\/span><\/strong><\/p>\n<p><span class=\"a-list-item\">Instale f\u00e1cilmente el escurridor de platos sobre el fregadero con las instrucciones paso a paso que se incluyen en papel. Tambi\u00e9n proporcionamos instrucciones electr\u00f3nicas si es necesario. El escurridor de platos se extiende hasta ocupar 31,5 cm de fondo en la encimera.<\/span><\/p>\n<p><strong><span class=\"a-list-item\">Escurridor vertical para platos para encimeras de cocina peque\u00f1as<\/span><\/strong><\/p>\n<p><span class=\"a-list-item\">Una excelente soluci\u00f3n para a\u00f1adir espacio vertical en la encimera, con un dise\u00f1o sobre el fregadero que permite que el agua de los platos o cucharas se escurra directamente al fregadero, ideal para cocinas peque\u00f1as y como organizador de encimera. Todos los escurridores de platos y sus accesorios se pueden colgar y quitar a tu gusto.<\/span><\/p>\n<p><img fetchpriority=\"high\" decoding=\"async\" class=\"alignnone size-full wp-image-4787\" src=\"https:\/\/www.auspacekitchenware.com\/wp-content\/uploads\/2025\/03\/37acfd5a-8d23-4c45-b01f-97e9ce356d61.__CR00970600_PT0_SX970_V1___-2025032809322138.webp\" alt=\"\" width=\"1400\" height=\"400\" \/><\/p>","protected":false},"excerpt":{"rendered":"<table style=\"height: 304px\" width=\"672\">\n<tbody>\n<tr>\n<td>Modelo (n\u00famero de producto):<\/td>\n<td>AM-1088<\/td>\n<\/tr>\n<tr>\n<td>Tama\u00f1o del producto:<\/td>\n<td>31,5 cm (profundidad) x 87,9 cm (ancho) x 52 cm (alto)<\/td>\n<\/tr>\n<tr>\n<td>Material del producto:<\/td>\n<td>Metal<\/td>\n<\/tr>\n<tr>\n<td>Color del producto:<\/td>\n<td>Personalizado<\/td>\n<\/tr>\n<tr>\n<td>Informaci\u00f3n sobre el empaque:<\/td>\n<td>24 piezas por caja<\/td>\n<\/tr>\n<tr>\n<td>Cantidad m\u00ednima de pedido:<\/td>\n<td>500 unidades<\/td>\n<\/tr>\n<tr>\n<td>Origen:<\/td>\n<td>China<\/td>\n<\/tr>\n<tr>\n<td>Precio:<\/td>\n<td>Negociaci\u00f3n<\/td>\n<\/tr>\n<\/tbody>\n<\/table>","protected":false},"featured_media":4788,"comment_status":"open","ping_status":"closed","template":"","meta":{"_acf_changed":false},"product_brand":[],"product_cat":[19,87],"product_tag":[],"class_list":{"0":"post-4779","1":"product","2":"type-product","3":"status-publish","4":"has-post-thumbnail","6":"product_cat-kitchen-organization","7":"product_cat-dish-drying-rack","8":"pif-has-gallery","10":"first","11":"instock","12":"shipping-taxable","13":"product-type-simple"},"acf":[],"_links":{"self":[{"href":"http:\/\/www.auspacekitchenware.com\/es\/wp-json\/wp\/v2\/product\/4779","targetHints":{"allow":["GET"]}}],"collection":[{"href":"http:\/\/www.auspacekitchenware.com\/es\/wp-json\/wp\/v2\/product"}],"about":[{"href":"http:\/\/www.auspacekitchenware.com\/es\/wp-json\/wp\/v2\/types\/product"}],"replies":[{"embeddable":true,"href":"http:\/\/www.auspacekitchenware.com\/es\/wp-json\/wp\/v2\/comments?post=4779"}],"wp:featuredmedia":[{"embeddable":true,"href":"http:\/\/www.auspacekitchenware.com\/es\/wp-json\/wp\/v2\/media\/4788"}],"wp:attachment":[{"href":"http:\/\/www.auspacekitchenware.com\/es\/wp-json\/wp\/v2\/media?parent=4779"}],"wp:term":[{"taxonomy":"product_brand","embeddable":true,"href":"http:\/\/www.auspacekitchenware.com\/es\/wp-json\/wp\/v2\/product_brand?post=4779"},{"taxonomy":"product_cat","embeddable":true,"href":"http:\/\/www.auspacekitchenware.com\/es\/wp-json\/wp\/v2\/product_cat?post=4779"},{"taxonomy":"product_tag","embeddable":true,"href":"http:\/\/www.auspacekitchenware.com\/es\/wp-json\/wp\/v2\/product_tag?post=4779"}],"curies":[{"name":"wp","href":"https:\/\/api.w.org\/{rel}","templated":true}]}}