{"id":4822,"date":"2025-03-31T03:06:11","date_gmt":"2025-03-31T03:06:11","guid":{"rendered":"https:\/\/auspacekitchenware.com\/?post_type=product&#038;p=4822"},"modified":"2025-03-31T03:11:17","modified_gmt":"2025-03-31T03:11:17","slug":"innovaciones-para-cocinar-tapete-protector-antiadherente-para-horno-al-por-mayor","status":"publish","type":"product","link":"http:\/\/www.auspacekitchenware.com\/es\/cooks-innovations-non-stick-oven-protector-mat-wholesale\/","title":{"rendered":"Alfombrilla protectora antiadherente para horno Cooks Innovations al por mayor"},"content":{"rendered":"<p><strong><span class=\"a-list-item\">CORTAR A LA MEDIDA<\/span><\/strong><\/p>\n<p><span class=\"a-list-item\">Nuestros protectores cuadrados para freidoras de aire caliente vienen en tama\u00f1os de 42 cm x 58 cm y se pueden recortar para adaptarse a la mayor\u00eda de hornos y freidoras de aire caliente. En lugar de tener que buscar el tama\u00f1o que necesita, nuestro protector antiadherente para horno de Cooks Innovations se adapta a casi cualquier horno.<\/span><\/p>\n<p><strong><span class=\"a-list-item\">DURADERO<\/span><\/strong><\/p>\n<p><span class=\"a-list-item\">\u00a1Nuestro revestimiento antiadherente de PTFE 100% para bandejas de horno tostador mantiene limpia la parte inferior de su horno cuando se coloca en la rejilla debajo de lo que est\u00e9 horneando! Nuestro protector de horno protege su horno de salpicaduras, gotas y goteos de pasteles, guisos, pizzas y mucho m\u00e1s antes de que se quemen y se peguen. \u00a1Elimine una tediosa tarea con nuestro revestimiento para horno!<\/span><\/p>\n<p><strong><span class=\"a-list-item\">F\u00c1CIL DE USAR<\/span><\/strong><\/p>\n<p><span class=\"a-list-item\">\u00a1Simplemente corte nuestros protectores para freidoras de aire de calidad profesional para que quepan en una rejilla cerca de la parte inferior de su horno y col\u00f3quelos! Nuestra alfombrilla protectora antiadherente para horno Cooks Innovations es m\u00e1s delgada y ligera que otras, lo que facilita su extracci\u00f3n para limpiarla. \u00a1Adapte f\u00e1cilmente nuestro protector para hornos de gas a su horno sin dejar de recoger los derrames y salpicaduras!<\/span><\/p>\n<p><strong><span class=\"a-list-item\">APTO PARA LAVAPLATOS<\/span><\/strong><\/p>\n<p><span class=\"a-list-item\">No se preocupe por los protectores de rejilla del horno dif\u00edciles de limpiar. Nuestra alfombrilla protectora antiadherente para horno Cooks Innovations para la cesta de la freidora sin aceite se puede quitar f\u00e1cilmente y lavar en el lavavajillas. \u00a1Tambi\u00e9n puede limpiar nuestro protector antiadherente para horno Cooks Innovations con solo pasarle un pa\u00f1o a mano!<\/span><\/p>\n<p><strong><span class=\"a-list-item\">SIN FROTAR<\/span><\/strong><\/p>\n<p><span class=\"a-list-item\">\u00a1Desp\u00eddete de las salpicaduras y los restos quemados con nuestra cubierta para el hueco del horno! Evita frotar y limpiar zonas de dif\u00edcil acceso con nuestros revestimientos extra\u00edbles para hornos. Estos protectores antiadherentes para hornos el\u00e9ctricos de pizza de Cooks Innovations se integran perfectamente en tu horno, \u00a1as\u00ed que tus invitados ni siquiera notar\u00e1n que est\u00e1n ah\u00ed!<\/span><\/p>\n<p><img fetchpriority=\"high\" decoding=\"async\" class=\"alignnone size-full wp-image-4796\" src=\"https:\/\/www.auspacekitchenware.com\/wp-content\/uploads\/2025\/03\/L1-1-2025033101373710.webp\" alt=\"\" width=\"1400\" height=\"400\" \/><\/p>","protected":false},"excerpt":{"rendered":"<table style=\"height: 304px\" width=\"672\">\n<tbody>\n<tr>\n<td>Modelo (n\u00famero de producto):<\/td>\n<td>TT25BM04<\/td>\n<\/tr>\n<tr>\n<td>Tama\u00f1o del producto:<\/td>\n<td>58,4 cm de largo x 41,9 cm de ancho<\/td>\n<\/tr>\n<tr>\n<td>Material del producto:<\/td>\n<td>Fibra de vidrio recubierta de PTFE<\/td>\n<\/tr>\n<tr>\n<td>Color del producto:<\/td>\n<td>Personalizado<\/td>\n<\/tr>\n<tr>\n<td>Informaci\u00f3n sobre el empaque:<\/td>\n<td>24 piezas por caja<\/td>\n<\/tr>\n<tr>\n<td>Cantidad m\u00ednima de pedido:<\/td>\n<td>500 unidades<\/td>\n<\/tr>\n<tr>\n<td>Origen:<\/td>\n<td>China<\/td>\n<\/tr>\n<tr>\n<td>Precio:<\/td>\n<td>Negociaci\u00f3n<\/td>\n<\/tr>\n<\/tbody>\n<\/table>","protected":false},"featured_media":4823,"comment_status":"open","ping_status":"closed","template":"","meta":{"_acf_changed":false},"product_brand":[],"product_cat":[72,17],"product_tag":[],"class_list":{"0":"post-4822","1":"product","2":"type-product","3":"status-publish","4":"has-post-thumbnail","6":"product_cat-baking-mats-kitchen-utensils","7":"product_cat-kitchen-utensils","8":"pif-has-gallery","10":"first","11":"instock","12":"shipping-taxable","13":"product-type-simple"},"acf":[],"_links":{"self":[{"href":"http:\/\/www.auspacekitchenware.com\/es\/wp-json\/wp\/v2\/product\/4822","targetHints":{"allow":["GET"]}}],"collection":[{"href":"http:\/\/www.auspacekitchenware.com\/es\/wp-json\/wp\/v2\/product"}],"about":[{"href":"http:\/\/www.auspacekitchenware.com\/es\/wp-json\/wp\/v2\/types\/product"}],"replies":[{"embeddable":true,"href":"http:\/\/www.auspacekitchenware.com\/es\/wp-json\/wp\/v2\/comments?post=4822"}],"wp:featuredmedia":[{"embeddable":true,"href":"http:\/\/www.auspacekitchenware.com\/es\/wp-json\/wp\/v2\/media\/4823"}],"wp:attachment":[{"href":"http:\/\/www.auspacekitchenware.com\/es\/wp-json\/wp\/v2\/media?parent=4822"}],"wp:term":[{"taxonomy":"product_brand","embeddable":true,"href":"http:\/\/www.auspacekitchenware.com\/es\/wp-json\/wp\/v2\/product_brand?post=4822"},{"taxonomy":"product_cat","embeddable":true,"href":"http:\/\/www.auspacekitchenware.com\/es\/wp-json\/wp\/v2\/product_cat?post=4822"},{"taxonomy":"product_tag","embeddable":true,"href":"http:\/\/www.auspacekitchenware.com\/es\/wp-json\/wp\/v2\/product_tag?post=4822"}],"curies":[{"name":"wp","href":"https:\/\/api.w.org\/{rel}","templated":true}]}}