{"id":5006,"date":"2025-04-02T08:17:46","date_gmt":"2025-04-02T08:17:46","guid":{"rendered":"https:\/\/auspacekitchenware.com\/?post_type=product&#038;p=5006"},"modified":"2025-04-02T08:17:46","modified_gmt":"2025-04-02T08:17:46","slug":"cajones-extraibles-para-gabinetes-de-cocina","status":"publish","type":"product","link":"http:\/\/www.auspacekitchenware.com\/es\/pull-out-drawers-for-kitchen-cabinets\/","title":{"rendered":"1 unidad de cajones extra\u00edbles para gabinetes de cocina"},"content":{"rendered":"<p><strong><span class=\"a-list-item\">Nuevo dise\u00f1o de organizador extra\u00edble para armarios<\/span><\/strong><\/p>\n<p><span class=\"a-list-item\">Los cajones extra\u00edbles para gabinetes de cocina tienen tres rieles deslizantes que los hacen m\u00e1s estables al usarlos y les dan una mayor capacidad de peso. Son muy estables y duraderos, y los rieles se deslizan suavemente sin ruidos molestos. Adem\u00e1s, gracias a su dise\u00f1o de rieles deslizantes de tres secciones, el caj\u00f3n se puede sacar completamente del gabinete, lo que lo hace m\u00e1s c\u00f3modo de usar.<\/span><\/p>\n<p><strong><span class=\"a-list-item\">Dise\u00f1o de cajones extra\u00edbles<\/span><\/strong><\/p>\n<p><span class=\"a-list-item\">Dise\u00f1o con hebilla, los rieles se pueden deslizar hacia afuera, el caj\u00f3n se puede extraer y es m\u00e1s f\u00e1cil de limpiar. Solo hay que mover la hebilla de pl\u00e1stico hacia la izquierda simult\u00e1neamente dentro de los tres rieles deslizantes. (Consejo: se necesitan dos personas, ya que hay que deslizar el caj\u00f3n fuera de los tres rieles simult\u00e1neamente).<\/span><\/p>\n<p><strong><span class=\"a-list-item\">Dise\u00f1o extensible<\/span><\/strong><\/p>\n<p><span class=\"a-list-item\">Nuestro organizador extra\u00edble para armarios est\u00e1 fabricado en acero al carbono inoxidable de alta calidad. Su dise\u00f1o extensible permite ajustarlo a diferentes armarios de cocina. Sus dimensiones son 42 cm de profundidad, 5,8 cm de altura y entre 31 cm y 50 cm de ancho. As\u00ed podr\u00e1 ajustar el ancho de los cajones extra\u00edbles a los armarios de cocina seg\u00fan sus necesidades.<\/span><\/p>\n<p><strong><span class=\"a-list-item\">F\u00e1cil de instalar y mantener<\/span><\/strong><\/p>\n<p><span class=\"a-list-item\">El organizador extra\u00edble para armarios se fija con cinta nano adhesiva y tornillos. Incluye 3 piezas de cinta nano y 9 tornillos. (Consejo: no apto para armarios con marco). El organizador extra\u00edble para armarios tiene muchos orificios y su dise\u00f1o con drenaje facilita la limpieza y el mantenimiento.<\/span><\/p>\n<p><img fetchpriority=\"high\" decoding=\"async\" class=\"alignnone size-full wp-image-5011\" src=\"https:\/\/www.auspacekitchenware.com\/wp-content\/uploads\/2025\/04\/097960cd-24c7-492d-9bac-f4ba35628117.__CR00970600_PT0_SX970_V1___-2025040208170164.webp\" alt=\"\" width=\"1400\" height=\"400\" \/><\/p>","protected":false},"excerpt":{"rendered":"<table style=\"height: 304px\" width=\"672\">\n<tbody>\n<tr>\n<td>Modelo (n\u00famero de producto):<\/td>\n<td>AM-1091<\/td>\n<\/tr>\n<tr>\n<td>Tama\u00f1o del producto:<\/td>\n<td>42 cm (profundidad) x 42 cm (ancho) x 42 cm (alto)<\/td>\n<\/tr>\n<tr>\n<td>Material del producto:<\/td>\n<td>Metal<\/td>\n<\/tr>\n<tr>\n<td>Color del producto:<\/td>\n<td>Personalizado<\/td>\n<\/tr>\n<tr>\n<td>Informaci\u00f3n sobre el empaque:<\/td>\n<td>24 piezas por caja<\/td>\n<\/tr>\n<tr>\n<td>Cantidad m\u00ednima de pedido:<\/td>\n<td>500 unidades<\/td>\n<\/tr>\n<tr>\n<td>Origen:<\/td>\n<td>China<\/td>\n<\/tr>\n<tr>\n<td>Precio:<\/td>\n<td>Negociaci\u00f3n<\/td>\n<\/tr>\n<\/tbody>\n<\/table>","protected":false},"featured_media":5012,"comment_status":"open","ping_status":"closed","template":"","meta":{"_acf_changed":false},"product_brand":[],"product_cat":[19,86],"product_tag":[],"class_list":{"0":"post-5006","1":"product","2":"type-product","3":"status-publish","4":"has-post-thumbnail","6":"product_cat-kitchen-organization","7":"product_cat-kitchen-drawer-organizers","8":"pif-has-gallery","10":"first","11":"instock","12":"shipping-taxable","13":"product-type-simple"},"acf":[],"_links":{"self":[{"href":"http:\/\/www.auspacekitchenware.com\/es\/wp-json\/wp\/v2\/product\/5006","targetHints":{"allow":["GET"]}}],"collection":[{"href":"http:\/\/www.auspacekitchenware.com\/es\/wp-json\/wp\/v2\/product"}],"about":[{"href":"http:\/\/www.auspacekitchenware.com\/es\/wp-json\/wp\/v2\/types\/product"}],"replies":[{"embeddable":true,"href":"http:\/\/www.auspacekitchenware.com\/es\/wp-json\/wp\/v2\/comments?post=5006"}],"wp:featuredmedia":[{"embeddable":true,"href":"http:\/\/www.auspacekitchenware.com\/es\/wp-json\/wp\/v2\/media\/5012"}],"wp:attachment":[{"href":"http:\/\/www.auspacekitchenware.com\/es\/wp-json\/wp\/v2\/media?parent=5006"}],"wp:term":[{"taxonomy":"product_brand","embeddable":true,"href":"http:\/\/www.auspacekitchenware.com\/es\/wp-json\/wp\/v2\/product_brand?post=5006"},{"taxonomy":"product_cat","embeddable":true,"href":"http:\/\/www.auspacekitchenware.com\/es\/wp-json\/wp\/v2\/product_cat?post=5006"},{"taxonomy":"product_tag","embeddable":true,"href":"http:\/\/www.auspacekitchenware.com\/es\/wp-json\/wp\/v2\/product_tag?post=5006"}],"curies":[{"name":"wp","href":"https:\/\/api.w.org\/{rel}","templated":true}]}}