{"id":5013,"date":"2025-04-02T08:38:04","date_gmt":"2025-04-02T08:38:04","guid":{"rendered":"https:\/\/auspacekitchenware.com\/?post_type=product&#038;p=5013"},"modified":"2025-04-02T08:38:04","modified_gmt":"2025-04-02T08:38:04","slug":"pull-out-home-storage","status":"publish","type":"product","link":"http:\/\/www.auspacekitchenware.com\/es\/pull-out-home-storage\/","title":{"rendered":"Almacenamiento extra\u00edble para el ba\u00f1o, la cocina y el escritorio"},"content":{"rendered":"<p><strong><span class=\"a-list-item\">Premium Iron Material<\/span><\/strong><\/p>\n<p><span class=\"a-list-item\">The Pull Out Home Storage is made of premium metal and has a stable structure that can withstand more weight. Sturdy and wear-resistant with scratch-resistant coating. You can safely store large bottles of toiletries and kitchen supplies.<\/span><\/p>\n<p><strong><span class=\"a-list-item\">Large Capacity<\/span><\/strong><\/p>\n<p><span class=\"a-list-item\">14.6\u00d710.2\u00d715.2 inches (L\u00d7W\u00d7H). Drawer Height: 5.3 in. This larger space can store more daily necessities. The pull-out home organizers can store your hair care and skincare products, toiletries, laundry products; spice jars, cans, sauces in the kitchen.<\/span><\/p>\n<p><strong><span class=\"a-list-item\">2-Tier Removable Drawers<\/span><\/strong><\/p>\n<p><span class=\"a-list-item\">You can place your necessities in 2 layers, and the iron mesh visual structure makes it easy for you to see where you want items at a glance. Reasonable use of your vertical space can keep your countertop or under the sink organized.<\/span><\/p>\n<p><strong><span class=\"a-list-item\">Easy To Assemble<\/span><\/strong><\/p>\n<p><span class=\"a-list-item\">You can use the complete set of installation tools and instructions in the package to easily install it. If you have any questions, we provide 24-hour good technical support services.<\/span><\/p>\n<p><img fetchpriority=\"high\" decoding=\"async\" class=\"alignnone size-full wp-image-5015\" src=\"https:\/\/www.auspacekitchenware.com\/wp-content\/uploads\/2025\/04\/08c37868-0892-40b3-aec4-14419fee89e2.__CR001464600_PT0_SX1464_V1___-2025040208371189.webp\" alt=\"\" width=\"1400\" height=\"400\" \/><\/p>","protected":false},"excerpt":{"rendered":"<table style=\"height: 304px\" width=\"672\">\n<tbody>\n<tr>\n<td>Modelo (n\u00famero de producto):<\/td>\n<td>AM-1092<\/td>\n<\/tr>\n<tr>\n<td>Tama\u00f1o del producto:<\/td>\n<td>14.6&#8243;D x 10.2&#8243;W x 15.2&#8243;H<\/td>\n<\/tr>\n<tr>\n<td>Material del producto:<\/td>\n<td>Metal<\/td>\n<\/tr>\n<tr>\n<td>Color del producto:<\/td>\n<td>Personalizado<\/td>\n<\/tr>\n<tr>\n<td>Informaci\u00f3n sobre el empaque:<\/td>\n<td>24 piezas por caja<\/td>\n<\/tr>\n<tr>\n<td>Cantidad m\u00ednima de pedido:<\/td>\n<td>500 unidades<\/td>\n<\/tr>\n<tr>\n<td>Origen:<\/td>\n<td>China<\/td>\n<\/tr>\n<tr>\n<td>Precio:<\/td>\n<td>Negociaci\u00f3n<\/td>\n<\/tr>\n<\/tbody>\n<\/table>","protected":false},"featured_media":5019,"comment_status":"open","ping_status":"closed","template":"","meta":{"_acf_changed":false},"product_brand":[],"product_cat":[19,86],"product_tag":[],"class_list":{"0":"post-5013","1":"product","2":"type-product","3":"status-publish","4":"has-post-thumbnail","6":"product_cat-kitchen-organization","7":"product_cat-kitchen-drawer-organizers","8":"pif-has-gallery","10":"first","11":"instock","12":"shipping-taxable","13":"product-type-simple"},"acf":[],"_links":{"self":[{"href":"http:\/\/www.auspacekitchenware.com\/es\/wp-json\/wp\/v2\/product\/5013","targetHints":{"allow":["GET"]}}],"collection":[{"href":"http:\/\/www.auspacekitchenware.com\/es\/wp-json\/wp\/v2\/product"}],"about":[{"href":"http:\/\/www.auspacekitchenware.com\/es\/wp-json\/wp\/v2\/types\/product"}],"replies":[{"embeddable":true,"href":"http:\/\/www.auspacekitchenware.com\/es\/wp-json\/wp\/v2\/comments?post=5013"}],"wp:featuredmedia":[{"embeddable":true,"href":"http:\/\/www.auspacekitchenware.com\/es\/wp-json\/wp\/v2\/media\/5019"}],"wp:attachment":[{"href":"http:\/\/www.auspacekitchenware.com\/es\/wp-json\/wp\/v2\/media?parent=5013"}],"wp:term":[{"taxonomy":"product_brand","embeddable":true,"href":"http:\/\/www.auspacekitchenware.com\/es\/wp-json\/wp\/v2\/product_brand?post=5013"},{"taxonomy":"product_cat","embeddable":true,"href":"http:\/\/www.auspacekitchenware.com\/es\/wp-json\/wp\/v2\/product_cat?post=5013"},{"taxonomy":"product_tag","embeddable":true,"href":"http:\/\/www.auspacekitchenware.com\/es\/wp-json\/wp\/v2\/product_tag?post=5013"}],"curies":[{"name":"wp","href":"https:\/\/api.w.org\/{rel}","templated":true}]}}