{"id":5140,"date":"2025-04-10T07:18:47","date_gmt":"2025-04-10T07:18:47","guid":{"rendered":"https:\/\/auspacekitchenware.com\/?post_type=product&#038;p=5140"},"modified":"2025-04-24T01:10:39","modified_gmt":"2025-04-24T01:10:39","slug":"escurridor-de-platos-para-encimera-de-cocina-al-por-mayor","status":"publish","type":"product","link":"http:\/\/www.auspacekitchenware.com\/es\/dish-drying-rack-for-kitchen-counter-wholesale\/","title":{"rendered":"Secador de platos de bamb\u00fa al por mayor"},"content":{"rendered":"<p><strong><span class=\"a-list-item\">ESTRIPE PARA SECAR PLATOS con 2 RUEDAS: <\/span><\/strong><\/p>\n<p><span class=\"a-list-item\">El escurridor cuenta con dos niveles y 19 ranuras de gran capacidad. El nivel superior es perfecto para 19 platos cuadrados o redondos de tama\u00f1o normal, incluso tablas de cortar, y mantiene los platos en posici\u00f3n vertical y accesibles. El nivel inferior es para tazones, tazas, vasos, copas y utensilios de cocina.<\/span><\/p>\n<p><strong><span class=\"a-list-item\">DISE\u00d1O PLEGABLE EN X: <\/span><\/strong><\/p>\n<p><span class=\"a-list-item\">El dise\u00f1o en X estabiliza el escurridor, y su facilidad para plegarse permite guardarlo f\u00e1cilmente y ocupa un espacio m\u00ednimo en la encimera.<\/span><\/p>\n<p><strong><span class=\"a-list-item\">BAMB\u00da MADURO NATURAL DE PRIMERA CALIDAD:<\/span><\/strong><\/p>\n<p><span class=\"a-list-item\"> El escurridor de platos est\u00e1 fabricado \u00edntegramente con bamb\u00fa renovable y acabado con aceite apto para uso alimentario, para mantenerlo libre de olores y manchas, conservar su belleza y prolongar su vida \u00fatil durante a\u00f1os.<\/span><\/p>\n<p><strong><span class=\"a-list-item\">RESISTENCIA A LAS MANCHAS:<\/span><\/strong><\/p>\n<p>El escurridor de platos no se mancha con tus platos y tazones porque el acabado al aceite facilita su lavado con agua y jab\u00f3n.<\/p>\n<p><strong><span class=\"a-list-item\">TAMA\u00d1O: desplegado: <\/span><\/strong><\/p>\n<p><span class=\"a-list-item\">45 cm de largo x 26 cm de ancho x 23 cm de alto; plegado: 43 cm de largo x 32 cm de alto. Si por cualquier motivo nuestro producto no cumple con sus expectativas, p\u00f3ngase en contacto con nosotros y le ofreceremos un reemplazo o un reembolso.<\/span><\/p>\n<p><img fetchpriority=\"high\" decoding=\"async\" class=\"alignnone size-full wp-image-5148\" src=\"https:\/\/www.auspacekitchenware.com\/wp-content\/uploads\/2025\/04\/ca959e4c-c64a-4e01-9a11-dbb880ee04b3.__CR00970600_PT0_SX970_V1___-2025041007373587.webp\" alt=\"escurridor de platos\" width=\"1400\" height=\"400\" \/><\/p>","protected":false},"excerpt":{"rendered":"<table style=\"height: 304px\" width=\"672\">\n<tbody>\n<tr>\n<td>Modelo (n\u00famero de producto):<\/td>\n<td>HT-25032018<\/td>\n<\/tr>\n<tr>\n<td>Tama\u00f1o del producto:<\/td>\n<td>23,5 cm (profundidad) x 26 cm (ancho) x 45 cm (alto)<\/td>\n<\/tr>\n<tr>\n<td>Material del producto:<\/td>\n<td>Bamb\u00fa<\/td>\n<\/tr>\n<tr>\n<td>Color del producto:<\/td>\n<td>Personalizado<\/td>\n<\/tr>\n<tr>\n<td>Informaci\u00f3n sobre el empaque:<\/td>\n<td>24 piezas por caja<\/td>\n<\/tr>\n<tr>\n<td>Cantidad m\u00ednima de pedido:<\/td>\n<td>500 unidades<\/td>\n<\/tr>\n<tr>\n<td>Origen:<\/td>\n<td>China<\/td>\n<\/tr>\n<tr>\n<td>Precio:<\/td>\n<td>Negociaci\u00f3n<\/td>\n<\/tr>\n<\/tbody>\n<\/table>","protected":false},"featured_media":5149,"comment_status":"open","ping_status":"closed","template":"","meta":{"_acf_changed":false},"product_brand":[],"product_cat":[87],"product_tag":[],"class_list":{"0":"post-5140","1":"product","2":"type-product","3":"status-publish","4":"has-post-thumbnail","6":"product_cat-dish-drying-rack","7":"pif-has-gallery","9":"first","10":"instock","11":"shipping-taxable","12":"product-type-simple"},"acf":[],"_links":{"self":[{"href":"http:\/\/www.auspacekitchenware.com\/es\/wp-json\/wp\/v2\/product\/5140","targetHints":{"allow":["GET"]}}],"collection":[{"href":"http:\/\/www.auspacekitchenware.com\/es\/wp-json\/wp\/v2\/product"}],"about":[{"href":"http:\/\/www.auspacekitchenware.com\/es\/wp-json\/wp\/v2\/types\/product"}],"replies":[{"embeddable":true,"href":"http:\/\/www.auspacekitchenware.com\/es\/wp-json\/wp\/v2\/comments?post=5140"}],"wp:featuredmedia":[{"embeddable":true,"href":"http:\/\/www.auspacekitchenware.com\/es\/wp-json\/wp\/v2\/media\/5149"}],"wp:attachment":[{"href":"http:\/\/www.auspacekitchenware.com\/es\/wp-json\/wp\/v2\/media?parent=5140"}],"wp:term":[{"taxonomy":"product_brand","embeddable":true,"href":"http:\/\/www.auspacekitchenware.com\/es\/wp-json\/wp\/v2\/product_brand?post=5140"},{"taxonomy":"product_cat","embeddable":true,"href":"http:\/\/www.auspacekitchenware.com\/es\/wp-json\/wp\/v2\/product_cat?post=5140"},{"taxonomy":"product_tag","embeddable":true,"href":"http:\/\/www.auspacekitchenware.com\/es\/wp-json\/wp\/v2\/product_tag?post=5140"}],"curies":[{"name":"wp","href":"https:\/\/api.w.org\/{rel}","templated":true}]}}