{"id":5198,"date":"2025-04-11T09:59:54","date_gmt":"2025-04-11T09:59:54","guid":{"rendered":"https:\/\/auspacekitchenware.com\/?post_type=product&#038;p=5198"},"modified":"2025-05-06T07:41:40","modified_gmt":"2025-05-06T07:41:40","slug":"50-pack-floral-cupcake-wrappers-for-wedding-watercolor-flower-paper-baking-cups-and-muffin-liners-for-garden-tea-parties-baking-favors-bridal-or-baby-showers-2-25-x-2-75-in","status":"publish","type":"product","link":"http:\/\/www.auspacekitchenware.com\/es\/50-pack-floral-cupcake-wrappers-for-wedding-watercolor-flower-paper-baking-cups-and-muffin-liners-for-garden-tea-parties-baking-favors-bridal-or-baby-showers-2-25-x-2-75-in\/","title":{"rendered":"50pcs Floral Cupcake Wrappers \u2013 Wholesale Wedding &amp; Party Liners"},"content":{"rendered":"<h3 class=\"\" data-start=\"103\" data-end=\"137\"><strong data-start=\"107\" data-end=\"137\">C\u00f3modo e higi\u00e9nico<\/strong><\/h3>\n<p class=\"\" data-start=\"138\" data-end=\"470\">Los moldes para hornear ofrecen una experiencia de horneado sin ensuciar, ya que mantienen la masa contenida y minimizan el contacto directo con las bandejas de horno. Esto favorece una mayor higiene tanto en entornos de reposter\u00eda comercial como dom\u00e9sticos, una caracter\u00edstica esencial para cumplir con las normas de seguridad alimentaria. Para los mayoristas, esta comodidad los convierte en un art\u00edculo muy demandado y de compra repetida.<\/p>\n<h3 class=\"\" data-start=\"477\" data-end=\"515\"><strong data-start=\"481\" data-end=\"515\">Dise\u00f1os y tama\u00f1os vers\u00e1tiles<\/strong><\/h3>\n<p class=\"\" data-start=\"516\" data-end=\"808\">Disponibles en diversos materiales (papel, silicona, aluminio) y tama\u00f1os, los moldes para hornear se adaptan a una amplia gama de productos horneados, desde cupcakes hasta muffins e incluso bocaditos. Esta versatilidad aumenta su atractivo en diferentes segmentos del mercado, lo que los convierte en una adici\u00f3n inteligente a cualquier inventario a granel.<\/p>\n<h3 class=\"\" data-start=\"815\" data-end=\"856\"><strong data-start=\"819\" data-end=\"856\">Rentable para el suministro a granel<\/strong><\/h3>\n<p class=\"\" data-start=\"857\" data-end=\"1112\">Ligeros, apilables y f\u00e1ciles de empaquetar, los moldes para hornear son ideales para la distribuci\u00f3n a gran escala. Su bajo costo de producci\u00f3n, combinado con la demanda constante de los consumidores, garantiza una gran rentabilidad para los minoristas e importadores que se abastecen de proveedores mayoristas.<\/p>\n<p data-start=\"857\" data-end=\"1112\"><img fetchpriority=\"high\" decoding=\"async\" class=\"alignnone size-full wp-image-5175\" src=\"https:\/\/www.auspacekitchenware.com\/wp-content\/uploads\/2025\/04\/different_paper_with_labels_added_frosting_cropped-2025041108521415.webp\" alt=\"moldes para hornear - 01\" width=\"1400\" height=\"400\" \/><\/p>","protected":false},"excerpt":{"rendered":"<table style=\"height: 304px\" width=\"672\">\n<tbody>\n<tr>\n<td>Modelo (n\u00famero de producto):<\/td>\n<td>KL-006<\/td>\n<\/tr>\n<tr>\n<td>Tama\u00f1o del producto:<\/td>\n<td>\n<div data-spm-anchor-id=\"a2700.pc-decorate.0.i9.53b13333C9MlZE\">5 onzas<\/div>\n<\/td>\n<\/tr>\n<tr>\n<td>Material del producto:<\/td>\n<td>Papel<\/td>\n<\/tr>\n<tr>\n<td>Color del producto:<\/td>\n<td>Floral<\/td>\n<\/tr>\n<tr>\n<td>Informaci\u00f3n sobre el empaque:<\/td>\n<td>20 juegos por caja<\/td>\n<\/tr>\n<tr>\n<td>Cantidad m\u00ednima de pedido:<\/td>\n<td>1000 unidades<\/td>\n<\/tr>\n<tr>\n<td>Origen:<\/td>\n<td>China<\/td>\n<\/tr>\n<tr>\n<td>Precio:<\/td>\n<td>Negociaci\u00f3n<\/td>\n<\/tr>\n<\/tbody>\n<\/table>","protected":false},"featured_media":5199,"comment_status":"open","ping_status":"closed","template":"","meta":{"_acf_changed":false},"product_brand":[],"product_cat":[18,80],"product_tag":[],"class_list":{"0":"post-5198","1":"product","2":"type-product","3":"status-publish","4":"has-post-thumbnail","6":"product_cat-bakeware","7":"product_cat-baking-cups-bakeware","8":"pif-has-gallery","10":"first","11":"instock","12":"shipping-taxable","13":"product-type-simple"},"acf":[],"_links":{"self":[{"href":"http:\/\/www.auspacekitchenware.com\/es\/wp-json\/wp\/v2\/product\/5198","targetHints":{"allow":["GET"]}}],"collection":[{"href":"http:\/\/www.auspacekitchenware.com\/es\/wp-json\/wp\/v2\/product"}],"about":[{"href":"http:\/\/www.auspacekitchenware.com\/es\/wp-json\/wp\/v2\/types\/product"}],"replies":[{"embeddable":true,"href":"http:\/\/www.auspacekitchenware.com\/es\/wp-json\/wp\/v2\/comments?post=5198"}],"wp:featuredmedia":[{"embeddable":true,"href":"http:\/\/www.auspacekitchenware.com\/es\/wp-json\/wp\/v2\/media\/5199"}],"wp:attachment":[{"href":"http:\/\/www.auspacekitchenware.com\/es\/wp-json\/wp\/v2\/media?parent=5198"}],"wp:term":[{"taxonomy":"product_brand","embeddable":true,"href":"http:\/\/www.auspacekitchenware.com\/es\/wp-json\/wp\/v2\/product_brand?post=5198"},{"taxonomy":"product_cat","embeddable":true,"href":"http:\/\/www.auspacekitchenware.com\/es\/wp-json\/wp\/v2\/product_cat?post=5198"},{"taxonomy":"product_tag","embeddable":true,"href":"http:\/\/www.auspacekitchenware.com\/es\/wp-json\/wp\/v2\/product_tag?post=5198"}],"curies":[{"name":"wp","href":"https:\/\/api.w.org\/{rel}","templated":true}]}}