{"id":5486,"date":"2025-04-24T01:12:38","date_gmt":"2025-04-24T01:12:38","guid":{"rendered":"https:\/\/auspacekitchenware.com\/?post_type=product&#038;p=5486"},"modified":"2025-12-22T06:08:23","modified_gmt":"2025-12-22T06:08:23","slug":"mayorista-de-recipientes-reutilizables-de-silicona-para-almacenar-alimentos","status":"publish","type":"product","link":"http:\/\/www.auspacekitchenware.com\/es\/silicone-reusable-food-storage-wholesaler\/","title":{"rendered":"Mayorista de recipientes reutilizables de silicona para almacenar alimentos"},"content":{"rendered":"<div id=\"featurebullets_feature_div\" class=\"celwidget\" data-feature-name=\"featurebullets\" data-csa-c-type=\"widget\" data-csa-c-content-id=\"featurebullets\" data-csa-c-slot-id=\"featurebullets_feature_div\" data-csa-c-asin=\"B0D2XTGXF1\" data-csa-c-is-in-initial-active-row=\"false\" data-csa-c-id=\"jtn4hd-epzsx1-5dschr-8zadx1\" data-cel-widget=\"featurebullets_feature_div\">\n<div id=\"feature-bullets\" class=\"a-section a-spacing-medium a-spacing-top-small\">\n<p><strong><span class=\"a-list-item\">MEJORES BOLSAS Y TAZAS DE SILICONA:<\/span><\/strong><\/p>\n<p><span class=\"a-list-item\">Estos recipientes reutilizables para almacenar alimentos est\u00e1n fabricados con silicona platino de grado alimentario y cuentan con un cierre herm\u00e9tico Pinch-Loc. No contienen plomo, l\u00e1tex, ftalatos, BPA ni BPS. Adem\u00e1s, una bolsa sustituye a 260 bolsas de pl\u00e1stico de un solo uso al a\u00f1o.<\/span><\/p>\n<p><strong><span class=\"a-list-item\">ENVASES REUTILIZABLES Y LAVABLES: <\/span><\/strong><\/p>\n<p><span class=\"a-list-item\">\u00a0Las bolsas de almacenamiento reutilizables de silicona facilitan el abandono del pl\u00e1stico de un solo uso y satisfacen infinitas necesidades dom\u00e9sticas. Son aptas para el lavavajillas, el microondas, el horno (hasta 218 \u00b0C) y mucho m\u00e1s.<\/span><\/p>\n<p><strong><span class=\"a-list-item\">\u00a0MUCHO ESPACIO: <\/span><\/strong><\/p>\n<p><span class=\"a-list-item\">Desde compras al por mayor hasta almacenamiento en el congelador o organizaci\u00f3n de crayones para los ni\u00f1os, nuestra bolsa reutilizable de silicona para almacenar alimentos est\u00e1 dise\u00f1ada para satisfacer cualquier necesidad, permanecer cerrada y durar mucho tiempo.<\/span><\/p>\n<p><strong><span class=\"a-list-item\">F\u00c1CIL DE CUIDAR: <\/span><\/strong><\/p>\n<p><span class=\"a-list-item\">Simplemente m\u00e9telo en el lavavajillas o l\u00e1valo con agua tibia y jab\u00f3n. Evita darle la vuelta a la bolsa, ya que podr\u00eda romperse.<\/span><\/p>\n<p><strong><span class=\"a-list-item\">PEQUE\u00d1O CAMBIO = GRAN IMPACTO: <\/span><\/strong><\/p>\n<p><span class=\"a-list-item\">Pasarse a los envases reutilizables de silicona para almacenar alimentos es un peque\u00f1o logro que merece la pena celebrar, ya que cada bolsa reutilizable de silicona sustituye a cientos de bolsas de pl\u00e1stico de un solo uso al a\u00f1o.<\/span><\/p>\n<\/div>\n<\/div>\n<p><img fetchpriority=\"high\" decoding=\"async\" class=\"alignnone size-full wp-image-5204\" src=\"https:\/\/www.auspacekitchenware.com\/wp-content\/uploads\/2025\/04\/L1-2025041401292590.webp\" alt=\"\" width=\"1400\" height=\"400\" \/><\/p>","protected":false},"excerpt":{"rendered":"<table style=\"height: 304px\" width=\"672\">\n<tbody>\n<tr>\n<td>Modelo (n\u00famero de producto):<\/td>\n<td>HT-25032025<\/td>\n<\/tr>\n<tr>\n<td>Tama\u00f1o del producto:<\/td>\n<td>12 cm de largo x 21 cm de ancho x 24 cm de alto<\/td>\n<\/tr>\n<tr>\n<td>Material del producto:<\/td>\n<td>Silicona de grado alimenticio 100% Premium<\/td>\n<\/tr>\n<tr>\n<td>Color del producto:<\/td>\n<td>Personalizado<\/td>\n<\/tr>\n<tr>\n<td>Informaci\u00f3n sobre el empaque:<\/td>\n<td>24 piezas por caja<\/td>\n<\/tr>\n<tr>\n<td>Cantidad m\u00ednima de pedido:<\/td>\n<td>500 unidades<\/td>\n<\/tr>\n<tr>\n<td>Origen:<\/td>\n<td>China<\/td>\n<\/tr>\n<tr>\n<td>Precio:<\/td>\n<td>Negociaci\u00f3n<\/td>\n<\/tr>\n<\/tbody>\n<\/table>","protected":false},"featured_media":5491,"comment_status":"open","ping_status":"closed","template":"","meta":{"_acf_changed":false},"product_brand":[],"product_cat":[85,19],"product_tag":[],"class_list":{"0":"post-5486","1":"product","2":"type-product","3":"status-publish","4":"has-post-thumbnail","6":"product_cat-reusable-food-storage-bag","7":"product_cat-kitchen-organization","8":"pif-has-gallery","10":"first","11":"instock","12":"shipping-taxable","13":"product-type-simple"},"acf":[],"_links":{"self":[{"href":"http:\/\/www.auspacekitchenware.com\/es\/wp-json\/wp\/v2\/product\/5486","targetHints":{"allow":["GET"]}}],"collection":[{"href":"http:\/\/www.auspacekitchenware.com\/es\/wp-json\/wp\/v2\/product"}],"about":[{"href":"http:\/\/www.auspacekitchenware.com\/es\/wp-json\/wp\/v2\/types\/product"}],"replies":[{"embeddable":true,"href":"http:\/\/www.auspacekitchenware.com\/es\/wp-json\/wp\/v2\/comments?post=5486"}],"wp:featuredmedia":[{"embeddable":true,"href":"http:\/\/www.auspacekitchenware.com\/es\/wp-json\/wp\/v2\/media\/5491"}],"wp:attachment":[{"href":"http:\/\/www.auspacekitchenware.com\/es\/wp-json\/wp\/v2\/media?parent=5486"}],"wp:term":[{"taxonomy":"product_brand","embeddable":true,"href":"http:\/\/www.auspacekitchenware.com\/es\/wp-json\/wp\/v2\/product_brand?post=5486"},{"taxonomy":"product_cat","embeddable":true,"href":"http:\/\/www.auspacekitchenware.com\/es\/wp-json\/wp\/v2\/product_cat?post=5486"},{"taxonomy":"product_tag","embeddable":true,"href":"http:\/\/www.auspacekitchenware.com\/es\/wp-json\/wp\/v2\/product_tag?post=5486"}],"curies":[{"name":"wp","href":"https:\/\/api.w.org\/{rel}","templated":true}]}}