{"id":6498,"date":"2025-06-10T05:53:32","date_gmt":"2025-06-10T05:53:32","guid":{"rendered":"https:\/\/auspacekitchenware.com\/?post_type=product&#038;p=6498"},"modified":"2025-06-10T06:07:57","modified_gmt":"2025-06-10T06:07:57","slug":"botella-termica-portatil-con-asa-al-por-mayor","status":"publish","type":"product","link":"http:\/\/www.auspacekitchenware.com\/es\/portable-vacuum-bottle-with-handle-wholesale\/","title":{"rendered":"Botella t\u00e9rmica port\u00e1til con asa al por mayor"},"content":{"rendered":"<p><strong><span class=\"a-list-item\">DISE\u00d1O CUIDADOSO DE LA TAPA DE LA TAZA: <\/span><\/strong><\/p>\n<p><span class=\"a-list-item\">Tras realizar un estudio de mercado, hemos redise\u00f1ado esta tapa para vasos. 1. Se utiliza una versi\u00f3n m\u00e1s gruesa del anillo de goma impermeable para que el sellado sea m\u00e1s seguro. 2. La parte inferior de la tapa est\u00e1 fabricada con un material no met\u00e1lico, lo que garantiza que no se produzcan ruidos met\u00e1licos molestos al girar la tapa. 3. El asa de la tapa se puede girar 180\u00b0, para que no se te cansen las manos al sostenerla durante mucho tiempo.<\/span><\/p>\n<p><strong><span class=\"a-list-item\">ALTA CALIDAD Y PRECIO ASEQUIBLE: <\/span><\/strong><\/p>\n<p><span class=\"a-list-item\">Las capas interna y externa del cuerpo de la botella t\u00e9rmica est\u00e1n fabricadas en acero inoxidable 18\/8 de primera calidad apto para uso alimentario. La tapa est\u00e1 fabricada en un material seguro que no contiene BPA ni ftalatos. El recubrimiento en polvo del exterior se adapta mejor a la mano, tiene un aspecto atractivo y es antideslizante.<\/span><\/p>\n<p><strong><span class=\"a-list-item\">TAMA\u00d1O PERFECTO Y MANTENGA EL CALOR DURANTE MUCHO TIEMPO: <\/span><\/strong><\/p>\n<p><span class=\"a-list-item\">Nuestra botella t\u00e9rmica con aislamiento de doble pared mantiene la temperatura hasta 12 horas. La botella t\u00e9rmica de 590 ml es perfecta para el uso diario y las tazas caben en el portavasos de la bicicleta y dentro de la mochila para tus excursiones, salidas en bicicleta, playa, campamentos y actividades deportivas.<\/span><\/p>\n<p><strong><span class=\"a-list-item\">A PRUEBA DE FUGAS Y A PRUEBA DE ROTURAS <\/span><\/strong><\/p>\n<p><span class=\"a-list-item\">Cada tapa viene con un anillo de sellado de goma para garantizar que sea 100% a prueba de fugas. El exterior con recubrimiento en polvo garantiza que destaques con unas botellas de agua aisladas con pajita duraderas y elegantes. Las dos caracter\u00edsticas anteriores hacen que nuestra botella t\u00e9rmica <\/span><span class=\"a-list-item\">De acero inoxidable, totalmente herm\u00e9tica y a prueba de roturas, ya no tendr\u00e1s que cambiar con frecuencia tu botella de agua aislada. Perfecta para senderismo, ciclismo, gimnasio, oficina o escuela. La botella se puede llevar de forma segura en mochilas o colocar en el borde de la encimera.<\/span><\/p>","protected":false},"excerpt":{"rendered":"<table style=\"height: 304px\" width=\"672\">\n<tbody>\n<tr>\n<td>Modelo (n\u00famero de producto):<\/td>\n<td>AU-BT0028<\/td>\n<\/tr>\n<tr>\n<td>Tama\u00f1o del producto:<\/td>\n<td>\u00a07,5 \u00d7 7,5 \u00d7 22,3 cm, 500 ml<\/td>\n<\/tr>\n<tr>\n<td>Material del producto:<\/td>\n<td>Interior S\/S304 + exterior S\/S201<\/td>\n<\/tr>\n<tr>\n<td>Color del producto:<\/td>\n<td>Personalizado<\/td>\n<\/tr>\n<tr>\n<td>Informaci\u00f3n sobre el empaque:<\/td>\n<td>24 piezas por caja<\/td>\n<\/tr>\n<tr>\n<td>Cantidad m\u00ednima de pedido:<\/td>\n<td>3000 unidades<\/td>\n<\/tr>\n<tr>\n<td>Origen:<\/td>\n<td>China<\/td>\n<\/tr>\n<tr>\n<td>Precio:<\/td>\n<td>Negociaci\u00f3n<\/td>\n<\/tr>\n<\/tbody>\n<\/table>","protected":false},"featured_media":6500,"comment_status":"open","ping_status":"closed","template":"","meta":{"_acf_changed":false},"product_brand":[],"product_cat":[20,52],"product_tag":[],"class_list":{"0":"post-6498","1":"product","2":"type-product","3":"status-publish","4":"has-post-thumbnail","6":"product_cat-water-bottles","7":"product_cat-stainless-steel-water-bottle","8":"pif-has-gallery","10":"first","11":"instock","12":"shipping-taxable","13":"product-type-simple"},"acf":[],"_links":{"self":[{"href":"http:\/\/www.auspacekitchenware.com\/es\/wp-json\/wp\/v2\/product\/6498","targetHints":{"allow":["GET"]}}],"collection":[{"href":"http:\/\/www.auspacekitchenware.com\/es\/wp-json\/wp\/v2\/product"}],"about":[{"href":"http:\/\/www.auspacekitchenware.com\/es\/wp-json\/wp\/v2\/types\/product"}],"replies":[{"embeddable":true,"href":"http:\/\/www.auspacekitchenware.com\/es\/wp-json\/wp\/v2\/comments?post=6498"}],"wp:featuredmedia":[{"embeddable":true,"href":"http:\/\/www.auspacekitchenware.com\/es\/wp-json\/wp\/v2\/media\/6500"}],"wp:attachment":[{"href":"http:\/\/www.auspacekitchenware.com\/es\/wp-json\/wp\/v2\/media?parent=6498"}],"wp:term":[{"taxonomy":"product_brand","embeddable":true,"href":"http:\/\/www.auspacekitchenware.com\/es\/wp-json\/wp\/v2\/product_brand?post=6498"},{"taxonomy":"product_cat","embeddable":true,"href":"http:\/\/www.auspacekitchenware.com\/es\/wp-json\/wp\/v2\/product_cat?post=6498"},{"taxonomy":"product_tag","embeddable":true,"href":"http:\/\/www.auspacekitchenware.com\/es\/wp-json\/wp\/v2\/product_tag?post=6498"}],"curies":[{"name":"wp","href":"https:\/\/api.w.org\/{rel}","templated":true}]}}