{"id":7494,"date":"2025-06-26T02:34:27","date_gmt":"2025-06-26T02:34:27","guid":{"rendered":"https:\/\/auspacekitchenware.com\/?post_type=product&#038;p=7494"},"modified":"2025-06-26T02:36:58","modified_gmt":"2025-06-26T02:36:58","slug":"molde-para-pasteles-con-asa-de-silicona-al-por-mayor","status":"publish","type":"product","link":"http:\/\/www.auspacekitchenware.com\/es\/cake-pan-with-silicone-handle-wholesale\/","title":{"rendered":"Molde para pasteles con asa de silicona al por mayor"},"content":{"rendered":"<p><strong>Dise\u00f1o antiadherente<\/strong><\/p>\n<p>El molde para pasteles con asa de silicona est\u00e1 fabricado en acero al carbono resistente y sin BPA, y cuenta con un recubrimiento antiadherente que elimina la necesidad de utilizar mantequilla, aceite o spray para cocinar. Esto garantiza que los alimentos se desprendan r\u00e1pida y f\u00e1cilmente, lo que le permitir\u00e1 disfrutar de sus delicias horneadas sin ning\u00fan tipo de molestia. Adem\u00e1s, no emite olores desagradables durante el horneado.<\/p>\n<p><strong>Apto para horno<\/strong><\/p>\n<p>Este molde para pasteles con asa de silicona es resistente al calor hasta temperaturas de 230 \u00b0C, lo que lo hace ideal para hornear una gran variedad de deliciosos dulces. Tanto si quieres preparar un delicioso chocolate fundido, galletas, magdalenas, tartas de manzana, brownies o pasteles de cumplea\u00f1os, este molde te permitir\u00e1 hacerlo todo con facilidad.<\/p>\n<p><strong>Asas de silicona resistentes al calor<\/strong><\/p>\n<p>Dise\u00f1ado pensando en la seguridad del usuario, el molde para pasteles con asas de silicona cuenta con asas rojas de silicona resistentes al calor que evitan quemaduras accidentales. Tambi\u00e9n es resistente a las manchas y f\u00e1cil de limpiar, ya que se puede lavar en el lavavajillas, aunque se recomienda lavarlo a mano para maximizar la vida \u00fatil del molde.<\/p>\n<p><strong>Dise\u00f1o que ahorra espacio<\/strong><\/p>\n<p>El molde para pasteles con asa de silicona presenta un dise\u00f1o apilable, lo que permite guardarlo c\u00f3modamente y ahorrar espacio en la cocina. Es totalmente compatible con hornos est\u00e1ndar y de convecci\u00f3n, lo que lo convierte en un complemento vers\u00e1til para tus utensilios de reposter\u00eda. Adecuado no solo para el horno, sino tambi\u00e9n para el refrigerador y el congelador, este molde es perfecto para todas tus necesidades de reposter\u00eda.<\/p>","protected":false},"excerpt":{"rendered":"<table style=\"height: 304px\" width=\"672\">\n<tbody>\n<tr>\n<td>Modelo (n\u00famero de producto):<\/td>\n<td>AU-BP0030<\/td>\n<\/tr>\n<tr>\n<td>Tama\u00f1o del producto:<\/td>\n<td>35 x 22 x 5 cm<\/td>\n<\/tr>\n<tr>\n<td>Material del producto:<\/td>\n<td>Acero al carbono<\/td>\n<\/tr>\n<tr>\n<td>Color del producto:<\/td>\n<td>Personalizado<\/td>\n<\/tr>\n<tr>\n<td>Informaci\u00f3n sobre el empaque:<\/td>\n<td>12 piezas por caja<\/td>\n<\/tr>\n<tr>\n<td>Cantidad m\u00ednima de pedido:<\/td>\n<td>3000 unidades<\/td>\n<\/tr>\n<tr>\n<td>Origen:<\/td>\n<td>China<\/td>\n<\/tr>\n<tr>\n<td>Precio:<\/td>\n<td>Negociaci\u00f3n<\/td>\n<\/tr>\n<\/tbody>\n<\/table>","protected":false},"featured_media":7495,"comment_status":"open","ping_status":"closed","template":"","meta":{"_acf_changed":false},"product_brand":[],"product_cat":[44,18],"product_tag":[],"class_list":{"0":"post-7494","1":"product","2":"type-product","3":"status-publish","4":"has-post-thumbnail","6":"product_cat-baking-pan-bakeware","7":"product_cat-bakeware","8":"pif-has-gallery","10":"first","11":"instock","12":"shipping-taxable","13":"product-type-simple"},"acf":[],"_links":{"self":[{"href":"http:\/\/www.auspacekitchenware.com\/es\/wp-json\/wp\/v2\/product\/7494","targetHints":{"allow":["GET"]}}],"collection":[{"href":"http:\/\/www.auspacekitchenware.com\/es\/wp-json\/wp\/v2\/product"}],"about":[{"href":"http:\/\/www.auspacekitchenware.com\/es\/wp-json\/wp\/v2\/types\/product"}],"replies":[{"embeddable":true,"href":"http:\/\/www.auspacekitchenware.com\/es\/wp-json\/wp\/v2\/comments?post=7494"}],"wp:featuredmedia":[{"embeddable":true,"href":"http:\/\/www.auspacekitchenware.com\/es\/wp-json\/wp\/v2\/media\/7495"}],"wp:attachment":[{"href":"http:\/\/www.auspacekitchenware.com\/es\/wp-json\/wp\/v2\/media?parent=7494"}],"wp:term":[{"taxonomy":"product_brand","embeddable":true,"href":"http:\/\/www.auspacekitchenware.com\/es\/wp-json\/wp\/v2\/product_brand?post=7494"},{"taxonomy":"product_cat","embeddable":true,"href":"http:\/\/www.auspacekitchenware.com\/es\/wp-json\/wp\/v2\/product_cat?post=7494"},{"taxonomy":"product_tag","embeddable":true,"href":"http:\/\/www.auspacekitchenware.com\/es\/wp-json\/wp\/v2\/product_tag?post=7494"}],"curies":[{"name":"wp","href":"https:\/\/api.w.org\/{rel}","templated":true}]}}