{"id":11689,"date":"2025-10-09T06:28:19","date_gmt":"2025-10-09T06:28:19","guid":{"rendered":"https:\/\/auspacekitchenware.com\/?post_type=product&#038;p=11689"},"modified":"2025-10-09T06:34:47","modified_gmt":"2025-10-09T06:34:47","slug":"%d9%85%d9%88%d8%b1%d8%af-%d8%b5%d9%86%d8%af%d9%88%d9%82-%d8%ba%d8%af%d8%a7%d8%a1-%d9%85%d8%b2%d8%af%d9%88%d8%ac-%d8%a7%d9%84%d8%b7%d8%a8%d9%82%d8%a9","status":"publish","type":"product","link":"https:\/\/www.auspacekitchenware.com\/ar\/double-layer-lunch-box-supplier\/","title":{"rendered":"\u0645\u0648\u0631\u062f \u0635\u0646\u062f\u0648\u0642 \u063a\u062f\u0627\u0621 \u0645\u0632\u062f\u0648\u062c \u0627\u0644\u0637\u0628\u0642\u0629"},"content":{"rendered":"<h3 class=\"header-iWP5WJ auto-hide-last-sibling-br\">\u062d\u0632\u0627\u0645 \u0622\u0645\u0646 \u0648\u062a\u0635\u0645\u064a\u0645 \u0645\u0643\u062f\u0633<\/h3>\n<div class=\"auto-hide-last-sibling-br paragraph-pP9ZLC paragraph-element br-paragraph-space\">\u064a\u0633\u062a\u062e\u062f\u0645 \u0645\u0632\u0648\u062f \u0635\u0646\u062f\u0648\u0642 \u0627\u0644\u063a\u062f\u0627\u0621 \u0645\u0632\u062f\u0648\u062c \u0627\u0644\u0637\u0628\u0642\u0627\u062a \u062d\u0632\u0627\u0645\u0627\u064b \u0645\u0646\u0633\u0648\u062c\u0627\u064b \u0645\u062a\u064a\u0646\u0627\u064b \u0644\u062a\u062b\u0628\u064a\u062a \u062d\u062c\u0631\u062a\u064a\u0646 \u0645\u0643\u062f\u0633\u062a\u064a\u0646 \u0645\u0639\u0627\u064b. \u0645\u0645\u0627 \u064a\u062d\u0627\u0641\u0638 \u0639\u0644\u0649 \u062b\u0628\u0627\u062a \u0627\u0644\u0637\u0628\u0642\u0627\u062a \u0623\u062b\u0646\u0627\u0621 \u0627\u0644\u0646\u0642\u0644\u060c \u0648\u064a\u0645\u0646\u0639 \u0627\u0644\u0637\u0639\u0627\u0645 \u0645\u0646 \u0627\u0644\u0627\u0646\u0632\u0644\u0627\u0642 \u0623\u0648 \u0627\u0644\u0627\u0646\u0633\u0643\u0627\u0628 - \u062d\u062a\u0649 \u0639\u0646\u062f \u0648\u0636\u0639\u0647 \u0641\u064a \u0627\u0644\u062d\u0642\u064a\u0628\u0629. \u064a\u0639\u0645\u0644 \u0627\u0644\u062d\u0632\u0627\u0645 \u0623\u064a\u0636\u0627\u064b \u0643\u0645\u0642\u0628\u0636 \u0645\u0631\u064a\u062d \u0644\u0644\u062d\u0645\u0644.<\/div>\n<h3 class=\"header-iWP5WJ auto-hide-last-sibling-br\">\u063a\u0637\u0627\u0621 \u0634\u0641\u0627\u0641 \u0644\u0644\u0631\u0624\u064a\u0629<\/h3>\n<div class=\"auto-hide-last-sibling-br paragraph-pP9ZLC paragraph-element br-paragraph-space\">\u064a\u0623\u062a\u064a \u0635\u0646\u062f\u0648\u0642 \u0627\u0644\u063a\u062f\u0627\u0621 \u0645\u0632\u062f\u0648\u062c \u0627\u0644\u0637\u0628\u0642\u0627\u062a \u0645\u0632\u0648\u062f\u064b\u0627 \u0628\u063a\u0637\u0627\u0621 \u0634\u0641\u0627\u0641 \u064a\u062a\u064a\u062d \u0644\u0643 \u0631\u0624\u064a\u0629 \u0627\u0644\u0645\u062d\u062a\u0648\u064a\u0627\u062a \u0641\u064a \u0644\u0645\u062d\u0629 \u0633\u0631\u064a\u0639\u0629. \u0644\u0627 \u062d\u0627\u062c\u0629 \u0644\u0641\u062a\u062d \u0627\u0644\u0635\u0646\u062f\u0648\u0642 \u0644\u0644\u062a\u062d\u0642\u0642 \u0645\u0645\u0627 \u0628\u062f\u0627\u062e\u0644\u0647\u060c \u0645\u0645\u0627 \u064a\u062c\u0639\u0644 \u0645\u0646 \u0627\u0644\u0633\u0647\u0644 \u0627\u0644\u062a\u0639\u0631\u0641 \u0639\u0644\u0649 \u0627\u0644\u0648\u062c\u0628\u0627\u062a \u0623\u0648 \u0627\u0644\u0648\u062c\u0628\u0627\u062a \u0627\u0644\u062e\u0641\u064a\u0641\u0629 \u0628\u0633\u0631\u0639\u0629 - \u0645\u062b\u0627\u0644\u064a \u0644\u0644\u0635\u0628\u0627\u062d \u0627\u0644\u0645\u0632\u062f\u062d\u0645 \u0623\u0648 \u0644\u062a\u0646\u0627\u0648\u0644 \u0627\u0644\u0637\u0639\u0627\u0645 \u0623\u062b\u0646\u0627\u0621 \u0627\u0644\u062a\u0646\u0642\u0644.<\/div>\n<h3 class=\"header-iWP5WJ auto-hide-last-sibling-br\">\u0647\u064a\u0643\u0644 \u062e\u0641\u064a\u0641 \u0627\u0644\u0648\u0632\u0646 \u0648\u0645\u062d\u0645\u0648\u0644<\/h3>\n<div class=\"auto-hide-last-sibling-br paragraph-pP9ZLC paragraph-element br-paragraph-space\">\u0635\u0646\u062f\u0648\u0642 \u0627\u0644\u063a\u062f\u0627\u0621 \u0645\u0632\u062f\u0648\u062c \u0627\u0644\u0637\u0628\u0642\u0627\u062a \u0645\u0635\u0646\u0648\u0639 \u0645\u0646 \u0627\u0644\u0628\u0644\u0627\u0633\u062a\u064a\u0643 \u062e\u0641\u064a\u0641 \u0627\u0644\u0648\u0632\u0646\u060c \u0644\u0630\u0627 \u064a\u0633\u0647\u0644 \u062d\u0645\u0644\u0647 \u0637\u0648\u0627\u0644 \u0627\u0644\u064a\u0648\u0645. \u064a\u062a\u0646\u0627\u0633\u0628 \u0634\u0643\u0644\u0647 \u0627\u0644\u0631\u0641\u064a\u0639 \u0648\u0627\u0644\u0645\u0633\u062a\u0637\u064a\u0644 \u0645\u0639 \u062d\u0642\u0627\u0626\u0628 \u0627\u0644\u0638\u0647\u0631 \u0623\u0648 \u062d\u0642\u0627\u0626\u0628 \u0627\u0644\u064a\u062f \u0623\u0648 \u0627\u0644\u062d\u0642\u0627\u0626\u0628 \u062f\u0648\u0646 \u0623\u0646 \u064a\u0634\u063a\u0644 \u0645\u0633\u0627\u062d\u0629 \u0643\u0628\u064a\u0631\u0629 - \u0648\u0647\u0648 \u0645\u062b\u0627\u0644\u064a \u0644\u0644\u0639\u0645\u0644 \u0623\u0648 \u0627\u0644\u0645\u062f\u0631\u0633\u0629 \u0623\u0648 \u0627\u0644\u0633\u0641\u0631.<\/div>\n<h3 class=\"header-iWP5WJ auto-hide-last-sibling-br\">\u0645\u0627\u062f\u0629 \u0633\u0647\u0644\u0629 \u0627\u0644\u062a\u0646\u0638\u064a\u0641 \u0648\u0622\u0645\u0646\u0629 \u0644\u0644\u0637\u0639\u0627\u0645<\/h3>\n<div class=\"auto-hide-last-sibling-br paragraph-pP9ZLC paragraph-element br-paragraph-space\">\u0635\u064f\u0646\u0639 \u0635\u0646\u062f\u0648\u0642 \u0627\u0644\u063a\u062f\u0627\u0621 \u0645\u0632\u062f\u0648\u062c \u0627\u0644\u0637\u0628\u0642\u0627\u062a \u0645\u0646 \u0627\u0644\u0628\u0644\u0627\u0633\u062a\u064a\u0643 \u0627\u0644\u0645\u0635\u0646\u0648\u0639 \u0645\u0646 \u0627\u0644\u0628\u0644\u0627\u0633\u062a\u064a\u0643 \u0627\u0644\u0645\u062e\u0635\u0635 \u0644\u0644\u0637\u0639\u0627\u0645 \u0627\u0644\u0622\u0645\u0646 \u0644\u0644\u0648\u062c\u0628\u0627\u062a \u0648\u0633\u0647\u0644 \u0627\u0644\u062a\u0646\u0638\u064a\u0641. \u064a\u0645\u0643\u0646 \u0645\u0633\u062d \u0643\u0644 \u0645\u0646 \u0627\u0644\u0645\u0642\u0635\u0648\u0631\u062a\u064a\u0646 \u0648\u0627\u0644\u063a\u0637\u0627\u0621 \u0627\u0644\u0634\u0641\u0627\u0641 \u0623\u0648 \u063a\u0633\u0644\u0647\u0645\u0627 \u0628\u0627\u0644\u0645\u0627\u0621 \u0648\u0627\u0644\u0635\u0627\u0628\u0648\u0646 \u0641\u064a \u062b\u0648\u0627\u0646\u064d \u0645\u0639\u062f\u0648\u062f\u0629\u060c \u0645\u0645\u0627 \u064a\u0642\u0644\u0644 \u0645\u0646 \u0648\u0642\u062a \u0627\u0644\u062a\u0646\u0638\u064a\u0641 \u0628\u0639\u062f \u062a\u0646\u0627\u0648\u0644 \u0627\u0644\u0648\u062c\u0628\u0627\u062a.<\/div>","protected":false},"excerpt":{"rendered":"<table style=\"height: 304px\" width=\"672\">\n<tbody>\n<tr>\n<td>\u0627\u0644\u0637\u0631\u0627\u0632 (\u0631\u0642\u0645 \u0627\u0644\u0645\u0646\u062a\u062c):<\/td>\n<td>AU-LB0070<\/td>\n<\/tr>\n<tr>\n<td>\u062d\u062c\u0645 \u0627\u0644\u0645\u0646\u062a\u062c:<\/td>\n<td>17.5 \u00d7 6.4 \u00d7 6.4 \u00d7 8 \u0633\u0645<\/td>\n<\/tr>\n<tr>\n<td>\u0645\u0627\u062f\u0629 \u0627\u0644\u0645\u0646\u062a\u062c:<\/td>\n<td>PP+PS<\/td>\n<\/tr>\n<tr>\n<td>\u0644\u0648\u0646 \u0627\u0644\u0645\u0646\u062a\u062c:<\/td>\n<td>\u0645\u062e\u0635\u0635<\/td>\n<\/tr>\n<tr>\n<td>\u0645\u0639\u0644\u0648\u0645\u0627\u062a \u0627\u0644\u062a\u063a\u0644\u064a\u0641:<\/td>\n<td>70 \u0642\u0637\u0639\u0629 \u0644\u0643\u0644 \u0643\u0631\u062a\u0648\u0646\u0629<\/td>\n<\/tr>\n<tr>\n<td>\u0627\u0644\u062d\u062f \u0627\u0644\u0623\u062f\u0646\u0649 \u0644\u0643\u0645\u064a\u0629 \u0627\u0644\u0637\u0644\u0628:<\/td>\n<td>3000 \u0648\u062d\u062f\u0629<\/td>\n<\/tr>\n<tr>\n<td>\u0627\u0644\u0623\u0635\u0644:<\/td>\n<td>\u0627\u0644\u0635\u064a\u0646<\/td>\n<\/tr>\n<tr>\n<td>\u0627\u0644\u0633\u0639\u0631:<\/td>\n<td>\u0627\u0644\u062a\u0641\u0627\u0648\u0636<\/td>\n<\/tr>\n<\/tbody>\n<\/table>","protected":false},"featured_media":11694,"comment_status":"open","ping_status":"closed","template":"","meta":{"_acf_changed":false},"product_brand":[135],"product_cat":[89,102],"product_tag":[],"class_list":{"0":"post-11689","1":"product","2":"type-product","3":"status-publish","4":"has-post-thumbnail","6":"product_brand-auspace","7":"product_cat-plastic-lunch-box","8":"product_cat-lunch-box","9":"pif-has-gallery","11":"first","12":"instock","13":"shipping-taxable","14":"purchasable","15":"product-type-simple"},"acf":[],"_links":{"self":[{"href":"https:\/\/www.auspacekitchenware.com\/ar\/wp-json\/wp\/v2\/product\/11689","targetHints":{"allow":["GET"]}}],"collection":[{"href":"https:\/\/www.auspacekitchenware.com\/ar\/wp-json\/wp\/v2\/product"}],"about":[{"href":"https:\/\/www.auspacekitchenware.com\/ar\/wp-json\/wp\/v2\/types\/product"}],"replies":[{"embeddable":true,"href":"https:\/\/www.auspacekitchenware.com\/ar\/wp-json\/wp\/v2\/comments?post=11689"}],"wp:featuredmedia":[{"embeddable":true,"href":"https:\/\/www.auspacekitchenware.com\/ar\/wp-json\/wp\/v2\/media\/11694"}],"wp:attachment":[{"href":"https:\/\/www.auspacekitchenware.com\/ar\/wp-json\/wp\/v2\/media?parent=11689"}],"wp:term":[{"taxonomy":"product_brand","embeddable":true,"href":"https:\/\/www.auspacekitchenware.com\/ar\/wp-json\/wp\/v2\/product_brand?post=11689"},{"taxonomy":"product_cat","embeddable":true,"href":"https:\/\/www.auspacekitchenware.com\/ar\/wp-json\/wp\/v2\/product_cat?post=11689"},{"taxonomy":"product_tag","embeddable":true,"href":"https:\/\/www.auspacekitchenware.com\/ar\/wp-json\/wp\/v2\/product_tag?post=11689"}],"curies":[{"name":"wp","href":"https:\/\/api.w.org\/{rel}","templated":true}]}}