{"id":2314,"date":"2025-02-18T10:35:47","date_gmt":"2025-02-18T10:35:47","guid":{"rendered":"https:\/\/auspacekitchenware.com\/?post_type=product&#038;p=2314"},"modified":"2025-02-27T09:08:19","modified_gmt":"2025-02-27T09:08:19","slug":"%d8%a7%d9%84%d8%b4%d8%b1%d9%83%d8%a9-%d8%a7%d9%84%d9%85%d8%b5%d9%86%d8%b9%d8%a9-%d9%84%d9%85%d9%83%d8%b9%d8%a8%d8%a7%d8%aa-%d8%a7%d9%84%d8%ab%d9%84%d8%ac-%d8%a7%d9%84%d9%85%d8%b9%d8%af%d9%86%d9%8a","status":"publish","type":"product","link":"https:\/\/www.auspacekitchenware.com\/ar\/metal-mini-ice-cube-food-tongs-manufacturer\/","title":{"rendered":"\u0627\u0644\u0634\u0631\u0643\u0629 \u0627\u0644\u0645\u0635\u0646\u0639\u0629 \u0644\u0645\u0644\u0627\u0642\u0637 \u0627\u0644\u062b\u0644\u062c \u0627\u0644\u0645\u0639\u062f\u0646\u064a\u0629 \u0627\u0644\u0635\u063a\u064a\u0631\u0629 \u0644\u0645\u0643\u0639\u0628\u0627\u062a \u0627\u0644\u062b\u0644\u062c \u0627\u0644\u0645\u0639\u062f\u0646\u064a\u0629"},"content":{"rendered":"<p data-start=\"0\" data-end=\"280\"><strong data-start=\"0\" data-end=\"51\">\u0625\u0646\u0634\u0627\u0621\u0627\u062a \u0639\u0627\u0644\u064a\u0629 \u0627\u0644\u062c\u0648\u062f\u0629 \u0644\u0645\u062d\u062a\u0631\u0641\u064a \u0627\u0644\u0634\u0648\u0627\u0621<\/strong><\/p>\n<p data-start=\"0\" data-end=\"280\">\u0635\u064f\u0645\u0645 \u0645\u0644\u0642\u0637 \u0627\u0644\u0637\u0639\u0627\u0645 \u0627\u0644\u0645\u0627\u0646\u0639 \u0644\u0644\u0627\u0646\u0632\u0644\u0627\u0642 \u0627\u0644\u062e\u0627\u0635 \u0628\u0646\u0627 \u0645\u0646 \u0645\u0648\u0627\u062f \u0645\u0645\u062a\u0627\u0632\u0629 \u062a\u062a\u062d\u0645\u0644 \u062f\u0631\u062c\u0627\u062a \u0627\u0644\u062d\u0631\u0627\u0631\u0629 \u0627\u0644\u0639\u0627\u0644\u064a\u0629 \u0648\u062a\u0648\u0641\u0631 \u0627\u0644\u0642\u0648\u0629 \u0623\u062b\u0646\u0627\u0621 \u0627\u0644\u0634\u0648\u0627\u0621. \u0647\u0630\u0647 \u0627\u0644\u0645\u0644\u0627\u0642\u0637 \u0645\u062b\u0627\u0644\u064a\u0629 \u0644\u0644\u0637\u0647\u0627\u0629 \u0627\u0644\u0645\u062d\u062a\u0631\u0641\u064a\u0646 \u0648\u0639\u0634\u0627\u0642 \u0627\u0644\u0634\u0648\u0627\u0621\u060c \u0641\u0647\u064a \u0645\u062b\u0627\u0644\u064a\u0629 \u0644\u0644\u0637\u0647\u0627\u0629 \u0627\u0644\u0645\u062d\u062a\u0631\u0641\u064a\u0646 \u0648\u0639\u0634\u0627\u0642 \u0627\u0644\u0634\u0648\u0627\u0621\u060c \u0648\u062a\u0636\u0645\u0646 \u0627\u0644\u0633\u0644\u0627\u0645\u0629 \u0648\u0637\u0648\u0644 \u0627\u0644\u0639\u0645\u0631.<\/p>\n<p data-start=\"282\" data-end=\"572\"><strong data-start=\"282\" data-end=\"317\">\u0627\u0644\u0645\u0646\u0627\u0648\u0644\u0629 \u0627\u0644\u062f\u0642\u064a\u0642\u0629 \u0644\u0644\u0634\u0648\u0627\u0621<\/strong><\/p>\n<p data-start=\"282\" data-end=\"572\">\u064a\u0633\u0645\u062d \u062a\u0635\u0645\u064a\u0645 \u0645\u0644\u0642\u0637 \u0627\u0644\u0634\u0648\u0627\u0621 \u063a\u064a\u0631 \u0627\u0644\u0642\u0627\u0628\u0644 \u0644\u0644\u0627\u0646\u0632\u0644\u0627\u0642 \u0628\u0627\u0644\u062a\u062d\u0643\u0645 \u0627\u0644\u062f\u0642\u064a\u0642 \u0639\u0646\u062f \u0627\u0644\u0634\u0648\u064a \u0623\u0648 \u0627\u0644\u062a\u0642\u062f\u064a\u0645\u060c \u0633\u0648\u0627\u0621 \u0643\u0627\u0646 \u0630\u0644\u0643 \u0644\u062a\u0642\u0644\u064a\u0628 \u0627\u0644\u0628\u0631\u063a\u0631 \u0623\u0648 \u0627\u0644\u062a\u0639\u0627\u0645\u0644 \u0645\u0639 \u0627\u0644\u062e\u0636\u0627\u0631 \u0627\u0644\u0645\u0634\u0648\u064a\u0629 \u0627\u0644\u0631\u0642\u064a\u0642\u0629. \u062a\u0636\u0645\u0646 \u0644\u0643 \u0642\u0628\u0636\u0629 \u0627\u0644\u0645\u0644\u0642\u0637 \u0639\u062f\u0645 \u0641\u0642\u062f\u0627\u0646 \u0627\u0644\u0633\u064a\u0637\u0631\u0629 \u062d\u062a\u0649 \u0641\u064a \u0627\u0644\u0623\u0639\u0645\u0627\u0644 \u0627\u0644\u062a\u062c\u0627\u0631\u064a\u0629 \u0627\u0644\u0633\u0631\u064a\u0639\u0629 <a href=\"https:\/\/www.auspacekitchenware.com\/ar\/\">\u0627\u0644\u0645\u0637\u0627\u0628\u062e<\/a>.<\/p>\n<p data-start=\"574\" data-end=\"861\"><strong data-start=\"574\" data-end=\"610\">\u0645\u062a\u0639\u062f\u062f \u0627\u0644\u0623\u063a\u0631\u0627\u0636 \u0644\u0644\u0634\u0648\u0627\u0621 \u0648\u0645\u0627 \u0628\u0639\u062f\u0647<\/strong><\/p>\n<p data-start=\"574\" data-end=\"861\">\u0644\u0627 \u064a\u0642\u062a\u0635\u0631 \u0627\u0633\u062a\u062e\u062f\u0627\u0645 \u0645\u0644\u0642\u0637 \u0627\u0644\u0634\u0648\u0627\u0621 \u0645\u062a\u0639\u062f\u062f \u0627\u0644\u0627\u0633\u062a\u062e\u062f\u0627\u0645\u0627\u062a \u0639\u0644\u0649 \u0627\u0644\u0634\u0648\u0627\u0621. \u0628\u0644 \u064a\u0645\u0643\u0646 \u0627\u0633\u062a\u062e\u062f\u0627\u0645\u0647\u0627 \u0644\u0644\u062a\u0642\u062f\u064a\u0645\u060c \u0648\u062a\u0642\u0644\u064a\u0628 \u0627\u0644\u0633\u0644\u0637\u0627\u062a\u060c \u0648\u0627\u0644\u062a\u0639\u0627\u0645\u0644 \u0645\u0639 \u0627\u0644\u0645\u0648\u0627\u062f \u0627\u0644\u0633\u0627\u062e\u0646\u0629 \u0641\u064a \u0645\u062c\u0645\u0648\u0639\u0629 \u0645\u062a\u0646\u0648\u0639\u0629 \u0645\u0646 \u0623\u0645\u0627\u0643\u0646 \u062a\u062d\u0636\u064a\u0631 \u0627\u0644\u0637\u0639\u0627\u0645. \u0645\u064a\u0632\u0629 \u0639\u062f\u0645 \u0627\u0644\u0627\u0646\u0632\u0644\u0627\u0642 \u062a\u062c\u0639\u0644\u0647\u0627 \u0645\u0646\u0627\u0633\u0628\u0629 \u0644\u0644\u0627\u0633\u062a\u062e\u062f\u0627\u0645 \u0641\u064a \u0627\u0644\u0623\u0645\u0627\u0643\u0646 \u0627\u0644\u0645\u063a\u0644\u0642\u0629 \u0648\u0627\u0644\u062e\u0627\u0631\u062c\u064a\u0629 \u0639\u0644\u0649 \u062d\u062f \u0633\u0648\u0627\u0621.<\/p>\n<p data-start=\"863\" data-end=\"1156\" data-is-last-node=\"\"><strong data-start=\"863\" data-end=\"900\">\u0641\u0639\u0627\u0644\u0629 \u0645\u0646 \u062d\u064a\u062b \u0627\u0644\u062a\u0643\u0644\u0641\u0629 \u0644\u0644\u0645\u0634\u062a\u0631\u064a\u0627\u062a \u0628\u0627\u0644\u062c\u0645\u0644\u0629<\/strong><\/p>\n<p data-start=\"863\" data-end=\"1156\" data-is-last-node=\"\">\u0645\u0644\u0642\u0637 \u0627\u0644\u0634\u0648\u0627\u0621 \u063a\u064a\u0631 \u0627\u0644\u0642\u0627\u0628\u0644 \u0644\u0644\u0627\u0646\u0632\u0644\u0627\u0642 \u0645\u062a\u0648\u0641\u0631 \u0628\u0643\u0645\u064a\u0627\u062a \u0643\u0628\u064a\u0631\u0629\u060c \u0645\u0645\u0627 \u064a\u062c\u0639\u0644\u0647\u0627 \u062e\u064a\u0627\u0631\u064b\u0627 \u0627\u0642\u062a\u0635\u0627\u062f\u064a\u064b\u0627 \u0644\u0644\u0645\u0637\u0627\u0639\u0645 \u0648\u0634\u0631\u0643\u0627\u062a \u062a\u0642\u062f\u064a\u0645 \u0627\u0644\u0637\u0639\u0627\u0645 \u0648\u0628\u0627\u0626\u0639\u064a \u0627\u0644\u0637\u0639\u0627\u0645. \u0648\u0647\u064a \u0645\u062b\u0627\u0644\u064a\u0629 \u0644\u0644\u0645\u0634\u062a\u0631\u064a\u0646 \u0628\u0627\u0644\u062c\u0645\u0644\u0629 \u0627\u0644\u0630\u064a\u0646 \u064a\u0628\u062d\u062b\u0648\u0646 \u0639\u0646 \u0623\u062f\u0648\u0627\u062a \u0645\u062a\u064a\u0646\u0629 \u0648\u0641\u0639\u0627\u0644\u0629 \u062a\u062f\u0648\u0645 \u0637\u0648\u0627\u0644 \u0645\u0648\u0627\u0633\u0645 \u0627\u0644\u0634\u0648\u0627\u0621 \u0627\u0644\u0639\u062f\u064a\u062f\u0629.<\/p>\n<p><img fetchpriority=\"high\" decoding=\"async\" class=\"alignnone size-full wp-image-2335\" src=\"https:\/\/www.auspacekitchenware.com\/wp-content\/uploads\/2025\/02\/\u8be6\u60c5\u9875-2025021810075394.webp\" alt=\"\u0645\u0644\u0642\u0637 \u0627\u0644\u0637\u0639\u0627\u0645\" width=\"1400\" height=\"400\" \/><\/p>","protected":false},"excerpt":{"rendered":"<table style=\"height: 304px\" width=\"672\">\n<tbody>\n<tr>\n<td>\u0627\u0644\u0637\u0631\u0627\u0632 (\u0631\u0642\u0645 \u0627\u0644\u0645\u0646\u062a\u062c):<\/td>\n<td>AS-25B12<\/td>\n<\/tr>\n<tr>\n<td>\u062d\u062c\u0645 \u0627\u0644\u0645\u0646\u062a\u062c:<\/td>\n<td>12 \u00d7 2 \u00d7 1.5 \u00d7 1.5 \u0633\u0645<\/td>\n<\/tr>\n<tr>\n<td>\u0645\u0627\u062f\u0629 \u0627\u0644\u0645\u0646\u062a\u062c:<\/td>\n<td>\u0627\u0644\u0641\u0648\u0644\u0627\u0630 \u0627\u0644\u0645\u0642\u0627\u0648\u0645 \u0644\u0644\u0635\u062f\u0623<\/td>\n<\/tr>\n<tr>\n<td>\u0644\u0648\u0646 \u0627\u0644\u0645\u0646\u062a\u062c:<\/td>\n<td>\u0645\u062e\u0635\u0635<\/td>\n<\/tr>\n<tr>\n<td>\u0645\u0639\u0644\u0648\u0645\u0627\u062a \u0627\u0644\u062a\u063a\u0644\u064a\u0641:<\/td>\n<td>24 \u0642\u0637\u0639\u0629 \u0641\u064a \u0643\u0644 \u0643\u0631\u062a\u0648\u0646\u0629<\/td>\n<\/tr>\n<tr>\n<td>\u0627\u0644\u062d\u062f \u0627\u0644\u0623\u062f\u0646\u0649 \u0644\u0643\u0645\u064a\u0629 \u0627\u0644\u0637\u0644\u0628:<\/td>\n<td>500 \u0648\u062d\u062f\u0629<\/td>\n<\/tr>\n<tr>\n<td>\u0627\u0644\u0623\u0635\u0644:<\/td>\n<td>\u0627\u0644\u0635\u064a\u0646<\/td>\n<\/tr>\n<tr>\n<td>\u0627\u0644\u0633\u0639\u0631:<\/td>\n<td>\u0627\u0644\u062a\u0641\u0627\u0648\u0636<\/td>\n<\/tr>\n<\/tbody>\n<\/table>","protected":false},"featured_media":2363,"comment_status":"open","ping_status":"closed","template":"","meta":{"_acf_changed":false},"product_brand":[],"product_cat":[41,17],"product_tag":[58],"class_list":{"0":"post-2314","1":"product","2":"type-product","3":"status-publish","4":"has-post-thumbnail","6":"product_cat-food-tong","7":"product_cat-kitchen-utensils","8":"product_tag-featured","9":"pif-has-gallery","11":"first","12":"instock","13":"shipping-taxable","14":"product-type-simple"},"acf":[],"_links":{"self":[{"href":"https:\/\/www.auspacekitchenware.com\/ar\/wp-json\/wp\/v2\/product\/2314","targetHints":{"allow":["GET"]}}],"collection":[{"href":"https:\/\/www.auspacekitchenware.com\/ar\/wp-json\/wp\/v2\/product"}],"about":[{"href":"https:\/\/www.auspacekitchenware.com\/ar\/wp-json\/wp\/v2\/types\/product"}],"replies":[{"embeddable":true,"href":"https:\/\/www.auspacekitchenware.com\/ar\/wp-json\/wp\/v2\/comments?post=2314"}],"wp:featuredmedia":[{"embeddable":true,"href":"https:\/\/www.auspacekitchenware.com\/ar\/wp-json\/wp\/v2\/media\/2363"}],"wp:attachment":[{"href":"https:\/\/www.auspacekitchenware.com\/ar\/wp-json\/wp\/v2\/media?parent=2314"}],"wp:term":[{"taxonomy":"product_brand","embeddable":true,"href":"https:\/\/www.auspacekitchenware.com\/ar\/wp-json\/wp\/v2\/product_brand?post=2314"},{"taxonomy":"product_cat","embeddable":true,"href":"https:\/\/www.auspacekitchenware.com\/ar\/wp-json\/wp\/v2\/product_cat?post=2314"},{"taxonomy":"product_tag","embeddable":true,"href":"https:\/\/www.auspacekitchenware.com\/ar\/wp-json\/wp\/v2\/product_tag?post=2314"}],"curies":[{"name":"wp","href":"https:\/\/api.w.org\/{rel}","templated":true}]}}