{"id":4849,"date":"2025-04-01T01:36:55","date_gmt":"2025-04-01T01:36:55","guid":{"rendered":"https:\/\/auspacekitchenware.com\/?post_type=product&#038;p=4849"},"modified":"2025-04-01T01:50:59","modified_gmt":"2025-04-01T01:50:59","slug":"%d9%81%d8%aa%d8%a7%d8%ad%d8%a9-%d8%a7%d9%84%d8%b9%d9%84%d8%a8-%d8%a7%d9%84%d9%83%d9%87%d8%b1%d8%a8%d8%a7%d8%a6%d9%8a%d8%a9-%d8%a8%d8%a7%d9%84%d8%ac%d9%85%d9%84%d8%a9","status":"publish","type":"product","link":"https:\/\/www.auspacekitchenware.com\/ar\/electric-can-opener-wholesale\/","title":{"rendered":"\u0641\u062a\u0627\u062d\u0629 \u0627\u0644\u0639\u0644\u0628 \u0627\u0644\u0643\u0647\u0631\u0628\u0627\u0626\u064a\u0629 \u0628\u0627\u0644\u062c\u0645\u0644\u0629"},"content":{"rendered":"<div id=\"featurebullets_feature_div\" class=\"celwidget\" data-feature-name=\"featurebullets\" data-csa-c-type=\"widget\" data-csa-c-content-id=\"featurebullets\" data-csa-c-slot-id=\"featurebullets_feature_div\" data-csa-c-asin=\"B0D2XTGXF1\" data-csa-c-is-in-initial-active-row=\"false\" data-csa-c-id=\"jtn4hd-epzsx1-5dschr-8zadx1\" data-cel-widget=\"featurebullets_feature_div\">\n<div id=\"feature-bullets\" class=\"a-section a-spacing-medium a-spacing-top-small\">\n<p><strong><span class=\"a-list-item\">\u0639\u0644\u0628\u0629 \u0633\u0647\u0644\u0629 \u0627\u0644\u0641\u062a\u062d \u062f\u0648\u0646 \u0625\u064a\u0630\u0627\u0621 \u0627\u0644\u064a\u062f\u064a\u0646<\/span><\/strong><\/p>\n<p><span class=\"a-list-item\">\u062a\u0642\u0637\u0639 \u0627\u0644\u0634\u0641\u0631\u0629 \u062f\u0648\u0646 \u0623\u0646 \u062a\u0644\u0627\u0645\u0633 \u0627\u0644\u0637\u0639\u0627\u0645 \u0628\u0627\u0644\u062f\u0627\u062e\u0644\u060c \u0648\u062a\u0641\u062a\u062d \u0641\u062a\u0627\u062d\u0629 \u0627\u0644\u0639\u0644\u0628 \u0627\u0644\u0643\u0647\u0631\u0628\u0627\u0626\u064a\u0629 \u062f\u0648\u0646 \u0623\u0646 \u062a\u062a\u0631\u0643 \u062d\u0648\u0627\u0641\u064b\u0627 \u062d\u0627\u062f\u0629 \u0623\u0648 \u0634\u0638\u0627\u064a\u0627 \u0645\u0639\u062f\u0646\u064a\u0629. \u0639\u0646\u062f\u0645\u0627 \u062a\u0641\u062a\u062d \u0627\u0644\u0639\u0644\u0628\u0629\u060c \u0644\u0627 \u062a\u0644\u0627\u0645\u0633 \u0627\u0644\u0637\u0639\u0627\u0645 \u0628\u062f\u0627\u062e\u0644\u0647\u0627\u060c \u0645\u0645\u0627 \u064a\u062c\u0639\u0644 \u0627\u0644\u0637\u0639\u0627\u0645 \u0623\u0643\u062b\u0631 \u0623\u0645\u0627\u0646\u064b\u0627!<\/span><\/p>\n<p><strong>\u0645\u0646\u0627\u0633\u0628 \u0644\u0623\u064a<\/strong><\/p>\n<p><span class=\"a-list-item\">\u062a\u0639\u0645\u0644 \u0641\u062a\u0651\u0627\u062d\u0629 \u0627\u0644\u0639\u0644\u0628 \u0627\u0644\u0643\u0647\u0631\u0628\u0627\u0626\u064a\u0629 \u0647\u0630\u0647 \u0645\u0639 \u062c\u0645\u064a\u0639 \u0623\u062d\u062c\u0627\u0645 \u0627\u0644\u0639\u0644\u0628 \u062a\u0642\u0631\u064a\u0628\u064b\u0627 (\u0628\u0627\u0633\u062a\u062b\u0646\u0627\u0621 \u0627\u0644\u0639\u0644\u0628 \u0628\u062f\u0648\u0646 \u0625\u0637\u0627\u0631 \u0648\u0627\u0644\u0639\u0644\u0628 \u0630\u0627\u062a \u0627\u0644\u0623\u0634\u0643\u0627\u0644 \u0627\u0644\u0641\u0631\u062f\u064a\u0629). \u064a\u0645\u0643\u0646\u0647\u0627 \u0641\u062a\u062d \u0627\u0644\u0639\u0644\u0628 \u0645\u0646 \u062c\u0645\u064a\u0639 \u0627\u0644\u0623\u062d\u062c\u0627\u0645 \u0628\u0633\u0647\u0648\u0644\u0629 \u0648\u0633\u0631\u0639\u0629.<\/span><\/p>\n<p><strong>\u0633\u0647\u0644 \u0627\u0644\u0627\u0633\u062a\u062e\u062f\u0627\u0645<\/strong><\/p>\n<p><span class=\"a-list-item\">\u0627\u0636\u063a\u0637 \u0639\u0644\u0649 \u0641\u062a\u0651\u0627\u062d\u0629 \u0627\u0644\u0639\u0644\u0628 \u0627\u0644\u0643\u0647\u0631\u0628\u0627\u0626\u064a\u0629 \u0644\u0645\u062f\u0629 \u062b\u0627\u0646\u064a\u062a\u064a\u0646 \u0648\u0627\u0636\u063a\u0637 \u0639\u0644\u0649 \u0632\u0631 \u0627\u0644\u062a\u0634\u063a\u064a\u0644\u060c \u0648\u0633\u062a\u062a\u0648\u0642\u0641 \u0641\u062a\u0651\u0627\u062d\u0629 \u0627\u0644\u0639\u0644\u0628 \u0627\u0644\u0643\u0647\u0631\u0628\u0627\u0626\u064a\u0629 \u062a\u0644\u0642\u0627\u0626\u064a\u064b\u0627 \u0628\u0639\u062f \u0627\u0644\u0642\u0637\u0639 \u0628\u0632\u0627\u0648\u064a\u0629 360 \u062f\u0631\u062c\u0629\u060c \u0648\u0647\u0648 \u0623\u0645\u0631 \u0645\u0646\u0627\u0633\u0628 \u0644\u0630\u0648\u064a \u0627\u0644\u0623\u064a\u062f\u064a \u0627\u0644\u0636\u0639\u064a\u0641\u0629.<\/span><\/p>\n<p><strong>\u0645\u062d\u0645\u0648\u0644<\/strong><\/p>\n<p><span class=\"a-list-item\">\u062e\u0641\u064a\u0641\u0629 \u0627\u0644\u0648\u0632\u0646 \u0648\u0633\u0647\u0644\u0629 \u0627\u0644\u062a\u062e\u0632\u064a\u0646\u060c \u062a\u062a\u0646\u0627\u0633\u0628 \u0641\u062a\u0627\u062d\u0629 \u0627\u0644\u0639\u0644\u0628 \u0627\u0644\u0643\u0647\u0631\u0628\u0627\u0626\u064a\u0629 \u0627\u0644\u062a\u064a \u0646\u0642\u062f\u0645\u0647\u0627 \u0628\u0634\u0643\u0644 \u0645\u062b\u0627\u0644\u064a \u0645\u0639 \u0623\u064a \u062f\u0631\u062c \u0645\u0637\u0628\u062e. \u064a\u0645\u0643\u0646 \u0623\u064a\u0636\u064b\u0627 \u0648\u0636\u0639 \u0641\u062a\u0627\u062d\u0629 \u0627\u0644\u0639\u0644\u0628 \u0627\u0644\u0643\u0647\u0631\u0628\u0627\u0626\u064a\u0629 \u0641\u064a \u0633\u0644\u0629 \u0627\u0644\u0646\u0632\u0647\u0627\u062a \u0639\u0646\u062f \u0627\u0644\u062e\u0631\u0648\u062c\u060c \u0645\u0645\u0627 \u064a\u062c\u0639\u0644\u0647\u0627 \u0645\u062b\u0627\u0644\u064a\u0629 \u0644\u0631\u062d\u0644\u0627\u062a \u0627\u0644\u062a\u062e\u064a\u064a\u0645 \u0623\u0648 \u0627\u0644\u0646\u0632\u0647\u0627\u062a.<\/span><\/p>\n<p><strong>\u062a\u0635\u0645\u064a\u0645 \u0645\u0639 \u0648\u0636\u0639 \u0627\u0644\u0645\u0633\u062a\u062e\u062f\u0645 \u0641\u064a \u0627\u0644\u0627\u0639\u062a\u0628\u0627\u0631<\/strong><\/p>\n<p><span class=\"a-list-item\">\u0635\u064f\u0645\u0645\u062a \u0641\u062a\u0627\u062d\u0629 \u0627\u0644\u0639\u0644\u0628 \u0627\u0644\u0643\u0647\u0631\u0628\u0627\u0626\u064a\u0629 \u0647\u0630\u0647 \u0645\u0639 \u0645\u0631\u0627\u0639\u0627\u0629 \u0643\u0628\u0627\u0631 \u0627\u0644\u0633\u0646 \u0648\u0645\u0646 \u064a\u0639\u0627\u0646\u0648\u0646 \u0645\u0646 \u0627\u0644\u062a\u0647\u0627\u0628 \u0627\u0644\u0645\u0641\u0627\u0635\u0644\u060c \u0648\u0647\u064a \u0645\u0635\u0645\u0645\u0629 \u062e\u0635\u064a\u0635\u0627\u064b \u0644\u0643\u0628\u0627\u0631 \u0627\u0644\u0633\u0646 \u0648\u0645\u0646 \u064a\u0639\u0627\u0646\u0648\u0646 \u0645\u0646 \u0627\u0644\u062a\u0647\u0627\u0628 \u0627\u0644\u0645\u0641\u0627\u0635\u0644\u060c \u062d\u064a\u062b \u062a\u0648\u0641\u0631 \u0642\u0628\u0636\u0629 \u0645\u0631\u064a\u062d\u0629 \u062a\u062c\u0639\u0644 \u0641\u062a\u062d \u0627\u0644\u0639\u0644\u0628 \u0623\u0645\u0631\u0627\u064b \u0633\u0647\u0644\u0627\u064b \u0648\u0633\u0647\u0644\u0627\u064b\u060c \u0645\u0645\u0627 \u064a\u0642\u0644\u0644 \u0645\u0646 \u0627\u0644\u0636\u063a\u0637 \u0639\u0644\u0649 \u0627\u0644\u064a\u062f\u064a\u0646 \u0648\u0627\u0644\u0645\u0639\u0635\u0645\u064a\u0646.<\/span><\/p>\n<\/div>\n<\/div>\n<p><img fetchpriority=\"high\" decoding=\"async\" class=\"alignnone size-full wp-image-4842\" src=\"https:\/\/www.auspacekitchenware.com\/wp-content\/uploads\/2025\/04\/L1-2025040101314870.webp\" alt=\"\" width=\"1400\" height=\"400\" \/><\/p>","protected":false},"excerpt":{"rendered":"<table style=\"height: 304px\" width=\"672\">\n<tbody>\n<tr>\n<td>\u0627\u0644\u0637\u0631\u0627\u0632 (\u0631\u0642\u0645 \u0627\u0644\u0645\u0646\u062a\u062c):<\/td>\n<td>TT25CO02<\/td>\n<\/tr>\n<tr>\n<td>\u062d\u062c\u0645 \u0627\u0644\u0645\u0646\u062a\u062c:<\/td>\n<td>6.97 \u00d7 2.87 \u00d7 2.87 \u00d7 2.13 \u0628\u0648\u0635\u0629<\/td>\n<\/tr>\n<tr>\n<td>\u0645\u0627\u062f\u0629 \u0627\u0644\u0645\u0646\u062a\u062c:<\/td>\n<td>\u0628\u0644\u0627\u0633\u062a\u064a\u0643 \u0648\u0641\u0648\u0644\u0627\u0630 \u0645\u0642\u0627\u0648\u0645 \u0644\u0644\u0635\u062f\u0623<\/td>\n<\/tr>\n<tr>\n<td>\u0644\u0648\u0646 \u0627\u0644\u0645\u0646\u062a\u062c:<\/td>\n<td>\u0645\u062e\u0635\u0635<\/td>\n<\/tr>\n<tr>\n<td>\u0645\u0639\u0644\u0648\u0645\u0627\u062a \u0627\u0644\u062a\u063a\u0644\u064a\u0641:<\/td>\n<td>24 \u0642\u0637\u0639\u0629 \u0641\u064a \u0643\u0644 \u0643\u0631\u062a\u0648\u0646\u0629<\/td>\n<\/tr>\n<tr>\n<td>\u0627\u0644\u062d\u062f \u0627\u0644\u0623\u062f\u0646\u0649 \u0644\u0643\u0645\u064a\u0629 \u0627\u0644\u0637\u0644\u0628:<\/td>\n<td>500 \u0648\u062d\u062f\u0629<\/td>\n<\/tr>\n<tr>\n<td>\u0627\u0644\u0623\u0635\u0644:<\/td>\n<td>\u0627\u0644\u0635\u064a\u0646<\/td>\n<\/tr>\n<tr>\n<td>\u0627\u0644\u0633\u0639\u0631:<\/td>\n<td>\u0627\u0644\u062a\u0641\u0627\u0648\u0636<\/td>\n<\/tr>\n<\/tbody>\n<\/table>","protected":false},"featured_media":4850,"comment_status":"open","ping_status":"closed","template":"","meta":{"_acf_changed":false},"product_brand":[],"product_cat":[64,17],"product_tag":[],"class_list":{"0":"post-4849","1":"product","2":"type-product","3":"status-publish","4":"has-post-thumbnail","6":"product_cat-can-bottle-openers","7":"product_cat-kitchen-utensils","8":"pif-has-gallery","10":"first","11":"instock","12":"shipping-taxable","13":"product-type-simple"},"acf":[],"_links":{"self":[{"href":"https:\/\/www.auspacekitchenware.com\/ar\/wp-json\/wp\/v2\/product\/4849","targetHints":{"allow":["GET"]}}],"collection":[{"href":"https:\/\/www.auspacekitchenware.com\/ar\/wp-json\/wp\/v2\/product"}],"about":[{"href":"https:\/\/www.auspacekitchenware.com\/ar\/wp-json\/wp\/v2\/types\/product"}],"replies":[{"embeddable":true,"href":"https:\/\/www.auspacekitchenware.com\/ar\/wp-json\/wp\/v2\/comments?post=4849"}],"wp:featuredmedia":[{"embeddable":true,"href":"https:\/\/www.auspacekitchenware.com\/ar\/wp-json\/wp\/v2\/media\/4850"}],"wp:attachment":[{"href":"https:\/\/www.auspacekitchenware.com\/ar\/wp-json\/wp\/v2\/media?parent=4849"}],"wp:term":[{"taxonomy":"product_brand","embeddable":true,"href":"https:\/\/www.auspacekitchenware.com\/ar\/wp-json\/wp\/v2\/product_brand?post=4849"},{"taxonomy":"product_cat","embeddable":true,"href":"https:\/\/www.auspacekitchenware.com\/ar\/wp-json\/wp\/v2\/product_cat?post=4849"},{"taxonomy":"product_tag","embeddable":true,"href":"https:\/\/www.auspacekitchenware.com\/ar\/wp-json\/wp\/v2\/product_tag?post=4849"}],"curies":[{"name":"wp","href":"https:\/\/api.w.org\/{rel}","templated":true}]}}