{"id":6479,"date":"2025-06-10T03:28:38","date_gmt":"2025-06-10T03:28:38","guid":{"rendered":"https:\/\/auspacekitchenware.com\/?post_type=product&#038;p=6479"},"modified":"2025-06-10T03:35:40","modified_gmt":"2025-06-10T03:35:40","slug":"%d9%83%d9%88%d8%a8-%d9%85%d8%ad%d9%85%d9%88%d9%84-%d9%85%d9%86-%d8%a7%d9%84%d9%81%d9%88%d9%84%d8%a7%d8%b0-%d8%a7%d9%84%d9%85%d9%82%d8%a7%d9%88%d9%85-%d9%84%d9%84%d8%b5%d8%af%d8%a3-%d9%85%d8%b9-%d9%85","status":"publish","type":"product","link":"https:\/\/www.auspacekitchenware.com\/ar\/portable-stainless-steel-mug-with-handle-wholesale\/","title":{"rendered":"\u0643\u0648\u0628 \u0645\u062d\u0645\u0648\u0644 \u0645\u0646 \u0627\u0644\u0641\u0648\u0644\u0627\u0630 \u0627\u0644\u0645\u0642\u0627\u0648\u0645 \u0644\u0644\u0635\u062f\u0623 \u0645\u0639 \u0645\u0642\u0628\u0636 \u0628\u0627\u0644\u062c\u0645\u0644\u0629"},"content":{"rendered":"<p><strong>\u062a\u0635\u0645\u064a\u0645 \u0623\u0646\u064a\u0642 \u0648\u0639\u0645\u0644\u064a<\/strong><br \/>\n\u064a\u062a\u0645\u064a\u0651\u0632 \u0647\u0630\u0627 \u0627\u0644\u0643\u0648\u0628 \u0627\u0644\u0645\u062d\u0645\u0648\u0644 \u0627\u0644\u0645\u0635\u0646\u0648\u0639 \u0645\u0646 \u0627\u0644\u0641\u0648\u0644\u0627\u0630 \u0627\u0644\u0645\u0642\u0627\u0648\u0645 \u0644\u0644\u0635\u062f\u0623 \u0648\u0627\u0644\u0645\u0632\u0648\u062f \u0628\u0645\u0642\u0628\u0636 \u0628\u062a\u0635\u0645\u064a\u0645 \u0623\u0646\u064a\u0642 \u0648\u0639\u0645\u0644\u064a \u064a\u062a\u0646\u0627\u0633\u0628 \u0628\u0634\u0643\u0644 \u0645\u0631\u064a\u062d \u0645\u0639 \u0642\u0628\u0636\u0629 \u064a\u062f\u0643\u060c \u0645\u0645\u0627 \u064a\u062c\u0639\u0644\u0647 \u0627\u0644\u0631\u0641\u064a\u0642 \u0627\u0644\u0645\u062b\u0627\u0644\u064a \u0644\u0644\u0627\u0633\u062a\u0645\u062a\u0627\u0639 \u0628\u0645\u0634\u0631\u0648\u0628\u0627\u062a\u0643 \u0627\u0644\u0645\u0641\u0636\u0644\u0629 \u0623\u062b\u0646\u0627\u0621 \u0627\u0644\u062a\u0646\u0642\u0644\u060c \u0633\u0648\u0627\u0621 \u0643\u0646\u062a \u0641\u064a \u0627\u0644\u0645\u0646\u0632\u0644 \u0623\u0648 \u0641\u064a \u0627\u0644\u0645\u0643\u062a\u0628 \u0623\u0648 \u0641\u064a \u0627\u0644\u062e\u0627\u0631\u062c \u0644\u0644\u0627\u0633\u062a\u0643\u0634\u0627\u0641.<\/p>\n<p><strong>\u062a\u0642\u0646\u064a\u0629 \u0627\u0644\u0639\u0632\u0644 \u0627\u0644\u0645\u062a\u0642\u062f\u0645\u0629<\/strong><br \/>\n\u064a\u062a\u0645\u064a\u0632 \u0647\u0630\u0627 \u0627\u0644\u0643\u0648\u0628 \u0627\u0644\u0645\u062d\u0645\u0648\u0644 \u0627\u0644\u0645\u0635\u0646\u0648\u0639 \u0645\u0646 \u0627\u0644\u0641\u0648\u0644\u0627\u0630 \u0627\u0644\u0645\u0642\u0627\u0648\u0645 \u0644\u0644\u0635\u062f\u0623 \u0645\u0639 \u0645\u0642\u0628\u0636 \u0628\u062a\u0642\u0646\u064a\u0629 \u0639\u0632\u0644 \u0645\u062a\u0642\u062f\u0645\u0629\u060c \u0641\u0647\u0648 \u064a\u062d\u0627\u0641\u0638 \u0639\u0644\u0649 \u0645\u0634\u0631\u0648\u0628\u0627\u062a\u0643 \u0633\u0627\u062e\u0646\u0629 \u0623\u0648 \u0628\u0627\u0631\u062f\u0629 \u0644\u0641\u062a\u0631\u0627\u062a \u0637\u0648\u064a\u0644\u0629\u060c \u0645\u0645\u0627 \u064a\u0636\u0645\u0646 \u0644\u0643 \u0623\u0646 \u0643\u0644 \u0631\u0634\u0641\u0629 \u0641\u064a \u062f\u0631\u062c\u0629 \u062d\u0631\u0627\u0631\u0629 \u0645\u062b\u0627\u0644\u064a\u0629\u060c \u0633\u0648\u0627\u0621 \u0643\u0646\u062a \u062a\u062d\u062a\u0633\u064a \u0642\u0647\u0648\u0629 \u063a\u0646\u064a\u0629 \u0623\u0648 \u0639\u0635\u064a\u0631 \u0644\u064a\u0645\u0648\u0646 \u0628\u0627\u0631\u062f.<\/p>\n<p><strong>\u063a\u0637\u0627\u0621 \u0645\u0631\u064a\u062d \u0645\u0642\u0627\u0648\u0645 \u0644\u0644\u0627\u0646\u0633\u0643\u0627\u0628<\/strong><br \/>\n\u0635\u064f\u0645\u0645 \u0627\u0644\u0643\u0648\u0628 \u0627\u0644\u0645\u062d\u0645\u0648\u0644 \u0627\u0644\u0645\u0635\u0646\u0648\u0639 \u0645\u0646 \u0627\u0644\u0641\u0648\u0644\u0627\u0630 \u0627\u0644\u0645\u0642\u0627\u0648\u0645 \u0644\u0644\u0635\u062f\u0623 \u0645\u0639 \u0645\u0642\u0628\u0636 \u0628\u063a\u0637\u0627\u0621 \u0645\u0631\u064a\u062d \u0645\u0642\u0627\u0648\u0645 \u0644\u0644\u0627\u0646\u0633\u0643\u0627\u0628\u060c \u0645\u0645\u0627 \u064a\u062c\u0639\u0644\u0647 \u062e\u064a\u0627\u0631\u064b\u0627 \u0645\u062b\u0627\u0644\u064a\u064b\u0627 \u0644\u0644\u062a\u0646\u0642\u0644 \u0627\u0644\u064a\u0648\u0645\u064a \u0623\u0648 \u0627\u0644\u0645\u063a\u0627\u0645\u0631\u0627\u062a \u0627\u0644\u062e\u0627\u0631\u062c\u064a\u0629.<\/p>\n<p><strong>\u0631\u0641\u064a\u0642 \u0645\u062a\u0639\u062f\u062f \u0627\u0644\u0627\u0633\u062a\u062e\u062f\u0627\u0645\u0627\u062a \u0644\u062c\u0645\u064a\u0639 \u0627\u0644\u0645\u0646\u0627\u0633\u0628\u0627\u062a<\/strong><br \/>\n\u064a\u062a\u0645\u064a\u0632 \u0647\u0630\u0627 \u0627\u0644\u0643\u0648\u0628 \u0627\u0644\u0645\u062d\u0645\u0648\u0644 \u0627\u0644\u0645\u0635\u0646\u0648\u0639 \u0645\u0646 \u0627\u0644\u0641\u0648\u0644\u0627\u0630 \u0627\u0644\u0645\u0642\u0627\u0648\u0645 \u0644\u0644\u0635\u062f\u0623 \u0628\u0645\u0642\u0628\u0636 \u0645\u062a\u0639\u062f\u062f \u0627\u0644\u0627\u0633\u062a\u062e\u062f\u0627\u0645\u0627\u062a \u0628\u0645\u0627 \u064a\u0643\u0641\u064a \u0644\u0627\u0633\u062a\u064a\u0639\u0627\u0628 \u0623\u064a \u0645\u0634\u0631\u0648\u0628\u060c \u0628\u062f\u0621\u064b\u0627 \u0645\u0646 \u0627\u0644\u0634\u0627\u064a \u0627\u0644\u0628\u062e\u0627\u0631\u064a \u0641\u064a \u0627\u0644\u0635\u0628\u0627\u062d \u0625\u0644\u0649 \u0627\u0644\u0645\u0634\u0631\u0648\u0628\u0627\u062a \u0627\u0644\u0645\u062b\u0644\u062c\u0629 \u0627\u0644\u0645\u0646\u0639\u0634\u0629 \u0637\u0648\u0627\u0644 \u0627\u0644\u064a\u0648\u0645\u060c \u0645\u0645\u0627 \u064a\u0636\u0645\u0646 \u0644\u0643 \u0627\u0644\u0628\u0642\u0627\u0621 \u0631\u0637\u0628\u064b\u0627 \u0648\u0631\u0627\u0636\u064d \u0623\u064a\u0646\u0645\u0627 \u0643\u0627\u0646\u062a \u0627\u0644\u062d\u064a\u0627\u0629.<\/p>\n<p><strong>\u0647\u062f\u064a\u0629 \u0645\u062f\u0631\u0648\u0633\u0629 \u0644\u0623\u064a \u0645\u0646\u0627\u0633\u0628\u0629<\/strong><br \/>\n\u0628\u0641\u0636\u0644 \u062a\u0635\u0645\u064a\u0645\u0647 \u0627\u0644\u0623\u0646\u064a\u0642 \u0648\u0645\u064a\u0632\u0627\u062a\u0647 \u0627\u0644\u0639\u0645\u0644\u064a\u0629\u060c \u064a\u064f\u0639\u062f \u0647\u0630\u0627 \u0627\u0644\u0643\u0648\u0628 \u0627\u0644\u0645\u062d\u0645\u0648\u0644 \u0627\u0644\u0645\u0635\u0646\u0648\u0639 \u0645\u0646 \u0627\u0644\u0641\u0648\u0644\u0627\u0630 \u0627\u0644\u0645\u0642\u0627\u0648\u0645 \u0644\u0644\u0635\u062f\u0623 \u0645\u0639 \u0645\u0642\u0628\u0636 \u0647\u062f\u064a\u0629 \u0645\u0645\u062a\u0627\u0632\u0629 \u0644\u0644\u0623\u0635\u062f\u0642\u0627\u0621 \u0623\u0648 \u0627\u0644\u0639\u0627\u0626\u0644\u0629 \u0623\u0648 \u0627\u0644\u0632\u0645\u0644\u0627\u0621. \u0633\u0648\u0627\u0621\u064b \u0643\u0627\u0646 \u0630\u0644\u0643 \u0641\u064a \u0639\u064a\u062f \u0645\u064a\u0644\u0627\u062f \u0623\u0648 \u0639\u0637\u0644\u0629 \u0623\u0648 \u0644\u0645\u062c\u0631\u062f \u0627\u0644\u0625\u0647\u062f\u0627\u0621\u060c \u0641\u0645\u0646 \u0627\u0644\u0645\u0624\u0643\u062f \u0623\u0646 \u0647\u0630\u0627 \u0627\u0644\u0643\u0648\u0628 \u0633\u064a\u062b\u064a\u0631 \u0625\u0639\u062c\u0627\u0628 \u0648\u0625\u0633\u0639\u0627\u062f \u0623\u064a \u0634\u062e\u0635 \u064a\u062d\u0628 \u0627\u0644\u0645\u0634\u0631\u0648\u0628\u0627\u062a.<\/p>","protected":false},"excerpt":{"rendered":"<table style=\"height: 304px\" width=\"672\">\n<tbody>\n<tr>\n<td>\u0627\u0644\u0637\u0631\u0627\u0632 (\u0631\u0642\u0645 \u0627\u0644\u0645\u0646\u062a\u062c):<\/td>\n<td>AU-BT0029<\/td>\n<\/tr>\n<tr>\n<td>\u062d\u062c\u0645 \u0627\u0644\u0645\u0646\u062a\u062c:<\/td>\n<td>7.3 \u00d7 7.3 \u00d7 7.3 \u00d7 22.5 \u0633\u0645\u060c 550 \u0645\u0644<\/td>\n<\/tr>\n<tr>\n<td>\u0645\u0627\u062f\u0629 \u0627\u0644\u0645\u0646\u062a\u062c:<\/td>\n<td>\u062f\u0627\u062e\u0644\u064a S\/S304 + \u062e\u0627\u0631\u062c\u064a S\/S201<\/td>\n<\/tr>\n<tr>\n<td>\u0644\u0648\u0646 \u0627\u0644\u0645\u0646\u062a\u062c:<\/td>\n<td>\u0645\u062e\u0635\u0635<\/td>\n<\/tr>\n<tr>\n<td>\u0645\u0639\u0644\u0648\u0645\u0627\u062a \u0627\u0644\u062a\u063a\u0644\u064a\u0641:<\/td>\n<td>24 \u0642\u0637\u0639\u0629 \u0641\u064a \u0643\u0644 \u0643\u0631\u062a\u0648\u0646\u0629<\/td>\n<\/tr>\n<tr>\n<td>\u0627\u0644\u062d\u062f \u0627\u0644\u0623\u062f\u0646\u0649 \u0644\u0643\u0645\u064a\u0629 \u0627\u0644\u0637\u0644\u0628:<\/td>\n<td>500 \u0648\u062d\u062f\u0629<\/td>\n<\/tr>\n<tr>\n<td>\u0627\u0644\u0623\u0635\u0644:<\/td>\n<td>\u0627\u0644\u0635\u064a\u0646<\/td>\n<\/tr>\n<tr>\n<td>\u0627\u0644\u0633\u0639\u0631:<\/td>\n<td>\u0627\u0644\u062a\u0641\u0627\u0648\u0636<\/td>\n<\/tr>\n<\/tbody>\n<\/table>","protected":false},"featured_media":6484,"comment_status":"open","ping_status":"closed","template":"","meta":{"_acf_changed":false},"product_brand":[],"product_cat":[20,52],"product_tag":[],"class_list":{"0":"post-6479","1":"product","2":"type-product","3":"status-publish","4":"has-post-thumbnail","6":"product_cat-water-bottles","7":"product_cat-stainless-steel-water-bottle","8":"pif-has-gallery","10":"first","11":"instock","12":"shipping-taxable","13":"product-type-simple"},"acf":[],"_links":{"self":[{"href":"https:\/\/www.auspacekitchenware.com\/ar\/wp-json\/wp\/v2\/product\/6479","targetHints":{"allow":["GET"]}}],"collection":[{"href":"https:\/\/www.auspacekitchenware.com\/ar\/wp-json\/wp\/v2\/product"}],"about":[{"href":"https:\/\/www.auspacekitchenware.com\/ar\/wp-json\/wp\/v2\/types\/product"}],"replies":[{"embeddable":true,"href":"https:\/\/www.auspacekitchenware.com\/ar\/wp-json\/wp\/v2\/comments?post=6479"}],"wp:featuredmedia":[{"embeddable":true,"href":"https:\/\/www.auspacekitchenware.com\/ar\/wp-json\/wp\/v2\/media\/6484"}],"wp:attachment":[{"href":"https:\/\/www.auspacekitchenware.com\/ar\/wp-json\/wp\/v2\/media?parent=6479"}],"wp:term":[{"taxonomy":"product_brand","embeddable":true,"href":"https:\/\/www.auspacekitchenware.com\/ar\/wp-json\/wp\/v2\/product_brand?post=6479"},{"taxonomy":"product_cat","embeddable":true,"href":"https:\/\/www.auspacekitchenware.com\/ar\/wp-json\/wp\/v2\/product_cat?post=6479"},{"taxonomy":"product_tag","embeddable":true,"href":"https:\/\/www.auspacekitchenware.com\/ar\/wp-json\/wp\/v2\/product_tag?post=6479"}],"curies":[{"name":"wp","href":"https:\/\/api.w.org\/{rel}","templated":true}]}}