{"id":6498,"date":"2025-06-10T05:53:32","date_gmt":"2025-06-10T05:53:32","guid":{"rendered":"https:\/\/auspacekitchenware.com\/?post_type=product&#038;p=6498"},"modified":"2025-06-10T06:07:57","modified_gmt":"2025-06-10T06:07:57","slug":"%d8%b2%d8%ac%d8%a7%d8%ac%d8%a9-%d8%aa%d9%81%d8%b1%d9%8a%d8%ba-%d8%a7%d9%84%d9%87%d9%88%d8%a7%d8%a1-%d8%a7%d9%84%d9%85%d8%ad%d9%85%d9%88%d9%84%d8%a9-%d9%85%d8%b9-%d9%85%d9%82%d8%a8%d8%b6-%d8%a8%d8%a7","status":"publish","type":"product","link":"https:\/\/www.auspacekitchenware.com\/ar\/portable-vacuum-bottle-with-handle-wholesale\/","title":{"rendered":"\u0632\u062c\u0627\u062c\u0629 \u062a\u0641\u0631\u064a\u063a \u0627\u0644\u0647\u0648\u0627\u0621 \u0627\u0644\u0645\u062d\u0645\u0648\u0644\u0629 \u0645\u0639 \u0645\u0642\u0628\u0636 \u0628\u0627\u0644\u062c\u0645\u0644\u0629"},"content":{"rendered":"<p><strong><span class=\"a-list-item\">\u062a\u0635\u0645\u064a\u0645 \u063a\u0637\u0627\u0621 \u0627\u0644\u0643\u0648\u0628 \u0627\u0644\u062f\u0642\u064a\u0642: <\/span><\/strong><\/p>\n<p><span class=\"a-list-item\">\u0628\u0639\u062f \u0623\u0628\u062d\u0627\u062b \u0627\u0644\u0633\u0648\u0642\u060c \u0642\u0645\u0646\u0627 \u0628\u0625\u0639\u0627\u062f\u0629 \u062a\u0635\u0645\u064a\u0645 \u063a\u0637\u0627\u0621 \u0627\u0644\u0643\u0648\u0628 \u0647\u0630\u0627. 1. \u064a\u062a\u0645 \u0627\u0633\u062a\u062e\u062f\u0627\u0645 \u0627\u0644\u0646\u0633\u062e\u0629 \u0627\u0644\u0633\u0645\u064a\u0643\u0629 \u0645\u0646 \u0627\u0644\u062d\u0644\u0642\u0629 \u0627\u0644\u0645\u0637\u0627\u0637\u064a\u0629 \u0627\u0644\u0645\u0642\u0627\u0648\u0645\u0629 \u0644\u0644\u0645\u0627\u0621 \u0644\u062c\u0639\u0644 \u0627\u0644\u063a\u0637\u0627\u0621 \u0623\u0643\u062b\u0631 \u0623\u0645\u0627\u0646\u064b\u0627. 2. \u0627\u0644\u062c\u0632\u0621 \u0627\u0644\u0633\u0641\u0644\u064a \u0645\u0646 \u0627\u0644\u063a\u0637\u0627\u0621 \u0645\u0635\u0646\u0648\u0639 \u0645\u0646 \u0645\u0627\u062f\u0629 \u063a\u064a\u0631 \u0645\u0639\u062f\u0646\u064a\u0629\u060c \u0645\u0645\u0627 \u064a\u0636\u0645\u0646 \u0639\u062f\u0645 \u0648\u062c\u0648\u062f \u0636\u0648\u0636\u0627\u0621 \u0645\u0639\u062f\u0646\u064a\u0629 \u0635\u0627\u062e\u0628\u0629 \u0639\u0646\u062f \u062a\u062f\u0648\u064a\u0631 \u0627\u0644\u063a\u0637\u0627\u0621. 3. \u064a\u0645\u0643\u0646 \u062a\u062f\u0648\u064a\u0631 \u0645\u0642\u0628\u0636 \u0627\u0644\u063a\u0637\u0627\u0621 \u0628\u0632\u0627\u0648\u064a\u0629 180 \u062f\u0631\u062c\u0629\u060c \u062d\u062a\u0649 \u0644\u0627 \u062a\u062a\u0639\u0628 \u064a\u062f\u064a\u0643 \u0639\u0646\u062f \u062d\u0645\u0644\u0647 \u0644\u0641\u062a\u0631\u0629 \u0637\u0648\u064a\u0644\u0629.<\/span><\/p>\n<p><strong><span class=\"a-list-item\">\u062c\u0648\u062f\u0629 \u0639\u0627\u0644\u064a\u0629 \u0648\u0631\u062e\u064a\u0635\u0629: <\/span><\/strong><\/p>\n<p><span class=\"a-list-item\">\u0627\u0644\u0637\u0628\u0642\u0627\u062a \u0627\u0644\u062f\u0627\u062e\u0644\u064a\u0629 \u0648\u0627\u0644\u062e\u0627\u0631\u062c\u064a\u0629 \u0644\u0647\u064a\u0643\u0644 \u0627\u0644\u0632\u062c\u0627\u062c\u0629 \u0627\u0644\u0645\u0641\u0631\u063a\u0629 \u0645\u0646 \u0627\u0644\u0647\u0648\u0627\u0621 \u0645\u0635\u0646\u0648\u0639\u0629 \u0645\u0646 \u0627\u0644\u0641\u0648\u0644\u0627\u0630 \u0627\u0644\u0645\u0642\u0627\u0648\u0645 \u0644\u0644\u0635\u062f\u0623 \u0639\u0627\u0644\u064a \u0627\u0644\u062c\u0648\u062f\u0629 18\/8 \u0627\u0644\u0645\u062e\u0635\u0635 \u0644\u0644\u0637\u0639\u0627\u0645. \u0627\u0644\u063a\u0637\u0627\u0621 \u0645\u0635\u0646\u0648\u0639 \u0645\u0646 \u0645\u0627\u062f\u0629 \u0622\u0645\u0646\u0629 \u0644\u0627 \u062a\u062d\u062a\u0648\u064a \u0639\u0644\u0649 BPA \u0648\u0627\u0644\u0641\u062b\u0627\u0644\u0627\u062a. \u0637\u0644\u0627\u0621 \u0645\u0633\u062d\u0648\u0642 \u0639\u0644\u0649 \u0627\u0644\u0633\u0637\u062d \u0627\u0644\u062e\u0627\u0631\u062c\u064a \u064a\u0644\u0627\u0626\u0645 \u064a\u062f\u0643 \u0628\u0634\u0643\u0644 \u0645\u0631\u064a\u062d \u0623\u0643\u062b\u0631\u060c \u064a\u0628\u062f\u0648 \u062c\u064a\u062f\u0627\u064b\u060c \u0645\u0636\u0627\u062f \u0644\u0644\u0627\u0646\u0632\u0644\u0627\u0642.<\/span><\/p>\n<p><strong><span class=\"a-list-item\">\u062d\u062c\u0645 \u0645\u062b\u0627\u0644\u064a \u0648\u064a\u062d\u0627\u0641\u0638 \u0639\u0644\u0649 \u0627\u0644\u062f\u0641\u0621 \u0644\u0641\u062a\u0631\u0629 \u0637\u0648\u064a\u0644\u0629: <\/span><\/strong><\/p>\n<p><span class=\"a-list-item\">\u062a\u062d\u0645\u064a \u0632\u062c\u0627\u062c\u0629 \u0627\u0644\u062a\u0641\u0631\u064a\u063a \u0630\u0627\u062a \u0627\u0644\u062c\u062f\u0627\u0631 \u0627\u0644\u0645\u0632\u062f\u0648\u062c \u0627\u0644\u0639\u0627\u0632\u0644 \u062f\u0631\u062c\u0629 \u0627\u0644\u062d\u0631\u0627\u0631\u0629 \u0644\u0645\u062f\u0629 \u062a\u0635\u0644 \u0625\u0644\u0649 12 \u0633\u0627\u0639\u0629. \u062a\u0639\u062a\u0628\u0631 \u0627\u0644\u0632\u062c\u0627\u062c\u0629 \u0627\u0644\u0645\u0641\u0631\u063a\u0629 \u0645\u0646 \u0627\u0644\u0647\u0648\u0627\u0621 \u0633\u0639\u0629 20 \u0623\u0648\u0646\u0635\u0629 \u0645\u062b\u0627\u0644\u064a\u0629 \u0644\u0644\u0627\u0633\u062a\u062e\u062f\u0627\u0645 \u0627\u0644\u064a\u0648\u0645\u064a \u0648\u062a\u0646\u0627\u0633\u0628 \u0627\u0644\u0623\u0643\u0648\u0627\u0628 \u062d\u0627\u0645\u0644 \u0623\u0643\u0648\u0627\u0628 \u0627\u0644\u062f\u0631\u0627\u062c\u0629 \u0648\u062f\u0627\u062e\u0644 \u062d\u0642\u064a\u0628\u0629 \u0627\u0644\u0638\u0647\u0631 \u0644\u0644\u0645\u0634\u064a \u0644\u0645\u0633\u0627\u0641\u0627\u062a \u0637\u0648\u064a\u0644\u0629 \u0648\u0631\u0643\u0648\u0628 \u0627\u0644\u062f\u0631\u0627\u062c\u0627\u062a \u0648\u0627\u0644\u0634\u0627\u0637\u0626 \u0648\u0627\u0644\u062a\u062e\u064a\u064a\u0645 \u0648\u0627\u0644\u0644\u064a\u0627\u0642\u0629 \u0627\u0644\u0628\u062f\u0646\u064a\u0629<\/span><\/p>\n<p><strong><span class=\"a-list-item\">\u0645\u0627\u0646\u0639\u0629 \u0644\u0644\u062a\u0633\u0631\u0628 \u0648\u0645\u0642\u0627\u0648\u0645\u0629 \u0644\u0644\u0643\u0633\u0631 <\/span><\/strong><\/p>\n<p><span class=\"a-list-item\">\u064a\u0623\u062a\u064a \u0643\u0644 \u063a\u0637\u0627\u0621 \u0645\u0632\u0648\u062f \u0628\u062d\u0644\u0642\u0629 \u0645\u0637\u0627\u0637\u064a\u0629 \u0645\u0627\u0646\u0639\u0629 \u0644\u0644\u062a\u0633\u0631\u0628 \u0644\u0636\u0645\u0627\u0646 \u0645\u0646\u0639 \u062a\u0633\u0631\u0628 100%. \u064a\u0636\u0645\u0646 \u0644\u0643 \u0627\u0644\u0633\u0637\u062d \u0627\u0644\u062e\u0627\u0631\u062c\u064a \u0627\u0644\u0645\u0637\u0644\u064a \u0628\u0627\u0644\u0628\u0648\u062f\u0631\u0629 \u0627\u0644\u062a\u0645\u064a\u0632 \u0628\u0632\u062c\u0627\u062c\u0627\u062a \u0627\u0644\u0645\u064a\u0627\u0647 \u0627\u0644\u0645\u0639\u0632\u0648\u0644\u0629 \u0627\u0644\u0645\u062a\u064a\u0646\u0629 \u0648\u0627\u0644\u0623\u0646\u064a\u0642\u0629 \u0627\u0644\u0645\u0632\u0648\u062f\u0629 \u0628\u0642\u0634. \u0627\u0644\u0645\u064a\u0632\u062a\u0627\u0646 \u0627\u0644\u0645\u0630\u0643\u0648\u0631\u062a\u0627\u0646 \u0623\u0639\u0644\u0627\u0647 \u062a\u062c\u0639\u0644 \u0632\u062c\u0627\u062c\u0629 \u0627\u0644\u062a\u0641\u0631\u064a\u063a \u0644\u062f\u064a\u0646\u0627 <\/span><span class=\"a-list-item\">\u0641\u0648\u0644\u0627\u0630 \u0645\u0642\u0627\u0648\u0645 \u0644\u0644\u0635\u062f\u0623 \u0645\u0627\u0646\u0639 \u0644\u0644\u062a\u0633\u0631\u0628 \u0648\u0645\u0642\u0627\u0648\u0645 \u0644\u0644\u0643\u0633\u0631 \u062a\u0645\u0627\u0645\u064b\u0627\u060c \u0644\u0646 \u062a\u0636\u0637\u0631 \u0625\u0644\u0649 \u062a\u063a\u064a\u064a\u0631 \u0632\u062c\u0627\u062c\u0629 \u0627\u0644\u0645\u064a\u0627\u0647 \u0627\u0644\u0645\u0639\u0632\u0648\u0644\u0629 \u0628\u0634\u0643\u0644 \u0645\u062a\u0643\u0631\u0631. \u0645\u062b\u0627\u0644\u064a\u0629 \u0644\u0644\u0645\u0634\u064a \u0644\u0645\u0633\u0627\u0641\u0627\u062a \u0637\u0648\u064a\u0644\u0629 \u0648\u0631\u0643\u0648\u0628 \u0627\u0644\u062f\u0631\u0627\u062c\u0627\u062a \u0627\u0644\u0647\u0648\u0627\u0626\u064a\u0629 \u0648\u0635\u0627\u0644\u0629 \u0627\u0644\u0623\u0644\u0639\u0627\u0628 \u0627\u0644\u0631\u064a\u0627\u0636\u064a\u0629 \u0648\u0627\u0644\u0645\u0643\u062a\u0628 \u0648\u0627\u0644\u0645\u062f\u0631\u0633\u0629. \u0627\u0644\u0632\u062c\u0627\u062c\u0629 \u0622\u0645\u0646\u0629 \u0641\u064a \u062d\u0642\u0627\u0626\u0628 \u0627\u0644\u0638\u0647\u0631\u060c \u0623\u0648 \u062d\u0627\u0641\u0629 \u0633\u0637\u062d \u0627\u0644\u0639\u0645\u0644.<\/span><\/p>","protected":false},"excerpt":{"rendered":"<table style=\"height: 304px\" width=\"672\">\n<tbody>\n<tr>\n<td>\u0627\u0644\u0637\u0631\u0627\u0632 (\u0631\u0642\u0645 \u0627\u0644\u0645\u0646\u062a\u062c):<\/td>\n<td>AU-BT0028<\/td>\n<\/tr>\n<tr>\n<td>\u062d\u062c\u0645 \u0627\u0644\u0645\u0646\u062a\u062c:<\/td>\n<td>\u00a07.5 \u00d7 7.5 \u00d7 7.5 \u00d7 22.3 \u0633\u0645\u060c 500 \u0645\u0644<\/td>\n<\/tr>\n<tr>\n<td>\u0645\u0627\u062f\u0629 \u0627\u0644\u0645\u0646\u062a\u062c:<\/td>\n<td>\u062f\u0627\u062e\u0644\u064a S\/S304 + \u062e\u0627\u0631\u062c\u064a S\/S201<\/td>\n<\/tr>\n<tr>\n<td>\u0644\u0648\u0646 \u0627\u0644\u0645\u0646\u062a\u062c:<\/td>\n<td>\u0645\u062e\u0635\u0635<\/td>\n<\/tr>\n<tr>\n<td>\u0645\u0639\u0644\u0648\u0645\u0627\u062a \u0627\u0644\u062a\u063a\u0644\u064a\u0641:<\/td>\n<td>24 \u0642\u0637\u0639\u0629 \u0641\u064a \u0643\u0644 \u0643\u0631\u062a\u0648\u0646\u0629<\/td>\n<\/tr>\n<tr>\n<td>\u0627\u0644\u062d\u062f \u0627\u0644\u0623\u062f\u0646\u0649 \u0644\u0643\u0645\u064a\u0629 \u0627\u0644\u0637\u0644\u0628:<\/td>\n<td>3000 \u0648\u062d\u062f\u0629<\/td>\n<\/tr>\n<tr>\n<td>\u0627\u0644\u0623\u0635\u0644:<\/td>\n<td>\u0627\u0644\u0635\u064a\u0646<\/td>\n<\/tr>\n<tr>\n<td>\u0627\u0644\u0633\u0639\u0631:<\/td>\n<td>\u0627\u0644\u062a\u0641\u0627\u0648\u0636<\/td>\n<\/tr>\n<\/tbody>\n<\/table>","protected":false},"featured_media":6500,"comment_status":"open","ping_status":"closed","template":"","meta":{"_acf_changed":false},"product_brand":[],"product_cat":[20,52],"product_tag":[],"class_list":{"0":"post-6498","1":"product","2":"type-product","3":"status-publish","4":"has-post-thumbnail","6":"product_cat-water-bottles","7":"product_cat-stainless-steel-water-bottle","8":"pif-has-gallery","10":"first","11":"instock","12":"shipping-taxable","13":"product-type-simple"},"acf":[],"_links":{"self":[{"href":"https:\/\/www.auspacekitchenware.com\/ar\/wp-json\/wp\/v2\/product\/6498","targetHints":{"allow":["GET"]}}],"collection":[{"href":"https:\/\/www.auspacekitchenware.com\/ar\/wp-json\/wp\/v2\/product"}],"about":[{"href":"https:\/\/www.auspacekitchenware.com\/ar\/wp-json\/wp\/v2\/types\/product"}],"replies":[{"embeddable":true,"href":"https:\/\/www.auspacekitchenware.com\/ar\/wp-json\/wp\/v2\/comments?post=6498"}],"wp:featuredmedia":[{"embeddable":true,"href":"https:\/\/www.auspacekitchenware.com\/ar\/wp-json\/wp\/v2\/media\/6500"}],"wp:attachment":[{"href":"https:\/\/www.auspacekitchenware.com\/ar\/wp-json\/wp\/v2\/media?parent=6498"}],"wp:term":[{"taxonomy":"product_brand","embeddable":true,"href":"https:\/\/www.auspacekitchenware.com\/ar\/wp-json\/wp\/v2\/product_brand?post=6498"},{"taxonomy":"product_cat","embeddable":true,"href":"https:\/\/www.auspacekitchenware.com\/ar\/wp-json\/wp\/v2\/product_cat?post=6498"},{"taxonomy":"product_tag","embeddable":true,"href":"https:\/\/www.auspacekitchenware.com\/ar\/wp-json\/wp\/v2\/product_tag?post=6498"}],"curies":[{"name":"wp","href":"https:\/\/api.w.org\/{rel}","templated":true}]}}