{"id":7244,"date":"2025-06-20T08:50:54","date_gmt":"2025-06-20T08:50:54","guid":{"rendered":"https:\/\/auspacekitchenware.com\/?post_type=product&#038;p=7244"},"modified":"2025-06-23T07:05:28","modified_gmt":"2025-06-23T07:05:28","slug":"%d8%b5%d9%8a%d9%86%d9%8a%d8%a9-%d8%ae%d8%a8%d8%b2-%d9%85%d8%b1%d8%a8%d8%b9%d8%a9-%d8%a7%d9%84%d8%b4%d9%83%d9%84-%d8%a7%d8%ad%d8%aa%d8%b1%d8%a7%d9%81%d9%8a%d8%a9-%d9%84%d8%a5%d8%a8%d8%af%d8%a7%d8%b9","status":"publish","type":"product","link":"https:\/\/www.auspacekitchenware.com\/ar\/professional-grade-square-baking-pan-for-versatile-kitchen-creations\/","title":{"rendered":"\u0635\u064a\u0646\u064a\u0629 \u062e\u0628\u0632 \u0645\u0631\u0628\u0639\u0629 \u0627\u0644\u0634\u0643\u0644 \u0627\u062d\u062a\u0631\u0627\u0641\u064a\u0629 \u0644\u0625\u0628\u062f\u0627\u0639\u0627\u062a \u0645\u0637\u0628\u062e\u064a\u0629 \u0645\u062a\u0639\u062f\u062f\u0629 \u0627\u0644\u0627\u0633\u062a\u062e\u062f\u0627\u0645\u0627\u062a"},"content":{"rendered":"<div class=\"auto-hide-last-sibling-br paragraph-Oc488D paragraph-element br-paragraph-space\">\n<div class=\"auto-hide-last-sibling-br paragraph-Oc488D paragraph-element br-paragraph-space\"><strong>\u0647\u064a\u0643\u0644 \u0645\u0635\u0646\u0648\u0639 \u0645\u0646 \u0633\u0628\u0627\u0626\u0643 \u0627\u0644\u0623\u0644\u0648\u0645\u0646\u064a\u0648\u0645 \u0645\u0646 \u0627\u0644\u062f\u0631\u062c\u0629 \u0627\u0644\u0627\u062d\u062a\u0631\u0627\u0641\u064a\u0629<\/strong><br class=\"container-Vdm5p7 wrapper-_7axQ_ undefined\" \/>\u0635\u064f\u0646\u0639\u062a \u0635\u064a\u0646\u064a\u0629 \u0627\u0644\u062e\u0628\u0632 \u0627\u0644\u0645\u0631\u0628\u0639\u0629 \u0627\u0644\u0627\u062d\u062a\u0631\u0627\u0641\u064a\u0629 \u0647\u0630\u0647 \u0645\u0646 \u0633\u0628\u0627\u0626\u0643 \u0627\u0644\u0623\u0644\u0648\u0645\u0646\u064a\u0648\u0645 \u0639\u0627\u0644\u064a\u0629 \u0627\u0644\u062c\u0648\u062f\u0629 \u0648\u0627\u0644\u0622\u0645\u0646\u0629 \u0644\u0644\u0637\u0639\u0627\u0645\u060c \u0648\u0647\u064a \u062a\u0636\u0645\u0646 \u062a\u0648\u0635\u064a\u0644\u064b\u0627 \u062d\u0631\u0627\u0631\u064a\u064b\u0627 \u0641\u0627\u0626\u0642\u064b\u0627. \u064a\u0636\u0645\u0646 \u0627\u0644\u062e\u0628\u0632 \u0627\u0644\u0645\u062a\u0633\u0627\u0648\u064a \u0639\u0628\u0631 \u0627\u0644\u0633\u0637\u062d \u0627\u0644\u0645\u0631\u0628\u0639 \u0628\u0627\u0644\u0643\u0627\u0645\u0644\u060c \u0645\u0645\u0627 \u064a\u0645\u0646\u0639 \u0627\u0644\u0628\u0642\u0639 \u0627\u0644\u0633\u0627\u062e\u0646\u0629 \u0648\u064a\u0648\u0641\u0631 \u0646\u062a\u0627\u0626\u062c \u0645\u062a\u0646\u0627\u0633\u0642\u0629 \u0644\u062c\u0645\u064a\u0639 \u0625\u0628\u062f\u0627\u0639\u0627\u062a \u0645\u0637\u0628\u062e\u0643. \u0635\u064f\u0645\u0645\u062a \u0644\u062a\u062a\u062d\u0645\u0644 \u062f\u0631\u062c\u0627\u062a \u0627\u0644\u062d\u0631\u0627\u0631\u0629 \u0627\u0644\u0639\u0627\u0644\u064a\u0629 \u0641\u064a \u0627\u0644\u0641\u0631\u0646\u060c \u0648\u062a\u062d\u0627\u0641\u0638 \u0639\u0644\u0649 \u0634\u0643\u0644\u0647\u0627 \u0648\u0645\u062a\u0627\u0646\u062a\u0647\u0627\u060c \u0645\u0645\u0627 \u064a\u062c\u0639\u0644\u0647\u0627 \u062e\u064a\u0627\u0631\u064b\u0627 \u0645\u0648\u062b\u0648\u0642\u064b\u0627 \u0644\u0643\u0644 \u0645\u0646 \u0627\u0644\u062e\u0628\u0627\u0632\u064a\u0646 \u0627\u0644\u0645\u0628\u062a\u062f\u0626\u064a\u0646 \u0648\u0627\u0644\u062e\u0628\u0631\u0627\u0621.<\/div>\n<div><\/div>\n<div class=\"auto-hide-last-sibling-br paragraph-Oc488D paragraph-element br-paragraph-space\"><strong>\u062a\u0635\u0645\u064a\u0645 \u0645\u0631\u0628\u0639 \u0644\u0644\u062e\u0628\u0632 \u0648\u0627\u0644\u062a\u0642\u062f\u064a\u0645 \u0627\u0644\u0623\u0645\u062b\u0644<\/strong><br class=\"container-Vdm5p7 wrapper-_7axQ_ undefined\" \/>\u064a\u0632\u064a\u062f \u0627\u0644\u0634\u0643\u0644 \u0627\u0644\u0645\u0631\u0628\u0639 \u0627\u0644\u062f\u0642\u064a\u0642 \u0644\u0635\u064a\u0646\u064a\u0629 \u0627\u0644\u062e\u0628\u0632 \u0647\u0630\u0647 \u0645\u0646 \u0627\u0644\u0627\u0633\u062a\u0641\u0627\u062f\u0629 \u0645\u0646 \u0627\u0644\u0645\u0633\u0627\u062d\u0629 \u0625\u0644\u0649 \u0623\u0642\u0635\u0649 \u062d\u062f\u060c \u0645\u0645\u0627 \u064a\u062a\u064a\u062d \u0644\u0643 \u062e\u0628\u0632 \u0643\u0645\u064a\u0627\u062a \u0623\u0643\u0628\u0631 \u0645\u0646 \u0627\u0644\u062d\u0644\u0648\u064a\u0627\u062a \u0627\u0644\u0645\u0641\u0636\u0644\u0629 \u0644\u062f\u064a\u0643. \u062c\u0648\u0627\u0646\u0628\u0647\u0627 \u0627\u0644\u0645\u0633\u062a\u0642\u064a\u0645\u0629 \u0648\u0627\u0644\u0645\u0642\u0648\u0651\u0627\u0629 \u0648\u0632\u0648\u0627\u064a\u0627\u0647\u0627 \u0627\u0644\u0645\u0633\u062a\u062f\u064a\u0631\u0629 \u062a\u062c\u0639\u0644 \u0645\u0646 \u0627\u0644\u0633\u0647\u0644 \u062a\u0648\u0632\u064a\u0639 \u0627\u0644\u062e\u0644\u064a\u0637 \u0628\u0627\u0644\u062a\u0633\u0627\u0648\u064a \u0648\u062a\u0646\u0638\u064a\u0641\u0647 \u062c\u064a\u062f\u0627\u064b. \u0633\u0648\u0627\u0621 \u0643\u0646\u062a \u062a\u062e\u0628\u0632 \u0643\u0639\u0643\u0629 \u0645\u0631\u0628\u0639\u0629 \u0627\u0644\u0634\u0643\u0644\u060c \u0623\u0648 \u062a\u062d\u0645\u0635 \u0627\u0644\u062e\u0636\u0627\u0631 \u0623\u0648 \u062a\u062d\u0636\u0631 \u0637\u0627\u062c\u0646\u064b\u0627\u060c \u0641\u0625\u0646 \u062a\u0635\u0645\u064a\u0645 \u0627\u0644\u0645\u0642\u0644\u0627\u0629 \u064a\u0636\u0645\u0646 \u0644\u0643 \u062e\u0631\u0648\u062c \u0625\u0628\u062f\u0627\u0639\u0627\u062a\u0643 \u0641\u064a \u0627\u0644\u0645\u0637\u0628\u062e \u0628\u0634\u0643\u0644 \u0645\u062b\u0627\u0644\u064a \u0648\u062c\u0627\u0647\u0632 \u0644\u062a\u0642\u062f\u064a\u0645\u0647\u0627 \u0628\u0634\u0643\u0644 \u0645\u0631\u0628\u0639 \u0623\u0646\u064a\u0642.<\/div>\n<div><\/div>\n<div class=\"auto-hide-last-sibling-br paragraph-Oc488D paragraph-element br-paragraph-space\"><strong>\u0637\u0644\u0627\u0621 \u0645\u0632\u062f\u0648\u062c \u0627\u0644\u0637\u0628\u0642\u0629 \u0645\u0627\u0646\u0639 \u0644\u0644\u0627\u0644\u062a\u0635\u0627\u0642 \u0645\u062a\u0639\u062f\u062f \u0627\u0644\u0627\u0633\u062a\u062e\u062f\u0627\u0645\u0627\u062a<\/strong><br class=\"container-Vdm5p7 wrapper-_7axQ_ undefined\" \/>\u062a\u062a\u0645\u064a\u0632 \u0635\u064a\u0646\u064a\u0629 \u0627\u0644\u062e\u0628\u0632 \u0627\u0644\u0645\u0631\u0628\u0639\u0629 \u0647\u0630\u0647 \u0628\u0637\u0628\u0642\u0629 \u0645\u0632\u062f\u0648\u062c\u0629 \u0645\u062a\u0637\u0648\u0631\u0629 \u0645\u0627\u0646\u0639\u0629 \u0644\u0644\u0627\u0644\u062a\u0635\u0627\u0642\u060c \u0645\u0645\u0627 \u064a\u062c\u0639\u0644\u0647\u0627 \u0645\u062b\u0627\u0644\u064a\u0629 \u0644\u0645\u062c\u0645\u0648\u0639\u0629 \u0648\u0627\u0633\u0639\u0629 \u0645\u0646 \u0625\u0628\u062f\u0627\u0639\u0627\u062a \u0627\u0644\u0645\u0637\u0628\u062e. \u0645\u0646 \u0627\u0644\u0645\u0639\u062c\u0646\u0627\u062a \u0627\u0644\u0631\u0642\u064a\u0642\u0629 \u0625\u0644\u0649 \u0627\u0644\u0637\u0648\u0627\u062c\u0646 \u0627\u0644\u0634\u0647\u064a\u0629\u060c \u064a\u0645\u0643\u0646\u0643 \u0628\u0633\u0647\u0648\u0644\u0629 \u0625\u0632\u0627\u0644\u0629 \u0627\u0644\u0645\u062e\u0628\u0648\u0632\u0627\u062a \u062f\u0648\u0646 \u0627\u0644\u062a\u0635\u0627\u0642\u0647\u0627 \u0623\u0648 \u062a\u0641\u062a\u062a\u0647\u0627. \u0643\u0645\u0627 \u0623\u0646 \u0627\u0644\u0637\u0644\u0627\u0621 \u0627\u0644\u0645\u062a\u064a\u0646 \u064a\u0642\u0627\u0648\u0645 \u0627\u0644\u062e\u062f\u0648\u0634 \u0645\u0646 \u0627\u0644\u0623\u0648\u0627\u0646\u064a\u060c \u0645\u0645\u0627 \u064a\u0636\u0645\u0646 \u0628\u0642\u0627\u0621 \u0627\u0644\u0642\u0627\u0644\u0628 \u0641\u064a \u0623\u0641\u0636\u0644 \u062d\u0627\u0644\u0629 \u0644\u0644\u0627\u0633\u062a\u062e\u062f\u0627\u0645 \u0627\u0644\u0645\u062a\u0639\u062f\u062f \u0627\u0644\u0627\u0633\u062a\u062e\u062f\u0627\u0645\u0627\u062a \u0641\u064a \u0627\u0644\u0648\u0635\u0641\u0627\u062a \u0627\u0644\u062d\u0644\u0648\u0629 \u0648\u0627\u0644\u0645\u0627\u0644\u062d\u0629 \u0639\u0644\u0649 \u062d\u062f \u0633\u0648\u0627\u0621.<\/div>\n<div><\/div>\n<div class=\"auto-hide-last-sibling-br paragraph-Oc488D paragraph-element br-paragraph-space\"><strong>\u0623\u062f\u0627\u0621 \u0627\u0644\u0645\u0637\u0628\u062e \u0645\u062a\u0639\u062f\u062f \u0627\u0644\u0627\u0633\u062a\u062e\u062f\u0627\u0645\u0627\u062a<\/strong><br class=\"container-Vdm5p7 wrapper-_7axQ_ undefined\" \/>\u0625\u0646 \u0635\u064a\u0646\u064a\u0629 \u0627\u0644\u062e\u0628\u0632 \u0627\u0644\u0645\u0631\u0628\u0639\u0629 \u0627\u0644\u0627\u062d\u062a\u0631\u0627\u0641\u064a\u0629 \u0647\u0630\u0647 \u0647\u064a \u0623\u062f\u0627\u0629 \u062d\u0642\u064a\u0642\u064a\u0629 \u0644\u0643\u0644 \u0634\u064a\u0621 \u0641\u064a \u0627\u0644\u0645\u0637\u0628\u062e. \u0625\u0646\u0647\u0627 \u0645\u0646\u0627\u0633\u0628\u0629 \u0644\u0644\u062e\u0628\u0632 \u0648\u0627\u0644\u062a\u062d\u0645\u064a\u0635 \u0648\u0627\u0644\u0634\u0648\u064a \u0648\u062d\u062a\u0649 \u0627\u0644\u062a\u0642\u062f\u064a\u0645 \u0645\u0628\u0627\u0634\u0631\u0629 \u0645\u0646 \u0627\u0644\u0641\u0631\u0646 \u0625\u0644\u0649 \u0627\u0644\u0645\u0627\u0626\u062f\u0629. \u0633\u0648\u0627\u0621 \u0643\u0646\u062a \u062a\u0642\u0648\u0645\u064a\u0646 \u0628\u0625\u0639\u062f\u0627\u062f \u0645\u062c\u0645\u0648\u0639\u0629 \u0645\u0646 \u0627\u0644\u0643\u0639\u0643 \u0623\u0648 \u0635\u0641\u064a\u062d\u0629 \u0645\u0646 \u0627\u0644\u062e\u0636\u0627\u0631 \u0627\u0644\u0645\u0634\u0648\u064a\u0629 \u0623\u0648 \u0637\u0627\u062c\u0646 \u0628\u062d\u062c\u0645 \u0639\u0627\u0626\u0644\u064a\u060c \u0641\u0625\u0646 \u0623\u062f\u0627\u0626\u0647\u0627 \u0645\u062a\u0639\u062f\u062f \u0627\u0644\u0627\u0633\u062a\u062e\u062f\u0627\u0645\u0627\u062a \u064a\u062c\u0639\u0644\u0647\u0627 \u0623\u062f\u0627\u0629 \u0623\u0633\u0627\u0633\u064a\u0629 \u0644\u0635\u0646\u0639 \u0625\u0628\u062f\u0627\u0639\u0627\u062a \u0627\u0644\u0645\u0637\u0628\u062e \u0627\u0644\u0644\u0630\u064a\u0630\u0629 \u0643\u0644 \u064a\u0648\u0645.<\/div>\n<div><\/div>\n<div class=\"auto-hide-last-sibling-br paragraph-Oc488D paragraph-element br-paragraph-space\"><strong>\u062c\u0645\u0627\u0644\u064a\u0629 \u0623\u0646\u064a\u0642\u0629 \u0644\u0644\u0639\u0631\u0636 \u0627\u0644\u0627\u062d\u062a\u0631\u0627\u0641\u064a<\/strong><br class=\"container-Vdm5p7 wrapper-_7axQ_ undefined\" \/>\u0628\u0641\u0636\u0644 \u0645\u0638\u0647\u0631\u0647\u0627 \u0627\u0644\u0623\u0646\u064a\u0642 \u063a\u064a\u0631 \u0627\u0644\u0644\u0627\u0645\u0639 \u0648\u062a\u0635\u0645\u064a\u0645\u0647\u0627 \u0627\u0644\u0639\u0635\u0631\u064a\u060c \u0641\u0625\u0646 \u0635\u064a\u0646\u064a\u0629 \u0627\u0644\u062e\u0628\u0632 \u0627\u0644\u0645\u0631\u0628\u0639\u0629 \u0647\u0630\u0647 \u0644\u0627 \u062a\u0639\u0645\u0644 \u0628\u0634\u0643\u0644 \u062c\u064a\u062f \u0641\u062d\u0633\u0628\u060c \u0628\u0644 \u062a\u0628\u062f\u0648 \u0631\u0627\u0626\u0639\u0629 \u0623\u064a\u0636\u064b\u0627. \u0644\u0648\u0646\u0647\u0627 \u0627\u0644\u0645\u062d\u0627\u064a\u062f \u0648\u0645\u0638\u0647\u0631\u0647\u0627 \u0627\u0644\u0627\u062d\u062a\u0631\u0627\u0641\u064a \u064a\u062c\u0639\u0644\u0647\u0627 \u0645\u0646\u0627\u0633\u0628\u0629 \u0644\u0623\u064a \u062f\u064a\u0643\u0648\u0631 \u0645\u0637\u0628\u062e. \u064a\u0645\u0643\u0646 \u0627\u0633\u062a\u062e\u062f\u0627\u0645\u0647 \u0643\u0635\u062d\u0646 \u062a\u0642\u062f\u064a\u0645 \u062c\u0630\u0627\u0628\u060c \u0645\u0645\u0627 \u064a\u0633\u0645\u062d \u0644\u0643 \u0628\u062a\u0642\u062f\u064a\u0645 \u0625\u0628\u062f\u0627\u0639\u0627\u062a \u0645\u0637\u0628\u062e\u0643 \u0628\u0623\u0646\u0627\u0642\u0629\u060c \u0633\u0648\u0627\u0621 \u0641\u064a \u0639\u0634\u0627\u0621 \u0639\u0627\u0626\u0644\u064a \u063a\u064a\u0631 \u0631\u0633\u0645\u064a \u0623\u0648 \u0641\u064a \u062a\u062c\u0645\u0639 \u0631\u0633\u0645\u064a.<\/div>\n<\/div>\n<p>&nbsp;<\/p>","protected":false},"excerpt":{"rendered":"<table style=\"height: 304px\" width=\"672\">\n<tbody>\n<tr>\n<td>\u0627\u0644\u0637\u0631\u0627\u0632 (\u0631\u0642\u0645 \u0627\u0644\u0645\u0646\u062a\u062c):<\/td>\n<td>AU-BP0013<\/td>\n<\/tr>\n<tr>\n<td>\u062d\u062c\u0645 \u0627\u0644\u0645\u0646\u062a\u062c:<\/td>\n<td>24.3 \u00d7 24.3 \u00d7 24.3 \u00d7 5 \u0633\u0645<\/td>\n<\/tr>\n<tr>\n<td>\u0645\u0627\u062f\u0629 \u0627\u0644\u0645\u0646\u062a\u062c:<\/td>\n<td>\u0627\u0644\u0641\u0648\u0644\u0627\u0630 \u0627\u0644\u0643\u0631\u0628\u0648\u0646\u064a<\/td>\n<\/tr>\n<tr>\n<td>\u0644\u0648\u0646 \u0627\u0644\u0645\u0646\u062a\u062c:<\/td>\n<td>\u0645\u062e\u0635\u0635<\/td>\n<\/tr>\n<tr>\n<td>\u0645\u0639\u0644\u0648\u0645\u0627\u062a \u0627\u0644\u062a\u063a\u0644\u064a\u0641:<\/td>\n<td>12 \u0642\u0637\u0639\u0629 \u0641\u064a \u0643\u0644 \u0643\u0631\u062a\u0648\u0646\u0629<\/td>\n<\/tr>\n<tr>\n<td>\u0627\u0644\u062d\u062f \u0627\u0644\u0623\u062f\u0646\u0649 \u0644\u0643\u0645\u064a\u0629 \u0627\u0644\u0637\u0644\u0628:<\/td>\n<td>1800 \u0648\u062d\u062f\u0629<\/td>\n<\/tr>\n<tr>\n<td>\u0627\u0644\u0623\u0635\u0644:<\/td>\n<td>\u0627\u0644\u0635\u064a\u0646<\/td>\n<\/tr>\n<tr>\n<td>\u0627\u0644\u0633\u0639\u0631:<\/td>\n<td>\u0627\u0644\u062a\u0641\u0627\u0648\u0636<\/td>\n<\/tr>\n<\/tbody>\n<\/table>","protected":false},"featured_media":7245,"comment_status":"open","ping_status":"closed","template":"","meta":{"_acf_changed":false},"product_brand":[],"product_cat":[18,44],"product_tag":[],"class_list":{"0":"post-7244","1":"product","2":"type-product","3":"status-publish","4":"has-post-thumbnail","6":"product_cat-bakeware","7":"product_cat-baking-pan-bakeware","8":"pif-has-gallery","10":"first","11":"instock","12":"shipping-taxable","13":"product-type-simple"},"acf":[],"_links":{"self":[{"href":"https:\/\/www.auspacekitchenware.com\/ar\/wp-json\/wp\/v2\/product\/7244","targetHints":{"allow":["GET"]}}],"collection":[{"href":"https:\/\/www.auspacekitchenware.com\/ar\/wp-json\/wp\/v2\/product"}],"about":[{"href":"https:\/\/www.auspacekitchenware.com\/ar\/wp-json\/wp\/v2\/types\/product"}],"replies":[{"embeddable":true,"href":"https:\/\/www.auspacekitchenware.com\/ar\/wp-json\/wp\/v2\/comments?post=7244"}],"wp:featuredmedia":[{"embeddable":true,"href":"https:\/\/www.auspacekitchenware.com\/ar\/wp-json\/wp\/v2\/media\/7245"}],"wp:attachment":[{"href":"https:\/\/www.auspacekitchenware.com\/ar\/wp-json\/wp\/v2\/media?parent=7244"}],"wp:term":[{"taxonomy":"product_brand","embeddable":true,"href":"https:\/\/www.auspacekitchenware.com\/ar\/wp-json\/wp\/v2\/product_brand?post=7244"},{"taxonomy":"product_cat","embeddable":true,"href":"https:\/\/www.auspacekitchenware.com\/ar\/wp-json\/wp\/v2\/product_cat?post=7244"},{"taxonomy":"product_tag","embeddable":true,"href":"https:\/\/www.auspacekitchenware.com\/ar\/wp-json\/wp\/v2\/product_tag?post=7244"}],"curies":[{"name":"wp","href":"https:\/\/api.w.org\/{rel}","templated":true}]}}