{"id":10377,"date":"2025-09-02T06:03:16","date_gmt":"2025-09-02T06:03:16","guid":{"rendered":"https:\/\/auspacekitchenware.com\/?post_type=product&#038;p=10377"},"modified":"2025-09-02T08:54:41","modified_gmt":"2025-09-02T08:54:41","slug":"fiambrera-portatil-con-compartimentos-al-por-mayor-2","status":"publish","type":"product","link":"https:\/\/www.auspacekitchenware.com\/es\/portable-partitioned-bento-lunch-box-wholesale-2\/","title":{"rendered":"Lunch box port\u00e1til con compartimentos al por mayor"},"content":{"rendered":"<div class=\"auto-hide-last-sibling-br paragraph-JOTKXA paragraph-element br-paragraph-space\"><strong>Dise\u00f1o de particiones:<\/strong><br class=\"container-utlnW2 wrapper-d0Cc1k undefined\" \/>La lonchera port\u00e1til con compartimentos tiene un dise\u00f1o interno con separadores, lo que permite a los usuarios guardar diferentes alimentos por separado y evitar que se mezclen los sabores.<\/div>\n<div><\/div>\n<div class=\"auto-hide-last-sibling-br paragraph-JOTKXA paragraph-element br-paragraph-space\"><strong>Cierre seguro de la tapa:<\/strong><br class=\"container-utlnW2 wrapper-d0Cc1k undefined\" \/>La lonchera port\u00e1til con compartimentos est\u00e1 equipada con cierres a presi\u00f3n resistentes en la tapa, lo que proporciona un sellado seguro para mantener la frescura de los alimentos y evitar derrames.<\/div>\n<div><\/div>\n<div class=\"auto-hide-last-sibling-br paragraph-JOTKXA paragraph-element br-paragraph-space\"><strong>Compilaci\u00f3n port\u00e1til<\/strong><br class=\"container-utlnW2 wrapper-d0Cc1k undefined\" \/>La lonchera port\u00e1til con compartimentos Bento tiene un dise\u00f1o compacto y ligero, lo que facilita su transporte al trabajo, a la escuela o de viaje.<\/div>\n<div><\/div>\n<div class=\"auto-hide-last-sibling-br paragraph-JOTKXA paragraph-element br-paragraph-space\"><strong>Mango integrado y atractivo est\u00e9tico<\/strong><br class=\"container-utlnW2 wrapper-d0Cc1k undefined\" \/>La lonchera port\u00e1til con compartimentos Bento incluye un pr\u00e1ctico asa en la tapa para levantarla c\u00f3modamente y tiene un dise\u00f1o moderno y elegante, que combina funcionalidad y atractivo visual.<\/div>","protected":false},"excerpt":{"rendered":"<table style=\"height: 304px\" width=\"672\">\n<tbody>\n<tr>\n<td>Modelo (n\u00famero de producto):<\/td>\n<td>AU-LB0028\/AU-LB0027<\/td>\n<\/tr>\n<tr>\n<td>Tama\u00f1o del producto:<\/td>\n<td>25.5X18.6X6.3cm\/20X14.5X6.5cm<\/td>\n<\/tr>\n<tr>\n<td>Material del producto:<\/td>\n<td>PP<\/td>\n<\/tr>\n<tr>\n<td>Color del producto:<\/td>\n<td>Personalizado<\/td>\n<\/tr>\n<tr>\n<td>Informaci\u00f3n sobre el empaque:<\/td>\n<td>8 piezas por caja<\/td>\n<\/tr>\n<tr>\n<td>Cantidad m\u00ednima de pedido:<\/td>\n<td>1200 unidades<\/td>\n<\/tr>\n<tr>\n<td>Origen:<\/td>\n<td>China<\/td>\n<\/tr>\n<tr>\n<td>Precio:<\/td>\n<td>Negociaci\u00f3n<\/td>\n<\/tr>\n<\/tbody>\n<\/table>\n<p>&nbsp;<\/p>","protected":false},"featured_media":10370,"comment_status":"open","ping_status":"closed","template":"","meta":{"_acf_changed":false},"product_brand":[],"product_cat":[102,89],"product_tag":[],"class_list":{"0":"post-10377","1":"product","2":"type-product","3":"status-publish","4":"has-post-thumbnail","6":"product_cat-lunch-box","7":"product_cat-plastic-lunch-box","8":"pif-has-gallery","10":"first","11":"instock","12":"shipping-taxable","13":"purchasable","14":"product-type-simple"},"acf":[],"_links":{"self":[{"href":"https:\/\/www.auspacekitchenware.com\/es\/wp-json\/wp\/v2\/product\/10377","targetHints":{"allow":["GET"]}}],"collection":[{"href":"https:\/\/www.auspacekitchenware.com\/es\/wp-json\/wp\/v2\/product"}],"about":[{"href":"https:\/\/www.auspacekitchenware.com\/es\/wp-json\/wp\/v2\/types\/product"}],"replies":[{"embeddable":true,"href":"https:\/\/www.auspacekitchenware.com\/es\/wp-json\/wp\/v2\/comments?post=10377"}],"wp:featuredmedia":[{"embeddable":true,"href":"https:\/\/www.auspacekitchenware.com\/es\/wp-json\/wp\/v2\/media\/10370"}],"wp:attachment":[{"href":"https:\/\/www.auspacekitchenware.com\/es\/wp-json\/wp\/v2\/media?parent=10377"}],"wp:term":[{"taxonomy":"product_brand","embeddable":true,"href":"https:\/\/www.auspacekitchenware.com\/es\/wp-json\/wp\/v2\/product_brand?post=10377"},{"taxonomy":"product_cat","embeddable":true,"href":"https:\/\/www.auspacekitchenware.com\/es\/wp-json\/wp\/v2\/product_cat?post=10377"},{"taxonomy":"product_tag","embeddable":true,"href":"https:\/\/www.auspacekitchenware.com\/es\/wp-json\/wp\/v2\/product_tag?post=10377"}],"curies":[{"name":"wp","href":"https:\/\/api.w.org\/{rel}","templated":true}]}}