{"id":10414,"date":"2025-09-02T08:56:13","date_gmt":"2025-09-02T08:56:13","guid":{"rendered":"https:\/\/auspacekitchenware.com\/?post_type=product&#038;p=10414"},"modified":"2025-09-03T05:24:15","modified_gmt":"2025-09-03T05:24:15","slug":"cacerola-de-acero-inoxidable-con-tapa-de-vidrio-y-dos-asas","status":"publish","type":"product","link":"https:\/\/www.auspacekitchenware.com\/es\/stainless-steel-casserole-with-glass-lid-and-dual-handles\/","title":{"rendered":"Cacerola de acero inoxidable con tapa de vidrio y dos asas al por mayor"},"content":{"rendered":"<h2><strong>Construcci\u00f3n robusta de acero inoxidable<\/strong>:<\/h2>\n<p>La cacerola de acero inoxidable con tapa de vidrio est\u00e1 fabricada en acero inoxidable de alta calidad. Este material garantiza una gran durabilidad, ya que resiste el \u00f3xido y los da\u00f1os incluso con un uso regular, y tambi\u00e9n permite una distribuci\u00f3n eficiente del calor para una cocci\u00f3n uniforme.<\/p>\n<h2><strong>Tapa de vidrio transparente con perilla<\/strong>:<\/h2>\n<p>Viene con una tapa de vidrio transparente con un pomo de metal. La tapa de vidrio permite a los usuarios supervisar el proceso de cocci\u00f3n sin levantar la tapa (lo que permite conservar el calor y la humedad), y el pomo ofrece un agarre c\u00f3modo para levantarla f\u00e1cilmente.<\/p>\n<h2><strong>Exterior de acero inoxidable pulido<\/strong>:<\/h2>\n<p>La cazuela tiene un exterior de acero inoxidable pulido. Esto no solo le da un aspecto elegante y sofisticado que encaja bien en cualquier estilo de cocina, sino que tambi\u00e9n hace que la superficie sea f\u00e1cil de limpiar y mantener brillante.<\/p>\n<h2><strong>Asas ergon\u00f3micas dobles<\/strong>:<\/h2>\n<p>Equipada con dos asas de acero inoxidable de dise\u00f1o ergon\u00f3mico, la cacerola ofrece un agarre seguro y c\u00f3modo. Las asas se mantienen fr\u00edas durante la cocci\u00f3n, lo que garantiza un transporte seguro de la cacerola cuando est\u00e1 llena de alimentos o l\u00edquidos calientes.<\/p>","protected":false},"excerpt":{"rendered":"<table style=\"height: 304px\" width=\"672\">\n<tbody>\n<tr>\n<td>Modelo (n\u00famero de producto):<\/td>\n<td>AU-CW0115<\/td>\n<\/tr>\n<tr>\n<td>Tama\u00f1o del producto:<\/td>\n<td>24 x 10,5 cm<\/td>\n<\/tr>\n<tr>\n<td>Material del producto:<\/td>\n<td>Acero inoxidable<\/td>\n<\/tr>\n<tr>\n<td>Color del producto:<\/td>\n<td>Personalizado<\/td>\n<\/tr>\n<tr>\n<td>Informaci\u00f3n sobre el empaque:<\/td>\n<td>6 piezas por caja<\/td>\n<\/tr>\n<tr>\n<td>Cantidad m\u00ednima de pedido:<\/td>\n<td>1000 unidades<\/td>\n<\/tr>\n<tr>\n<td>Origen:<\/td>\n<td>China<\/td>\n<\/tr>\n<tr>\n<td>Precio:<\/td>\n<td>Negociaci\u00f3n<\/td>\n<\/tr>\n<\/tbody>\n<\/table>\n<p>&nbsp;<\/p>","protected":false},"featured_media":10422,"comment_status":"open","ping_status":"closed","template":"","meta":{"_acf_changed":false},"product_brand":[],"product_cat":[117,112],"product_tag":[],"class_list":{"0":"post-10414","1":"product","2":"type-product","3":"status-publish","4":"has-post-thumbnail","6":"product_cat-casserole","7":"product_cat-cookware","8":"pif-has-gallery","10":"first","11":"instock","12":"shipping-taxable","13":"product-type-simple"},"acf":[],"_links":{"self":[{"href":"https:\/\/www.auspacekitchenware.com\/es\/wp-json\/wp\/v2\/product\/10414","targetHints":{"allow":["GET"]}}],"collection":[{"href":"https:\/\/www.auspacekitchenware.com\/es\/wp-json\/wp\/v2\/product"}],"about":[{"href":"https:\/\/www.auspacekitchenware.com\/es\/wp-json\/wp\/v2\/types\/product"}],"replies":[{"embeddable":true,"href":"https:\/\/www.auspacekitchenware.com\/es\/wp-json\/wp\/v2\/comments?post=10414"}],"wp:featuredmedia":[{"embeddable":true,"href":"https:\/\/www.auspacekitchenware.com\/es\/wp-json\/wp\/v2\/media\/10422"}],"wp:attachment":[{"href":"https:\/\/www.auspacekitchenware.com\/es\/wp-json\/wp\/v2\/media?parent=10414"}],"wp:term":[{"taxonomy":"product_brand","embeddable":true,"href":"https:\/\/www.auspacekitchenware.com\/es\/wp-json\/wp\/v2\/product_brand?post=10414"},{"taxonomy":"product_cat","embeddable":true,"href":"https:\/\/www.auspacekitchenware.com\/es\/wp-json\/wp\/v2\/product_cat?post=10414"},{"taxonomy":"product_tag","embeddable":true,"href":"https:\/\/www.auspacekitchenware.com\/es\/wp-json\/wp\/v2\/product_tag?post=10414"}],"curies":[{"name":"wp","href":"https:\/\/api.w.org\/{rel}","templated":true}]}}