{"id":10453,"date":"2025-09-02T09:19:20","date_gmt":"2025-09-02T09:19:20","guid":{"rendered":"https:\/\/auspacekitchenware.com\/?post_type=product&#038;p=10453"},"modified":"2025-09-03T05:25:34","modified_gmt":"2025-09-03T05:25:34","slug":"cacerola-antiadherente-con-tapa-de-vidrio-y-mango-de-madera","status":"publish","type":"product","link":"http:\/\/www.auspacekitchenware.com\/es\/non-stick-saucepan-with-glass-lid-and-wooden-handle\/","title":{"rendered":"Cacerola antiadherente con tapa de vidrio y mango de madera al por mayor"},"content":{"rendered":"<h2><\/h2>\n<h2><strong>Recubrimiento antiadherente de primera calidad<\/strong>:<\/h2>\n<p>La cacerola antiadherente con tapa de vidrio y mango de madera est\u00e1 equipada con un recubrimiento antiadherente de alta calidad. Este recubrimiento permite que los alimentos se desprendan sin esfuerzo, lo que facilita la cocci\u00f3n de alimentos delicados como salsas o mantequilla derretida, y simplifica el proceso de limpieza despu\u00e9s de su uso.<\/p>\n<h2><strong>Tapa de vidrio transparente<\/strong>:<\/h2>\n<p>Viene con una tapa de vidrio transparente. La tapa de vidrio permite a los usuarios supervisar el progreso de la cocci\u00f3n sin levantar la tapa, lo que permite conservar el calor y la humedad para obtener resultados de cocci\u00f3n m\u00e1s uniformes y eficientes.<\/p>\n<h2><strong>Mango ergon\u00f3mico de madera<\/strong>:<\/h2>\n<p>Con un mango de madera de dise\u00f1o ergon\u00f3mico, la cacerola ofrece un agarre c\u00f3modo y seguro. El material de madera tambi\u00e9n a\u00f1ade un toque de elegancia natural a los utensilios de cocina y se mantiene fr\u00edo al tacto durante la cocci\u00f3n en la estufa, lo que garantiza un manejo seguro.<\/p>","protected":false},"excerpt":{"rendered":"<p>&nbsp;<\/p>\n<table style=\"height: 304px\" width=\"672\">\n<tbody>\n<tr>\n<td>Modelo (n\u00famero de producto):<\/td>\n<td>AU-CW0123<\/td>\n<\/tr>\n<tr>\n<td>Tama\u00f1o del producto:<\/td>\n<td>18 x 8 cm<\/td>\n<\/tr>\n<tr>\n<td>Material del producto:<\/td>\n<td>Aluminio forjado<\/td>\n<\/tr>\n<tr>\n<td>Color del producto:<\/td>\n<td>Personalizado<\/td>\n<\/tr>\n<tr>\n<td>Informaci\u00f3n sobre el empaque:<\/td>\n<td>6 piezas por caja<\/td>\n<\/tr>\n<tr>\n<td>Cantidad m\u00ednima de pedido:<\/td>\n<td>1000 unidades<\/td>\n<\/tr>\n<tr>\n<td>Origen:<\/td>\n<td>China<\/td>\n<\/tr>\n<tr>\n<td>Precio:<\/td>\n<td>Negociaci\u00f3n<\/td>\n<\/tr>\n<\/tbody>\n<\/table>\n<p>&nbsp;<\/p>","protected":false},"featured_media":10459,"comment_status":"open","ping_status":"closed","template":"","meta":{"_acf_changed":false},"product_brand":[],"product_cat":[115,112],"product_tag":[],"class_list":{"0":"post-10453","1":"product","2":"type-product","3":"status-publish","4":"has-post-thumbnail","6":"product_cat-saucepan","7":"product_cat-cookware","8":"pif-has-gallery","10":"first","11":"instock","12":"shipping-taxable","13":"product-type-simple"},"acf":[],"_links":{"self":[{"href":"http:\/\/www.auspacekitchenware.com\/es\/wp-json\/wp\/v2\/product\/10453","targetHints":{"allow":["GET"]}}],"collection":[{"href":"http:\/\/www.auspacekitchenware.com\/es\/wp-json\/wp\/v2\/product"}],"about":[{"href":"http:\/\/www.auspacekitchenware.com\/es\/wp-json\/wp\/v2\/types\/product"}],"replies":[{"embeddable":true,"href":"http:\/\/www.auspacekitchenware.com\/es\/wp-json\/wp\/v2\/comments?post=10453"}],"wp:featuredmedia":[{"embeddable":true,"href":"http:\/\/www.auspacekitchenware.com\/es\/wp-json\/wp\/v2\/media\/10459"}],"wp:attachment":[{"href":"http:\/\/www.auspacekitchenware.com\/es\/wp-json\/wp\/v2\/media?parent=10453"}],"wp:term":[{"taxonomy":"product_brand","embeddable":true,"href":"http:\/\/www.auspacekitchenware.com\/es\/wp-json\/wp\/v2\/product_brand?post=10453"},{"taxonomy":"product_cat","embeddable":true,"href":"http:\/\/www.auspacekitchenware.com\/es\/wp-json\/wp\/v2\/product_cat?post=10453"},{"taxonomy":"product_tag","embeddable":true,"href":"http:\/\/www.auspacekitchenware.com\/es\/wp-json\/wp\/v2\/product_tag?post=10453"}],"curies":[{"name":"wp","href":"https:\/\/api.w.org\/{rel}","templated":true}]}}