{"id":10454,"date":"2025-09-02T09:19:48","date_gmt":"2025-09-02T09:19:48","guid":{"rendered":"https:\/\/auspacekitchenware.com\/?post_type=product&#038;p=10454"},"modified":"2025-09-04T10:01:03","modified_gmt":"2025-09-04T10:01:03","slug":"fiambrera-portatil-con-compartimentos-al-por-mayor-3","status":"publish","type":"product","link":"https:\/\/www.auspacekitchenware.com\/es\/portable-partitioned-bento-lunch-box-wholesale-3\/","title":{"rendered":"Lunch box port\u00e1til con compartimentos al por mayor"},"content":{"rendered":"<div class=\"auto-hide-last-sibling-br paragraph-JOTKXA paragraph-element br-paragraph-space\">\n<h3 class=\"auto-hide-last-sibling-br paragraph-JOTKXA paragraph-element br-paragraph-space\"><strong>Amplia capacidad<\/strong><\/h3>\n<div class=\"auto-hide-last-sibling-br paragraph-JOTKXA paragraph-element br-paragraph-space\"><br class=\"container-utlnW2 wrapper-d0Cc1k undefined\" \/>La lonchera ofrece una gran capacidad, con espacio suficiente para guardar una cantidad considerable de comida. Ya sea que est\u00e9s preparando un almuerzo sustancioso para un d\u00eda de trabajo, una comida nutritiva para la escuela o una variedad de bocadillos para una excursi\u00f3n al aire libre, su tama\u00f1o te garantiza que podr\u00e1s llevar lo suficiente para saciar tu apetito.<\/div>\n<p>&nbsp;<\/p>\n<h3 class=\"auto-hide-last-sibling-br paragraph-JOTKXA paragraph-element br-paragraph-space\"><strong>Dise\u00f1o compartimentado<\/strong><\/h3>\n<div class=\"auto-hide-last-sibling-br paragraph-JOTKXA paragraph-element br-paragraph-space\"><br class=\"container-utlnW2 wrapper-d0Cc1k undefined\" \/>Esta lonchera tiene un dise\u00f1o con compartimentos. Las secciones divididas te permiten separar diferentes tipos de alimentos, como platos principales, guarniciones y bocadillos, lo que evita que los sabores se mezclen y hace que tanto la preparaci\u00f3n de las comidas como su consumo sean m\u00e1s organizados y agradables.<\/div>\n<p>&nbsp;<\/p>\n<h3 class=\"auto-hide-last-sibling-br paragraph-JOTKXA paragraph-element br-paragraph-space\"><strong>Dise\u00f1o port\u00e1til con espacio para guardar utensilios<\/strong><\/h3>\n<div><\/div>\n<div class=\"auto-hide-last-sibling-br paragraph-JOTKXA paragraph-element br-paragraph-space\">Dise\u00f1ada para ser f\u00e1cil de transportar, la lonchera cuenta con cierres seguros y una forma compacta que se puede guardar f\u00e1cilmente en bolsas o mochilas. Adem\u00e1s, incluye un espacio espec\u00edfico para utensilios (como la cuchara incluida), lo que elimina la molestia de buscar cubiertos por separado y garantiza que siempre tengas todo lo necesario para comer c\u00f3modamente mientras te desplazas.<\/div>\n<p>&nbsp;<\/p>\n<h3 class=\"auto-hide-last-sibling-br paragraph-JOTKXA paragraph-element br-paragraph-space\"><strong>Herm\u00e9tico y fresco: mantiene el sellado<\/strong><\/h3>\n<div class=\"auto-hide-last-sibling-br paragraph-JOTKXA paragraph-element br-paragraph-space\"><br class=\"container-utlnW2 wrapper-d0Cc1k undefined\" \/>La lonchera est\u00e1 equipada con un cierre herm\u00e9tico. Este cierre no solo evita las fugas (lo que le permite llevar sopas o platos con salsa sin temor a que se derramen), sino que tambi\u00e9n ayuda a conservar la frescura de los alimentos, garantizando que sigan estando tan deliciosos como cuando los guard\u00f3, incluso despu\u00e9s de varias horas.<\/div>\n<\/div>","protected":false},"excerpt":{"rendered":"<table style=\"height: 304px\" width=\"672\">\n<tbody>\n<tr>\n<td>Modelo (n\u00famero de producto):<\/td>\n<td>AU-LB0028\/AU-LB0027<\/td>\n<\/tr>\n<tr>\n<td>Tama\u00f1o del producto:<\/td>\n<td>25.5X18.6X6.3cm\/20X14.5X6.5cm<\/td>\n<\/tr>\n<tr>\n<td>Material del producto:<\/td>\n<td>PP<\/td>\n<\/tr>\n<tr>\n<td>Color del producto:<\/td>\n<td>Personalizado<\/td>\n<\/tr>\n<tr>\n<td>Informaci\u00f3n sobre el empaque:<\/td>\n<td>8 piezas por caja<\/td>\n<\/tr>\n<tr>\n<td>Cantidad m\u00ednima de pedido:<\/td>\n<td>4 unidades<\/td>\n<\/tr>\n<tr>\n<td>Origen:<\/td>\n<td>China<\/td>\n<\/tr>\n<tr>\n<td>Precio:<\/td>\n<td>Negociaci\u00f3n<\/td>\n<\/tr>\n<\/tbody>\n<\/table>\n<p>&nbsp;<\/p>","protected":false},"featured_media":10370,"comment_status":"open","ping_status":"closed","template":"","meta":{"_acf_changed":false},"product_brand":[],"product_cat":[102,89],"product_tag":[],"class_list":{"0":"post-10454","1":"product","2":"type-product","3":"status-publish","4":"has-post-thumbnail","6":"product_cat-lunch-box","7":"product_cat-plastic-lunch-box","8":"pif-has-gallery","10":"first","11":"instock","12":"shipping-taxable","13":"purchasable","14":"product-type-simple"},"acf":[],"_links":{"self":[{"href":"https:\/\/www.auspacekitchenware.com\/es\/wp-json\/wp\/v2\/product\/10454","targetHints":{"allow":["GET"]}}],"collection":[{"href":"https:\/\/www.auspacekitchenware.com\/es\/wp-json\/wp\/v2\/product"}],"about":[{"href":"https:\/\/www.auspacekitchenware.com\/es\/wp-json\/wp\/v2\/types\/product"}],"replies":[{"embeddable":true,"href":"https:\/\/www.auspacekitchenware.com\/es\/wp-json\/wp\/v2\/comments?post=10454"}],"wp:featuredmedia":[{"embeddable":true,"href":"https:\/\/www.auspacekitchenware.com\/es\/wp-json\/wp\/v2\/media\/10370"}],"wp:attachment":[{"href":"https:\/\/www.auspacekitchenware.com\/es\/wp-json\/wp\/v2\/media?parent=10454"}],"wp:term":[{"taxonomy":"product_brand","embeddable":true,"href":"https:\/\/www.auspacekitchenware.com\/es\/wp-json\/wp\/v2\/product_brand?post=10454"},{"taxonomy":"product_cat","embeddable":true,"href":"https:\/\/www.auspacekitchenware.com\/es\/wp-json\/wp\/v2\/product_cat?post=10454"},{"taxonomy":"product_tag","embeddable":true,"href":"https:\/\/www.auspacekitchenware.com\/es\/wp-json\/wp\/v2\/product_tag?post=10454"}],"curies":[{"name":"wp","href":"https:\/\/api.w.org\/{rel}","templated":true}]}}