{"id":10470,"date":"2025-09-02T09:32:51","date_gmt":"2025-09-02T09:32:51","guid":{"rendered":"https:\/\/auspacekitchenware.com\/?post_type=product&#038;p=10470"},"modified":"2025-09-04T09:54:36","modified_gmt":"2025-09-04T09:54:36","slug":"lunch-box-portatil-con-compartimentos-al-por-mayor-4","status":"publish","type":"product","link":"https:\/\/www.auspacekitchenware.com\/es\/portable-partitioned-bento-lunch-box-wholesale-4\/","title":{"rendered":"Lunch box duradero y de alta calidad al por mayor"},"content":{"rendered":"<h3><strong>Sistema de almacenamiento por niveles:<\/strong><\/h3>\n<h4>La lonchera cuenta con un sistema de almacenamiento por niveles, lo que permite a los usuarios organizar diferentes alimentos en capas separadas. Esta configuraci\u00f3n es ideal para mantener aisladas las comidas con diferentes temperaturas o consistencias (como platos calientes en la capa inferior y ensaladas frescas en la superior), lo que garantiza que cada parte de la comida conserve su sabor y textura \u00f3ptimos sin contaminaci\u00f3n cruzada.<\/h4>\n<h4 data-rm-block-id=\"block-4\"><\/h4>\n<h3 class=\"auto-hide-last-sibling-br paragraph-JOTKXA paragraph-element br-paragraph-space\" data-rm-block-id=\"block-5\"><strong>Compartimentaci\u00f3n modular:<\/strong><\/h3>\n<h4 class=\"auto-hide-last-sibling-br paragraph-JOTKXA paragraph-element br-paragraph-space\" data-rm-block-id=\"block-6\"><br class=\"container-utlnW2 wrapper-d0Cc1k undefined\" \/>Esta lonchera cuenta con compartimentos modulares, con secciones extra\u00edbles y reconfigurables en cada capa. Ya sea que necesites guardar una porci\u00f3n abundante de arroz, varios tipos de guarniciones o un peque\u00f1o recipiente con salsa, el dise\u00f1o modular se adapta a diferentes tama\u00f1os y tipos de porciones de comida, lo que facilita la personalizaci\u00f3n de las comidas y mantiene los alimentos perfectamente organizados.<\/h4>\n<h4 data-rm-block-id=\"block-7\"><\/h4>\n<h3 class=\"auto-hide-last-sibling-br paragraph-JOTKXA paragraph-element br-paragraph-space\" data-rm-block-id=\"block-9\"><strong>Combinaci\u00f3n de materiales de alta calidad:<\/strong><\/h3>\n<h4 class=\"auto-hide-last-sibling-br paragraph-JOTKXA paragraph-element br-paragraph-space\" data-rm-block-id=\"block-10\"><br class=\"container-utlnW2 wrapper-d0Cc1k undefined\" \/>La lonchera utiliza una combinaci\u00f3n de materiales de alta calidad, integrando acero inoxidable resistente para los recipientes internos para alimentos (que proporcionan una excelente retenci\u00f3n del calor y son f\u00e1ciles de limpiar) y pl\u00e1stico duradero y libre de BPA para la carcasa externa y las tapas. Esta combinaci\u00f3n de materiales garantiza que la lonchera sea segura para el contacto con los alimentos y lo suficientemente resistente como para soportar el uso diario, desde meterla en bolsas hasta lavarla repetidamente.<\/h4>\n<h4 data-rm-block-id=\"block-10\"><\/h4>\n<h3 class=\"auto-hide-last-sibling-br paragraph-JOTKXA paragraph-element br-paragraph-space\" data-rm-block-id=\"block-12\"><strong>Dise\u00f1o apto para viajar con juego de utensilios:<\/strong><\/h3>\n<h4 class=\"auto-hide-last-sibling-br paragraph-JOTKXA paragraph-element br-paragraph-space\" data-rm-block-id=\"block-13\"><br class=\"container-utlnW2 wrapper-d0Cc1k undefined\" \/>Dise\u00f1ada para facilitar los viajes, la lonchera cuenta con cierres a presi\u00f3n seguros que mantienen las capas herm\u00e9ticamente selladas para evitar fugas, y asas ergon\u00f3micas para facilitar su transporte. Adem\u00e1s, incluye un juego de cubiertos a juego que se guarda perfectamente en el compartimento de la tapa, para que nunca te quedes sin tenedores o cucharas cuando te lleves la comida de viaje.<\/h4>","protected":false},"excerpt":{"rendered":"<table style=\"height: 304px\" width=\"672\">\n<tbody>\n<tr>\n<td>Modelo (n\u00famero de producto):<\/td>\n<td>AU-LB0030<\/td>\n<\/tr>\n<tr>\n<td>Tama\u00f1o del producto:<\/td>\n<td>21,5 x 11 x 11,5 cm<\/td>\n<\/tr>\n<tr>\n<td>Material del producto:<\/td>\n<td>PP+PS+SS304<\/td>\n<\/tr>\n<tr>\n<td>Color del producto:<\/td>\n<td>Personalizado<\/td>\n<\/tr>\n<tr>\n<td>Informaci\u00f3n sobre el empaque:<\/td>\n<td>24 piezas por caja<\/td>\n<\/tr>\n<tr>\n<td>Cantidad m\u00ednima de pedido:<\/td>\n<td>3000<\/td>\n<\/tr>\n<tr>\n<td>Origen:<\/td>\n<td>China<\/td>\n<\/tr>\n<tr>\n<td>Precio:<\/td>\n<td>Negociaci\u00f3n<\/td>\n<\/tr>\n<\/tbody>\n<\/table>\n<p>&nbsp;<\/p>","protected":false},"featured_media":10472,"comment_status":"open","ping_status":"closed","template":"","meta":{"_acf_changed":false},"product_brand":[],"product_cat":[102,89,90],"product_tag":[],"class_list":{"0":"post-10470","1":"product","2":"type-product","3":"status-publish","4":"has-post-thumbnail","6":"product_cat-lunch-box","7":"product_cat-plastic-lunch-box","8":"product_cat-stainless-steel-lunch-box","9":"pif-has-gallery","11":"first","12":"instock","13":"shipping-taxable","14":"purchasable","15":"product-type-simple"},"acf":[],"_links":{"self":[{"href":"https:\/\/www.auspacekitchenware.com\/es\/wp-json\/wp\/v2\/product\/10470","targetHints":{"allow":["GET"]}}],"collection":[{"href":"https:\/\/www.auspacekitchenware.com\/es\/wp-json\/wp\/v2\/product"}],"about":[{"href":"https:\/\/www.auspacekitchenware.com\/es\/wp-json\/wp\/v2\/types\/product"}],"replies":[{"embeddable":true,"href":"https:\/\/www.auspacekitchenware.com\/es\/wp-json\/wp\/v2\/comments?post=10470"}],"wp:featuredmedia":[{"embeddable":true,"href":"https:\/\/www.auspacekitchenware.com\/es\/wp-json\/wp\/v2\/media\/10472"}],"wp:attachment":[{"href":"https:\/\/www.auspacekitchenware.com\/es\/wp-json\/wp\/v2\/media?parent=10470"}],"wp:term":[{"taxonomy":"product_brand","embeddable":true,"href":"https:\/\/www.auspacekitchenware.com\/es\/wp-json\/wp\/v2\/product_brand?post=10470"},{"taxonomy":"product_cat","embeddable":true,"href":"https:\/\/www.auspacekitchenware.com\/es\/wp-json\/wp\/v2\/product_cat?post=10470"},{"taxonomy":"product_tag","embeddable":true,"href":"https:\/\/www.auspacekitchenware.com\/es\/wp-json\/wp\/v2\/product_tag?post=10470"}],"curies":[{"name":"wp","href":"https:\/\/api.w.org\/{rel}","templated":true}]}}