{"id":10512,"date":"2025-09-03T07:20:45","date_gmt":"2025-09-03T07:20:45","guid":{"rendered":"https:\/\/auspacekitchenware.com\/?post_type=product&#038;p=10512"},"modified":"2025-09-03T07:36:31","modified_gmt":"2025-09-03T07:36:31","slug":"lunch-box-de-2-compartimentos-con-tenedor-al-por-mayor","status":"publish","type":"product","link":"https:\/\/www.auspacekitchenware.com\/es\/2-compartment-lunch-box-with-fork-wholesale\/","title":{"rendered":"Lunch box de dos compartimentos con tenedor al por mayor"},"content":{"rendered":"<p><strong><span class=\"a-list-item\">Comodidad todo en uno: <\/span><\/strong><\/p>\n<p><span class=\"a-list-item\">\u00a1Olv\u00eddate de empacar varios recipientes o de buscar cubiertos! Esta lonchera de dos compartimentos con tenedor incluye un juego de cubiertos integrado, tres compartimentos separados y una correa de nylon resistente, todo ello bien sujeto para que puedas comer de forma r\u00e1pida y sin complicaciones mientras te desplazas.<\/span><\/p>\n<p><strong>Mantenga frescas las ensaladas y las comidas:<\/strong><\/p>\n<p>La tapa herm\u00e9tica cuenta con un anillo de silicona y cierres seguros que conservan la frescura, mientras que el recipiente para alimentos de dos compartimentos, la bandeja para aderezos extra\u00edble incorporada y el recipiente para salsas mantienen las ensaladas y los aderezos separados, para que todo se mantenga crujiente durante todo el d\u00eda y nunca se empape.<\/p>\n<p><strong><span class=\"a-list-item\">Almacenamiento compacto y que ahorra espacio: <\/span><\/strong><\/p>\n<p><span class=\"a-list-item\">El recipiente superior se encaja dentro del inferior para un almacenamiento f\u00e1cil y eficiente, lo que lo hace perfecto para espacios reducidos. Ya sea en casa o fuera de ella, se guarda f\u00e1cilmente y ocupa un espacio m\u00ednimo en tu bolso, mochila o cocina.<\/span><\/p>\n<p><strong><span class=\"a-list-item\">Resistente y ligero:<\/span><\/strong><\/p>\n<p style=\"text-align: left\"><span class=\"a-list-item\"> Dise\u00f1ada para el uso diario, esta lonchera de dos compartimentos con tenedor es resistente y liviana, lo que facilita su transporte en tu bolso o mochila. Ya sea que vayas al trabajo, al gimnasio o de viaje, te ofrece comodidad sin a\u00f1adir volumen ni peso adicionales.<\/span><\/p>","protected":false},"excerpt":{"rendered":"<table style=\"height: 304px\" width=\"672\">\n<tbody>\n<tr>\n<td>Modelo (n\u00famero de producto):<\/td>\n<td>AU-LB0023<\/td>\n<\/tr>\n<tr>\n<td>Tama\u00f1o del producto:<\/td>\n<td>20 x 13,5 x 7 cm<\/td>\n<\/tr>\n<tr>\n<td>Material del producto:<\/td>\n<td>PP + acero inoxidable<\/td>\n<\/tr>\n<tr>\n<td>Color del producto:<\/td>\n<td>Personalizado<\/td>\n<\/tr>\n<tr>\n<td>Informaci\u00f3n sobre el empaque:<\/td>\n<td>24 piezas por caja<\/td>\n<\/tr>\n<tr>\n<td>Cantidad m\u00ednima de pedido:<\/td>\n<td>3000<\/td>\n<\/tr>\n<tr>\n<td>Origen:<\/td>\n<td>China<\/td>\n<\/tr>\n<tr>\n<td>Precio:<\/td>\n<td>Negociaci\u00f3n<\/td>\n<\/tr>\n<\/tbody>\n<\/table>\n<p>&nbsp;<\/p>","protected":false},"featured_media":10513,"comment_status":"open","ping_status":"closed","template":"","meta":{"_acf_changed":false},"product_brand":[],"product_cat":[102,90],"product_tag":[],"class_list":{"0":"post-10512","1":"product","2":"type-product","3":"status-publish","4":"has-post-thumbnail","6":"product_cat-lunch-box","7":"product_cat-stainless-steel-lunch-box","8":"pif-has-gallery","10":"first","11":"instock","12":"shipping-taxable","13":"purchasable","14":"product-type-simple"},"acf":[],"_links":{"self":[{"href":"https:\/\/www.auspacekitchenware.com\/es\/wp-json\/wp\/v2\/product\/10512","targetHints":{"allow":["GET"]}}],"collection":[{"href":"https:\/\/www.auspacekitchenware.com\/es\/wp-json\/wp\/v2\/product"}],"about":[{"href":"https:\/\/www.auspacekitchenware.com\/es\/wp-json\/wp\/v2\/types\/product"}],"replies":[{"embeddable":true,"href":"https:\/\/www.auspacekitchenware.com\/es\/wp-json\/wp\/v2\/comments?post=10512"}],"wp:featuredmedia":[{"embeddable":true,"href":"https:\/\/www.auspacekitchenware.com\/es\/wp-json\/wp\/v2\/media\/10513"}],"wp:attachment":[{"href":"https:\/\/www.auspacekitchenware.com\/es\/wp-json\/wp\/v2\/media?parent=10512"}],"wp:term":[{"taxonomy":"product_brand","embeddable":true,"href":"https:\/\/www.auspacekitchenware.com\/es\/wp-json\/wp\/v2\/product_brand?post=10512"},{"taxonomy":"product_cat","embeddable":true,"href":"https:\/\/www.auspacekitchenware.com\/es\/wp-json\/wp\/v2\/product_cat?post=10512"},{"taxonomy":"product_tag","embeddable":true,"href":"https:\/\/www.auspacekitchenware.com\/es\/wp-json\/wp\/v2\/product_tag?post=10512"}],"curies":[{"name":"wp","href":"https:\/\/api.w.org\/{rel}","templated":true}]}}