{"id":10684,"date":"2025-09-08T07:15:13","date_gmt":"2025-09-08T07:15:13","guid":{"rendered":"https:\/\/auspacekitchenware.com\/?post_type=product&#038;p=10684"},"modified":"2025-09-08T07:22:04","modified_gmt":"2025-09-08T07:22:04","slug":"versatil-juego-de-utensilios-de-cocina-de-aluminio-con-diseno-que-ahorra-espacio-y-caracteristicas-practicas-al-por-mayor","status":"publish","type":"product","link":"https:\/\/www.auspacekitchenware.com\/es\/ersatile-aluminum-cookware-set-with-space-saving-design-and-practical-features-wholesale\/","title":{"rendered":"Juego de utensilios de cocina de aluminio vers\u00e1til con dise\u00f1o que ahorra espacio y caracter\u00edsticas pr\u00e1cticas. Venta al por mayor."},"content":{"rendered":"<h2><strong>Recubrimiento antiadherente de primera calidad<\/strong>:<\/h2>\n<p>Cada pieza del juego de utensilios de cocina de aluminio est\u00e1 recubierta con una capa antiadherente de alta calidad. Este recubrimiento garantiza que los alimentos no se peguen durante la cocci\u00f3n, lo que hace que los procesos de cocci\u00f3n y limpieza sean mucho m\u00e1s f\u00e1ciles y eficientes.<\/p>\n<h2><strong>Estructura innovadora que ahorra espacio<\/strong>:<\/h2>\n<p>El juego presenta un dise\u00f1o innovador que ahorra espacio. Las ollas y sartenes se pueden apilar de forma compacta, lo que resulta ideal para cocinas con espacio de almacenamiento limitado, ya que ayuda a mantener la cocina organizada.<\/p>\n<h2><strong>C\u00f3modas asas desmontables<\/strong>:<\/h2>\n<p>Equipados con c\u00f3modas asas desmontables, estos utensilios de cocina permiten trasladar f\u00e1cilmente las ollas y sartenes de la estufa al horno o a la mesa. Las asas tambi\u00e9n se pueden quitar para facilitar el apilamiento y el almacenamiento.<\/p>\n<h2><strong>Construcci\u00f3n duradera de aluminio<\/strong>:<\/h2>\n<p>Fabricado en aluminio resistente, este juego de utensilios de cocina tiene una excelente conductividad t\u00e9rmica. Se calienta de forma r\u00e1pida y uniforme, lo que garantiza resultados de cocci\u00f3n uniformes y ahorra energ\u00eda durante el proceso de cocci\u00f3n.<\/p>","protected":false},"excerpt":{"rendered":"<p>&nbsp;<\/p>\n<table style=\"height: 304px\" width=\"672\">\n<tbody>\n<tr>\n<td>Modelo (n\u00famero de producto):<\/td>\n<td>AU-CW0125<\/td>\n<\/tr>\n<tr>\n<td>Tama\u00f1o del producto:<\/td>\n<td>Cacerola: 18 x 8,5 cm<br \/>\nCacerola: 20 x 10 cm<br \/>\nSart\u00e9n: 20 x 5,5 cm<br \/>\nSart\u00e9n: 26 x 6 cm<br \/>\nSart\u00e9n: 26 x 8 cm<\/td>\n<\/tr>\n<tr>\n<td>Material del producto:<\/td>\n<td>Aluminio<\/td>\n<\/tr>\n<tr>\n<td>Color del producto:<\/td>\n<td>Personalizado<\/td>\n<\/tr>\n<tr>\n<td>Informaci\u00f3n sobre el empaque:<\/td>\n<td>2 piezas por caja<\/td>\n<\/tr>\n<tr>\n<td>Cantidad m\u00ednima de pedido:<\/td>\n<td>1000 unidades<\/td>\n<\/tr>\n<tr>\n<td>Origen:<\/td>\n<td>China<\/td>\n<\/tr>\n<tr>\n<td>Precio:<\/td>\n<td>Negociaci\u00f3n<\/td>\n<\/tr>\n<\/tbody>\n<\/table>\n<p>&nbsp;<\/p>","protected":false},"featured_media":10690,"comment_status":"open","ping_status":"closed","template":"","meta":{"_acf_changed":false},"product_brand":[],"product_cat":[113,112],"product_tag":[],"class_list":{"0":"post-10684","1":"product","2":"type-product","3":"status-publish","4":"has-post-thumbnail","6":"product_cat-cookware-set","7":"product_cat-cookware","8":"pif-has-gallery","10":"first","11":"instock","12":"shipping-taxable","13":"product-type-simple"},"acf":[],"_links":{"self":[{"href":"https:\/\/www.auspacekitchenware.com\/es\/wp-json\/wp\/v2\/product\/10684","targetHints":{"allow":["GET"]}}],"collection":[{"href":"https:\/\/www.auspacekitchenware.com\/es\/wp-json\/wp\/v2\/product"}],"about":[{"href":"https:\/\/www.auspacekitchenware.com\/es\/wp-json\/wp\/v2\/types\/product"}],"replies":[{"embeddable":true,"href":"https:\/\/www.auspacekitchenware.com\/es\/wp-json\/wp\/v2\/comments?post=10684"}],"wp:featuredmedia":[{"embeddable":true,"href":"https:\/\/www.auspacekitchenware.com\/es\/wp-json\/wp\/v2\/media\/10690"}],"wp:attachment":[{"href":"https:\/\/www.auspacekitchenware.com\/es\/wp-json\/wp\/v2\/media?parent=10684"}],"wp:term":[{"taxonomy":"product_brand","embeddable":true,"href":"https:\/\/www.auspacekitchenware.com\/es\/wp-json\/wp\/v2\/product_brand?post=10684"},{"taxonomy":"product_cat","embeddable":true,"href":"https:\/\/www.auspacekitchenware.com\/es\/wp-json\/wp\/v2\/product_cat?post=10684"},{"taxonomy":"product_tag","embeddable":true,"href":"https:\/\/www.auspacekitchenware.com\/es\/wp-json\/wp\/v2\/product_tag?post=10684"}],"curies":[{"name":"wp","href":"https:\/\/api.w.org\/{rel}","templated":true}]}}