{"id":10742,"date":"2025-09-08T08:25:45","date_gmt":"2025-09-08T08:25:45","guid":{"rendered":"https:\/\/auspacekitchenware.com\/?post_type=product&#038;p=10742"},"modified":"2025-09-08T08:30:07","modified_gmt":"2025-09-08T08:30:07","slug":"sarten-de-aluminio-prensado-de-24-cm-al-por-mayor","status":"publish","type":"product","link":"https:\/\/www.auspacekitchenware.com\/es\/pressed-aluminum-24cm-frypan-wholesale\/","title":{"rendered":"Sart\u00e9n de aluminio prensado de 24 cm al por mayor"},"content":{"rendered":"<h3>Construcci\u00f3n duradera<\/h3>\n<p>Su estructura de aluminio reforzado garantiza una durabilidad y fiabilidad a largo plazo, al tiempo que mantiene un dise\u00f1o ligero. Esta caracter\u00edstica aporta comodidad a tu experiencia culinaria con la sart\u00e9n de aluminio prensado de 24 cm.<\/p>\n<h3>Excepcional rendimiento antiadherente<\/h3>\n<p>Un material de granito antiadherente de alta calidad y mayor dureza, con un rendimiento antiadherente 10 veces superior, garantiza que cocinar a diario con la sart\u00e9n de aluminio prensado de 24 cm sea siempre m\u00e1s seguro y saludable.<\/p>\n<h3>F\u00e1cil de limpiar<\/h3>\n<p>Recomendamos lavar a mano la sart\u00e9n de aluminio prensado de 24 cm, ya que es muy f\u00e1cil de limpiar. Basta con limpiarla con una toalla de papel o enjuagarla con agua para un mantenimiento \u00f3ptimo.<\/p>\n<h3>Calentamiento r\u00e1pido y uniforme<\/h3>\n<p>La sart\u00e9n de aluminio prensado de 24 cm se calienta de manera r\u00e1pida y uniforme, y cuenta con un dise\u00f1o de fondo extendido adecuado para todas las estufas, incluidas las de inducci\u00f3n.<\/p>\n<h3>Garant\u00eda y asistencia t\u00e9cnica<\/h3>\n<p>Ofrecemos una garant\u00eda de 12 meses a partir de la fecha de compra para su sart\u00e9n de aluminio prensado de 24 cm. No dude en ponerse en contacto con nosotros si encuentra alg\u00fan problema de calidad; le garantizamos que recibir\u00e1 una soluci\u00f3n satisfactoria.<\/p>","protected":false},"excerpt":{"rendered":"<table style=\"height: 304px\" width=\"672\">\n<tbody>\n<tr>\n<td>Modelo (n\u00famero de producto):<\/td>\n<td>AU-CW0130<\/td>\n<\/tr>\n<tr>\n<td>Tama\u00f1o del producto:<\/td>\n<td>24 x 4,5 cm<\/td>\n<\/tr>\n<tr>\n<td>Material del producto:<\/td>\n<td>Acero al carbono<\/td>\n<\/tr>\n<tr>\n<td>Color del producto:<\/td>\n<td>Personalizado<\/td>\n<\/tr>\n<tr>\n<td>Informaci\u00f3n sobre el empaque:<\/td>\n<td>8 piezas por caja<\/td>\n<\/tr>\n<tr>\n<td>Cantidad m\u00ednima de pedido:<\/td>\n<td>1200 unidades<\/td>\n<\/tr>\n<tr>\n<td>Origen:<\/td>\n<td>China<\/td>\n<\/tr>\n<tr>\n<td>Precio:<\/td>\n<td>Negociaci\u00f3n<\/td>\n<\/tr>\n<\/tbody>\n<\/table>\n<p>&nbsp;<\/p>","protected":false},"featured_media":10748,"comment_status":"open","ping_status":"closed","template":"","meta":{"_acf_changed":false},"product_brand":[],"product_cat":[114,112],"product_tag":[],"class_list":{"0":"post-10742","1":"product","2":"type-product","3":"status-publish","4":"has-post-thumbnail","6":"product_cat-frypan","7":"product_cat-cookware","8":"pif-has-gallery","10":"first","11":"instock","12":"shipping-taxable","13":"product-type-simple"},"acf":[],"_links":{"self":[{"href":"https:\/\/www.auspacekitchenware.com\/es\/wp-json\/wp\/v2\/product\/10742","targetHints":{"allow":["GET"]}}],"collection":[{"href":"https:\/\/www.auspacekitchenware.com\/es\/wp-json\/wp\/v2\/product"}],"about":[{"href":"https:\/\/www.auspacekitchenware.com\/es\/wp-json\/wp\/v2\/types\/product"}],"replies":[{"embeddable":true,"href":"https:\/\/www.auspacekitchenware.com\/es\/wp-json\/wp\/v2\/comments?post=10742"}],"wp:featuredmedia":[{"embeddable":true,"href":"https:\/\/www.auspacekitchenware.com\/es\/wp-json\/wp\/v2\/media\/10748"}],"wp:attachment":[{"href":"https:\/\/www.auspacekitchenware.com\/es\/wp-json\/wp\/v2\/media?parent=10742"}],"wp:term":[{"taxonomy":"product_brand","embeddable":true,"href":"https:\/\/www.auspacekitchenware.com\/es\/wp-json\/wp\/v2\/product_brand?post=10742"},{"taxonomy":"product_cat","embeddable":true,"href":"https:\/\/www.auspacekitchenware.com\/es\/wp-json\/wp\/v2\/product_cat?post=10742"},{"taxonomy":"product_tag","embeddable":true,"href":"https:\/\/www.auspacekitchenware.com\/es\/wp-json\/wp\/v2\/product_tag?post=10742"}],"curies":[{"name":"wp","href":"https:\/\/api.w.org\/{rel}","templated":true}]}}