{"id":10817,"date":"2025-09-09T02:53:43","date_gmt":"2025-09-09T02:53:43","guid":{"rendered":"https:\/\/auspacekitchenware.com\/?post_type=product&#038;p=10817"},"modified":"2025-09-10T01:36:42","modified_gmt":"2025-09-10T01:36:42","slug":"leak-proof-reusable-silicone-travel-cup-wholesale","status":"publish","type":"product","link":"https:\/\/www.auspacekitchenware.com\/es\/leak-proof-reusable-silicone-travel-cup-wholesale\/","title":{"rendered":"Leak-Proof Reusable Silicone Travel Cup Wholesale"},"content":{"rendered":"<h3><strong><span class=\"a-list-item\">SILICONA DE GRADO ALIMENTICIO 100% SEGURA: <\/span><\/strong><\/h3>\n<p><span class=\"a-list-item\">Leak-Proof Reusable Silicone Travel Cups are safe and built to last! They\u2019re made of 100% food-grade, platinum-cured silicone that is free of BPS, odors, and phthalates. Each Leak-Proof Reusable Silicone Travel Cup, lid, and straw is dishwasher-safe, freezer-friendly, and microwave-safe. Our products will not break, crack, chip, dent, fade, or scratch.<\/span><\/p>\n<h3><strong><span class=\"a-list-item\">THE ORIGINAL SILICONE DRINKWARE: <\/span><\/strong><\/h3>\n<p><span class=\"a-list-item\">Life should be fun and functional! Our products are created to mimic glass shapes we already know and love, have finishes that get a little fancy, and come in colors to suit just about any decor. Silipint offers shatterproof reusable cups, shot glasses, wine glasses, and tableware with endless uses for endless fun!<\/span><\/p>\n<h3><strong><span class=\"a-list-item\">Botella plegable para ni\u00f1os: <\/span><\/strong><\/h3>\n<p><span class=\"a-list-item\">It\u2019s literally never been easier (or more fun) to stay hydrated on the go! This compact bottle holds 14 oz of liquid and collapses down to just 3.3 in. The Leak-Proof Reusable Silicone Travel Cup is great for schooltime sips or a hydration boost at soccer practice. When it\u2019s empty, simply unscrew the cap, collapse it down, and re-screw for a leak-proof seal. We think your little one will love the Mimosa Yellow color. Recommended for ages 6+.<\/span><\/p>\n<h3><strong><span class=\"a-list-item\">A prueba de derrames: <\/span><\/strong><\/h3>\n<p><span class=\"a-list-item\">Los ni\u00f1os pueden llevar esta botella resistente en la canasta de su bicicleta o en la mochila con total tranquilidad. El tap\u00f3n f\u00e1cil de usar se enrosca para garantizar un cierre herm\u00e9tico, por lo que nunca tendr\u00e1s que preocuparte por derrames o fugas.<\/span><\/p>\n<h3><strong><span class=\"a-list-item\">Sano y salvo:<\/span><\/strong><\/h3>\n<p><span class=\"a-list-item\"> Fabricado con silicona platino de grado alimentario y pl\u00e1stico reciclable #5, lo que significa que no contiene BPA, BPS, ftalatos, plomo ni pegamentos.<\/span><\/p>","protected":false},"excerpt":{"rendered":"<table style=\"height: 304px\" width=\"672\">\n<tbody>\n<tr>\n<td>Modelo (n\u00famero de producto):<\/td>\n<td>AU-BT0133<\/td>\n<\/tr>\n<tr>\n<td>Tama\u00f1o del producto:<\/td>\n<td>8.6*24.3*16.5cm,700ML<\/td>\n<\/tr>\n<tr>\n<td>Material del producto:<\/td>\n<td>SILICONE+PP<\/td>\n<\/tr>\n<tr>\n<td>Color del producto:<\/td>\n<td>Personalizado<\/td>\n<\/tr>\n<tr>\n<td>Informaci\u00f3n sobre el empaque:<\/td>\n<td>\u00a0 pieces per carton<\/td>\n<\/tr>\n<tr>\n<td>Cantidad m\u00ednima de pedido:<\/td>\n<td>3000 unidades<\/td>\n<\/tr>\n<tr>\n<td>Origen:<\/td>\n<td>China<\/td>\n<\/tr>\n<tr>\n<td>Precio:<\/td>\n<td>Negociaci\u00f3n<\/td>\n<\/tr>\n<\/tbody>\n<\/table>","protected":false},"featured_media":10818,"comment_status":"open","ping_status":"closed","template":"","meta":{"_acf_changed":false},"product_brand":[],"product_cat":[20,101],"product_tag":[138],"class_list":{"0":"post-10817","1":"product","2":"type-product","3":"status-publish","4":"has-post-thumbnail","6":"product_cat-water-bottles","7":"product_cat-silicon-water-bottle","8":"product_tag-popular","9":"pif-has-gallery","11":"first","12":"instock","13":"shipping-taxable","14":"product-type-simple"},"acf":[],"_links":{"self":[{"href":"https:\/\/www.auspacekitchenware.com\/es\/wp-json\/wp\/v2\/product\/10817","targetHints":{"allow":["GET"]}}],"collection":[{"href":"https:\/\/www.auspacekitchenware.com\/es\/wp-json\/wp\/v2\/product"}],"about":[{"href":"https:\/\/www.auspacekitchenware.com\/es\/wp-json\/wp\/v2\/types\/product"}],"replies":[{"embeddable":true,"href":"https:\/\/www.auspacekitchenware.com\/es\/wp-json\/wp\/v2\/comments?post=10817"}],"wp:featuredmedia":[{"embeddable":true,"href":"https:\/\/www.auspacekitchenware.com\/es\/wp-json\/wp\/v2\/media\/10818"}],"wp:attachment":[{"href":"https:\/\/www.auspacekitchenware.com\/es\/wp-json\/wp\/v2\/media?parent=10817"}],"wp:term":[{"taxonomy":"product_brand","embeddable":true,"href":"https:\/\/www.auspacekitchenware.com\/es\/wp-json\/wp\/v2\/product_brand?post=10817"},{"taxonomy":"product_cat","embeddable":true,"href":"https:\/\/www.auspacekitchenware.com\/es\/wp-json\/wp\/v2\/product_cat?post=10817"},{"taxonomy":"product_tag","embeddable":true,"href":"https:\/\/www.auspacekitchenware.com\/es\/wp-json\/wp\/v2\/product_tag?post=10817"}],"curies":[{"name":"wp","href":"https:\/\/api.w.org\/{rel}","templated":true}]}}